{"id":1016,"date":"2020-08-13T23:09:23","date_gmt":"2020-08-13T21:09:23","guid":{"rendered":"http:\/\/caneri.gmollet.free.fr\/?page_id=1016"},"modified":"2020-08-13T23:09:23","modified_gmt":"2020-08-13T21:09:23","slug":"notions-transversales","status":"publish","type":"page","link":"https:\/\/courscaneri.ovh\/?page_id=1016","title":{"rendered":"Notions transversales"},"content":{"rendered":"<p>Les notions suivantes sont \u00e9tudi\u00e9es tout au long de l&#8217;ann\u00e9e \u00e0 travers les diff\u00e9rents chapitres au programme:<\/p>\n<ul>\n<li>histoire de l&#8217;informatique<\/li>\n<li>la modularit\u00e9<\/li>\n<li>les paradigmes de programmation<\/li>\n<li>mise au point de programmes<\/lI>\n<li>gestion des bugs<\/li>\n<\/ul>\n","protected":false},"excerpt":{"rendered":"<p>Les notions suivantes sont \u00e9tudi\u00e9es tout au long de l&#8217;ann\u00e9e \u00e0 travers les diff\u00e9rents chapitres au programme: histoire de l&#8217;informatique la modularit\u00e9 les paradigmes de programmation mise au point de programmes gestion des bugs<\/p>\n","protected":false},"author":2,"featured_media":0,"parent":892,"menu_order":0,"comment_status":"closed","ping_status":"closed","template":"","meta":{"footnotes":""},"class_list":["post-1016","page","type-page","status-publish","czr-hentry"],"_links":{"self":[{"href":"https:\/\/courscaneri.ovh\/index.php?rest_route=\/wp\/v2\/pages\/1016","targetHints":{"allow":["GET"]}}],"collection":[{"href":"https:\/\/courscaneri.ovh\/index.php?rest_route=\/wp\/v2\/pages"}],"about":[{"href":"https:\/\/courscaneri.ovh\/index.php?rest_route=\/wp\/v2\/types\/page"}],"author":[{"embeddable":true,"href":"https:\/\/courscaneri.ovh\/index.php?rest_route=\/wp\/v2\/users\/2"}],"replies":[{"embeddable":true,"href":"https:\/\/courscaneri.ovh\/index.php?rest_route=%2Fwp%2Fv2%2Fcomments&post=1016"}],"version-history":[{"count":0,"href":"https:\/\/courscaneri.ovh\/index.php?rest_route=\/wp\/v2\/pages\/1016\/revisions"}],"up":[{"embeddable":true,"href":"https:\/\/courscaneri.ovh\/index.php?rest_route=\/wp\/v2\/pages\/892"}],"wp:attachment":[{"href":"https:\/\/courscaneri.ovh\/index.php?rest_route=%2Fwp%2Fv2%2Fmedia&parent=1016"}],"curies":[{"name":"wp","href":"https:\/\/api.w.org\/{rel}","templated":true}]}}