{"id":1025,"date":"2020-08-13T23:18:22","date_gmt":"2020-08-13T21:18:22","guid":{"rendered":"http:\/\/caneri.gmollet.free.fr\/?page_id=1025"},"modified":"2024-06-17T18:17:59","modified_gmt":"2024-06-17T16:17:59","slug":"option-mathematiques-complementaires","status":"publish","type":"page","link":"https:\/\/courscaneri.ovh\/?page_id=1025","title":{"rendered":"Option math\u00e9matiques compl\u00e9mentaires"},"content":{"rendered":"<p>Progression<\/p>\n<table>\n<tr>\n<th>Chapitre N\u00b0<\/th>\n<th>Cours<\/th>\n<th>Contenus<\/th>\n<\/tr>\n<tr>\n<td>01<\/td>\n<td><a href=\"https:\/\/courscaneri.ovh\/?page_id=1045\">Mod\u00e8les d&#8217;\u00e9volution: mod\u00e8le discret<\/a><\/td>\n<td>suites g\u00e9om\u00e9triques, suites arithm\u00e9tico-g\u00e9om\u00e9triques, notions de limite d&#8217;une suite, op\u00e9rations sur les limites<\/td>\n<\/tr>\n<tr>\n<tr>\n<td>02<\/td>\n<td><a href=\"https:\/\/courscaneri.ovh\/?page_id=1047\">Mod\u00e8les d\u00e9finis par une fonction d&#8217;une variable<\/a><\/td>\n<td>Notion de limite d&#8217;une fonction, op\u00e9rations sur les limites, continuit\u00e9, asymptotes, d\u00e9rivation, fonctions convexes<\/td>\n<\/tr>\n<tr>\n<td>03<\/td>\n<td><a href=\"https:\/\/courscaneri.ovh\/?page_id=1049\">Inf\u00e9rence bay\u00e9sienne<\/a><\/td>\n<td>Probabilit\u00e9s conditionnelles, partition de l&#8217;univers,  formule de Bayes<\/td>\n<\/tr>\n<tr>\n<td>04<\/td>\n<td><a href=\"https:\/\/courscaneri.ovh\/?page_id=1051\">Approche historique de la fonction logarithme<\/a><\/td>\n<td>Fonctions r\u00e9ciproques, fonction logarithme n\u00e9p\u00e9rien<\/td>\n<\/tr>\n<tr>\n<td>05<\/td>\n<td><a href=\"https:\/\/courscaneri.ovh\/?page_id=1053\">R\u00e9p\u00e9tition d&#8217;exp\u00e9riences ind\u00e9pendantes &#8211; \u00e9chantillonnage<\/a><\/td>\n<td>Loi uniforme discr\u00e8te, loi de Bernoulli, loi binomiale, coefficients binomiaux, loi g\u00e9om\u00e9trique<\/td>\n<\/tr>\n<tr>\n<td>06<\/td>\n<td><a href=\"https:\/\/courscaneri.ovh\/?page_id=1055\">Mod\u00e8les d&#8217;\u00e9volution: mod\u00e8le continu<\/a><\/td>\n<td>Primitives d&#8217;une fonction, Equations diff\u00e9rentielles<\/td>\n<\/tr>\n<tr>\n<td>07<\/td>\n<td><a href=\"https:\/\/courscaneri.ovh\/?page_id=1057\">Calculs d&#8217;aires<\/a><\/td>\n<td>Int\u00e9grale d&#8217;une fonction continue et positive, valeur moyenne d&#8217;une fonction sur un intervalle, approximation d&#8217;une int\u00e9grale d&#8217;une fonction continue positive croissante, int\u00e9grale d&#8217;une fonction continue de signe quelconque sur un intervalle<\/td>\n<\/tr>\n<tr>\n<td>08<\/td>\n<td><a href=\"https:\/\/courscaneri.ovh\/?page_id=1239\">Temps d&#8217;attente<\/a><\/td>\n<td>Loi \u00e0 densit\u00e9, esp\u00e9rance et variance d&#8217;une loi \u00e0 densit\u00e9, loi uniforme sur [0;1], loi exponentielle, fonction de r\u00e9partition<\/td>\n<\/tr>\n<tr>\n<td>09<\/td>\n<td><a href=\"https:\/\/courscaneri.ovh\/?page_id=3432\">Corr\u00e9lation et causalit\u00e9<\/a><\/td>\n<td>Nuage de points, point moyen, ajustement affine, coefficient de corr\u00e9lation, changement de variable se ramenant \u00e0 un ajustement affine, interpolation et extrapolation<\/td>\n<\/tr>\n<tr>\n<td>10<\/td>\n<td><a href=\"https:\/\/courscaneri.ovh\/?page_id=2666\">R\u00e9partition des richesses, in\u00e9galit\u00e9s<\/a><\/td>\n<td>M\u00e9diane, quartiles, d\u00e9ciles, fonction d&#8217;une variable, convexit\u00e9, calcul int\u00e9gral<\/td>\n<\/tr>\n<\/table>\n","protected":false},"excerpt":{"rendered":"<p>Progression Chapitre N\u00b0 Cours Contenus 01 Mod\u00e8les d&#8217;\u00e9volution: mod\u00e8le discret suites g\u00e9om\u00e9triques, suites arithm\u00e9tico-g\u00e9om\u00e9triques, notions de limite d&#8217;une suite, op\u00e9rations sur les limites 02 Mod\u00e8les d\u00e9finis par une fonction d&#8217;une variable Notion de limite d&#8217;une fonction, op\u00e9rations sur les limites, continuit\u00e9, asymptotes, d\u00e9rivation, fonctions convexes 03 Inf\u00e9rence bay\u00e9sienne Probabilit\u00e9s conditionnelles, partition de l&#8217;univers, formule de [&hellip;]<\/p>\n","protected":false},"author":2,"featured_media":0,"parent":201,"menu_order":1,"comment_status":"closed","ping_status":"closed","template":"","meta":{"footnotes":""},"class_list":["post-1025","page","type-page","status-publish","czr-hentry"],"_links":{"self":[{"href":"https:\/\/courscaneri.ovh\/index.php?rest_route=\/wp\/v2\/pages\/1025","targetHints":{"allow":["GET"]}}],"collection":[{"href":"https:\/\/courscaneri.ovh\/index.php?rest_route=\/wp\/v2\/pages"}],"about":[{"href":"https:\/\/courscaneri.ovh\/index.php?rest_route=\/wp\/v2\/types\/page"}],"author":[{"embeddable":true,"href":"https:\/\/courscaneri.ovh\/index.php?rest_route=\/wp\/v2\/users\/2"}],"replies":[{"embeddable":true,"href":"https:\/\/courscaneri.ovh\/index.php?rest_route=%2Fwp%2Fv2%2Fcomments&post=1025"}],"version-history":[{"count":2,"href":"https:\/\/courscaneri.ovh\/index.php?rest_route=\/wp\/v2\/pages\/1025\/revisions"}],"predecessor-version":[{"id":4103,"href":"https:\/\/courscaneri.ovh\/index.php?rest_route=\/wp\/v2\/pages\/1025\/revisions\/4103"}],"up":[{"embeddable":true,"href":"https:\/\/courscaneri.ovh\/index.php?rest_route=\/wp\/v2\/pages\/201"}],"wp:attachment":[{"href":"https:\/\/courscaneri.ovh\/index.php?rest_route=%2Fwp%2Fv2%2Fmedia&parent=1025"}],"curies":[{"name":"wp","href":"https:\/\/api.w.org\/{rel}","templated":true}]}}