{"id":1045,"date":"2020-08-28T13:42:12","date_gmt":"2020-08-28T11:42:12","guid":{"rendered":"http:\/\/caneri.gmollet.free.fr\/?page_id=1045"},"modified":"2023-09-13T16:18:49","modified_gmt":"2023-09-13T14:18:49","slug":"modeles-devolution-modele-discret","status":"publish","type":"page","link":"https:\/\/courscaneri.ovh\/?page_id=1045","title":{"rendered":"Chapitre 01 &#8211; Mod\u00e8les d&#8217;\u00e9volution: mod\u00e8le discret"},"content":{"rendered":"<a href=\"https:\/\/courscaneri.ovh\/wp-content\/uploads\/2023\/09\/chapitre-01-modeles-devolution-modele-discret.pdf\" class=\"pdfemb-viewer\" style=\"\" data-width=\"max\" data-height=\"max\" data-toolbar=\"both\" data-toolbar-fixed=\"off\">chapitre 01 - mod\u00e8les d&#039;\u00e9volution - mod\u00e8le discret<\/a>\n","protected":false},"excerpt":{"rendered":"","protected":false},"author":2,"featured_media":0,"parent":1025,"menu_order":1,"comment_status":"closed","ping_status":"closed","template":"","meta":{"footnotes":""},"class_list":["post-1045","page","type-page","status-publish","czr-hentry"],"_links":{"self":[{"href":"https:\/\/courscaneri.ovh\/index.php?rest_route=\/wp\/v2\/pages\/1045","targetHints":{"allow":["GET"]}}],"collection":[{"href":"https:\/\/courscaneri.ovh\/index.php?rest_route=\/wp\/v2\/pages"}],"about":[{"href":"https:\/\/courscaneri.ovh\/index.php?rest_route=\/wp\/v2\/types\/page"}],"author":[{"embeddable":true,"href":"https:\/\/courscaneri.ovh\/index.php?rest_route=\/wp\/v2\/users\/2"}],"replies":[{"embeddable":true,"href":"https:\/\/courscaneri.ovh\/index.php?rest_route=%2Fwp%2Fv2%2Fcomments&post=1045"}],"version-history":[{"count":1,"href":"https:\/\/courscaneri.ovh\/index.php?rest_route=\/wp\/v2\/pages\/1045\/revisions"}],"predecessor-version":[{"id":3959,"href":"https:\/\/courscaneri.ovh\/index.php?rest_route=\/wp\/v2\/pages\/1045\/revisions\/3959"}],"up":[{"embeddable":true,"href":"https:\/\/courscaneri.ovh\/index.php?rest_route=\/wp\/v2\/pages\/1025"}],"wp:attachment":[{"href":"https:\/\/courscaneri.ovh\/index.php?rest_route=%2Fwp%2Fv2%2Fmedia&parent=1045"}],"curies":[{"name":"wp","href":"https:\/\/api.w.org\/{rel}","templated":true}]}}