{"id":1188,"date":"2020-11-08T16:19:49","date_gmt":"2020-11-08T15:19:49","guid":{"rendered":"http:\/\/caneri.gmollet.free.fr\/?page_id=1188"},"modified":"2023-09-13T14:49:54","modified_gmt":"2023-09-13T12:49:54","slug":"les-mouvements-de-camera","status":"publish","type":"page","link":"https:\/\/courscaneri.ovh\/?page_id=1188","title":{"rendered":"Les mouvements de cam\u00e9ra"},"content":{"rendered":"<h2>Le travelling<\/h2>\n<p>D\u00e9placement de la cam\u00e9ra par translation soit vers l\u2019avant, vers l\u2019arri\u00e8re, lat\u00e9ralement, de haut en bas ou de bas en haut. Il peut servir \u00e0 accompagner un personnage dans un d\u00e9placement.<\/p>\n<table>\n<thead>\n<tr>\n<th style=\"text-align: center;\">Nom<\/th>\n<th style=\"text-align: center;\">Plan au sol<\/th>\n<\/tr>\n<\/thead>\n<tbody>\n<tr>\n<td style=\"text-align: center;\">travelling avant<\/td>\n<td style=\"text-align: center;\"><img loading=\"lazy\" decoding=\"async\" class=\"alignnone size-medium wp-image-3859\" src=\"http:\/\/courscaneri.ovh\/wp-content\/uploads\/2023\/09\/trav_av-300x88.png\" alt=\"\" width=\"300\" height=\"88\" srcset=\"https:\/\/courscaneri.ovh\/wp-content\/uploads\/2023\/09\/trav_av-300x88.png 300w, https:\/\/courscaneri.ovh\/wp-content\/uploads\/2023\/09\/trav_av-1024x300.png 1024w, https:\/\/courscaneri.ovh\/wp-content\/uploads\/2023\/09\/trav_av-768x225.png 768w, https:\/\/courscaneri.ovh\/wp-content\/uploads\/2023\/09\/trav_av.png 1432w\" sizes=\"auto, (max-width: 300px) 100vw, 300px\" \/><\/td>\n<\/tr>\n<tr>\n<td style=\"text-align: center;\">travelling arri\u00e8re<\/td>\n<td style=\"text-align: center;\"><img loading=\"lazy\" decoding=\"async\" class=\"alignnone size-medium wp-image-3858\" src=\"http:\/\/courscaneri.ovh\/wp-content\/uploads\/2023\/09\/trav_ar-300x88.png\" alt=\"\" width=\"300\" height=\"88\" srcset=\"https:\/\/courscaneri.ovh\/wp-content\/uploads\/2023\/09\/trav_ar-300x88.png 300w, https:\/\/courscaneri.ovh\/wp-content\/uploads\/2023\/09\/trav_ar-1024x300.png 1024w, https:\/\/courscaneri.ovh\/wp-content\/uploads\/2023\/09\/trav_ar-768x225.png 768w, https:\/\/courscaneri.ovh\/wp-content\/uploads\/2023\/09\/trav_ar.png 1432w\" sizes=\"auto, (max-width: 300px) 100vw, 300px\" \/><\/td>\n<\/tr>\n<tr>\n<td style=\"text-align: center;\">travelling lat\u00e9ral gauche<\/td>\n<td style=\"text-align: center;\"><img loading=\"lazy\" decoding=\"async\" class=\"alignnone size-medium wp-image-3863\" src=\"http:\/\/courscaneri.ovh\/wp-content\/uploads\/2023\/09\/trav_lat_g-300x134.png\" alt=\"\" width=\"300\" height=\"134\" srcset=\"https:\/\/courscaneri.ovh\/wp-content\/uploads\/2023\/09\/trav_lat_g-300x134.png 300w, https:\/\/courscaneri.ovh\/wp-content\/uploads\/2023\/09\/trav_lat_g-1024x456.png 1024w, https:\/\/courscaneri.ovh\/wp-content\/uploads\/2023\/09\/trav_lat_g-768x342.png 768w, https:\/\/courscaneri.ovh\/wp-content\/uploads\/2023\/09\/trav_lat_g.png 1078w\" sizes=\"auto, (max-width: 300px) 100vw, 300px\" \/><\/td>\n<\/tr>\n<tr>\n<td style=\"text-align: center;\">travelling lat\u00e9rale droit<\/td>\n<td style=\"text-align: center;\"><img loading=\"lazy\" decoding=\"async\" class=\"alignnone size-medium wp-image-3862\" src=\"http:\/\/courscaneri.ovh\/wp-content\/uploads\/2023\/09\/trav_lat_d-300x134.png\" alt=\"\" width=\"300\" height=\"134\" srcset=\"https:\/\/courscaneri.ovh\/wp-content\/uploads\/2023\/09\/trav_lat_d-300x134.png 300w, https:\/\/courscaneri.ovh\/wp-content\/uploads\/2023\/09\/trav_lat_d-1024x456.png 1024w, https:\/\/courscaneri.ovh\/wp-content\/uploads\/2023\/09\/trav_lat_d-768x342.png 768w, https:\/\/courscaneri.ovh\/wp-content\/uploads\/2023\/09\/trav_lat_d.png 1078w\" sizes=\"auto, (max-width: 300px) 100vw, 300px\" \/><\/td>\n<\/tr>\n<\/tbody>\n<\/table>\n<h2>Travelling circulaire<\/h2>\n<p>Le travelling circulaire est un travelling sur un cercle et non pas lin\u00e9aire. Il sert \u00e0 tourner autour d\u2019un objet.<\/p>\n<table>\n<thead>\n<tr>\n<th style=\"text-align: center;\">Nom<\/th>\n<th style=\"text-align: center;\">Plan au sol<\/th>\n<\/tr>\n<\/thead>\n<tbody>\n<tr>\n<td style=\"text-align: center;\">travelling circulaire sens horaire<\/td>\n<td style=\"text-align: center;\"><img loading=\"lazy\" decoding=\"async\" class=\"alignnone size-medium wp-image-3861\" src=\"http:\/\/courscaneri.ovh\/wp-content\/uploads\/2023\/09\/trav_circ_horaire-300x295.png\" alt=\"\" width=\"300\" height=\"295\" srcset=\"https:\/\/courscaneri.ovh\/wp-content\/uploads\/2023\/09\/trav_circ_horaire-300x295.png 300w, https:\/\/courscaneri.ovh\/wp-content\/uploads\/2023\/09\/trav_circ_horaire-1024x1006.png 1024w, https:\/\/courscaneri.ovh\/wp-content\/uploads\/2023\/09\/trav_circ_horaire-768x755.png 768w, https:\/\/courscaneri.ovh\/wp-content\/uploads\/2023\/09\/trav_circ_horaire.png 1332w\" sizes=\"auto, (max-width: 300px) 100vw, 300px\" \/><\/td>\n<\/tr>\n<tr>\n<td style=\"text-align: center;\">travelling circulaire sens anti-horaire<\/td>\n<td style=\"text-align: center;\"><img loading=\"lazy\" decoding=\"async\" class=\"alignnone size-medium wp-image-3860\" src=\"http:\/\/courscaneri.ovh\/wp-content\/uploads\/2023\/09\/trav_circ_anti_horaire-300x295.png\" alt=\"\" width=\"300\" height=\"295\" srcset=\"https:\/\/courscaneri.ovh\/wp-content\/uploads\/2023\/09\/trav_circ_anti_horaire-300x295.png 300w, https:\/\/courscaneri.ovh\/wp-content\/uploads\/2023\/09\/trav_circ_anti_horaire-1024x1006.png 1024w, https:\/\/courscaneri.ovh\/wp-content\/uploads\/2023\/09\/trav_circ_anti_horaire-768x755.png 768w, https:\/\/courscaneri.ovh\/wp-content\/uploads\/2023\/09\/trav_circ_anti_horaire.png 1332w\" sizes=\"auto, (max-width: 300px) 100vw, 300px\" \/><\/td>\n<\/tr>\n<\/tbody>\n<\/table>\n<h2>Le panoramique<\/h2>\n<p>Rotation de la cam\u00e9ra autour d\u2019un axe. Le panoramique horizontale balaie l\u2019espace de gauche \u00e0 droite ou de droite \u00e0 gauche. Le panoramique vertical balaie l\u2019espace de haut en bas ou de bas en haut. Sa trajectoire en arc de cercle mat\u00e9rialise par exemple le regard d\u2019une personne immobile. Il peut suivre une personne ou un objet en mouvement.<\/p>\n<table>\n<thead>\n<tr>\n<th style=\"text-align: center;\">Nom<\/th>\n<th style=\"text-align: center;\">Plan au sol<\/th>\n<\/tr>\n<\/thead>\n<tbody>\n<tr>\n<td style=\"text-align: center;\">panoramique droit<\/td>\n<td style=\"text-align: center;\"><img loading=\"lazy\" decoding=\"async\" class=\"alignnone size-medium wp-image-3853\" src=\"http:\/\/courscaneri.ovh\/wp-content\/uploads\/2023\/09\/pano_d-300x279.png\" alt=\"\" width=\"300\" height=\"279\" srcset=\"https:\/\/courscaneri.ovh\/wp-content\/uploads\/2023\/09\/pano_d-300x279.png 300w, https:\/\/courscaneri.ovh\/wp-content\/uploads\/2023\/09\/pano_d-270x250.png 270w, https:\/\/courscaneri.ovh\/wp-content\/uploads\/2023\/09\/pano_d.png 638w\" sizes=\"auto, (max-width: 300px) 100vw, 300px\" \/><\/td>\n<\/tr>\n<tr>\n<td style=\"text-align: center;\">panoramique gauche<\/td>\n<td style=\"text-align: center;\"><img loading=\"lazy\" decoding=\"async\" class=\"alignnone size-medium wp-image-3854\" src=\"http:\/\/courscaneri.ovh\/wp-content\/uploads\/2023\/09\/pano_g-300x279.png\" alt=\"\" width=\"300\" height=\"279\" srcset=\"https:\/\/courscaneri.ovh\/wp-content\/uploads\/2023\/09\/pano_g-300x279.png 300w, https:\/\/courscaneri.ovh\/wp-content\/uploads\/2023\/09\/pano_g-270x250.png 270w, https:\/\/courscaneri.ovh\/wp-content\/uploads\/2023\/09\/pano_g.png 638w\" sizes=\"auto, (max-width: 300px) 100vw, 300px\" \/><\/td>\n<\/tr>\n<\/tbody>\n<\/table>\n<h2>Le panotravelling<\/h2>\n<p>Combinaison du panoramique et du travelling.<\/p>\n<table>\n<thead>\n<tr>\n<th style=\"text-align: center;\">Nom<\/th>\n<th style=\"text-align: center;\">Plan au sol<\/th>\n<\/tr>\n<\/thead>\n<tbody>\n<tr>\n<td style=\"text-align: center;\">panotravellling avant droit<\/td>\n<td style=\"text-align: center;\"><img loading=\"lazy\" decoding=\"async\" class=\"alignnone size-medium wp-image-3855\" src=\"http:\/\/courscaneri.ovh\/wp-content\/uploads\/2023\/09\/pano_trav-300x119.png\" alt=\"\" width=\"300\" height=\"119\" srcset=\"https:\/\/courscaneri.ovh\/wp-content\/uploads\/2023\/09\/pano_trav-300x119.png 300w, https:\/\/courscaneri.ovh\/wp-content\/uploads\/2023\/09\/pano_trav-1024x407.png 1024w, https:\/\/courscaneri.ovh\/wp-content\/uploads\/2023\/09\/pano_trav-768x305.png 768w, https:\/\/courscaneri.ovh\/wp-content\/uploads\/2023\/09\/pano_trav-1110x444.png 1110w, https:\/\/courscaneri.ovh\/wp-content\/uploads\/2023\/09\/pano_trav.png 1249w\" sizes=\"auto, (max-width: 300px) 100vw, 300px\" \/><\/td>\n<\/tr>\n<\/tbody>\n<\/table>\n<h2>Travelling optique ou zoom<\/h2>\n<p>Changement de focale sans d\u00e9placer la cam\u00e9ra. Il permet de passer du grand angulaire \u00e0 la longue focale. Produit une illusion de mouvement avant ou arri\u00e8re.<\/p>\n<table>\n<thead>\n<tr>\n<th style=\"text-align: center;\">Nom<\/th>\n<th style=\"text-align: center;\">Plan au sol<\/th>\n<\/tr>\n<\/thead>\n<tbody>\n<tr>\n<td style=\"text-align: center;\">zoom avant<\/td>\n<td style=\"text-align: center;\"><img loading=\"lazy\" decoding=\"async\" class=\"alignnone size-medium wp-image-3866\" src=\"http:\/\/courscaneri.ovh\/wp-content\/uploads\/2023\/09\/zoom_av-300x200.png\" alt=\"\" width=\"300\" height=\"200\" srcset=\"https:\/\/courscaneri.ovh\/wp-content\/uploads\/2023\/09\/zoom_av-300x200.png 300w, https:\/\/courscaneri.ovh\/wp-content\/uploads\/2023\/09\/zoom_av.png 603w\" sizes=\"auto, (max-width: 300px) 100vw, 300px\" \/><\/td>\n<\/tr>\n<tr>\n<td style=\"text-align: center;\">zoom arri\u00e8re<\/td>\n<td style=\"text-align: center;\"><img loading=\"lazy\" decoding=\"async\" class=\"alignnone size-medium wp-image-3864\" src=\"http:\/\/courscaneri.ovh\/wp-content\/uploads\/2023\/09\/zoom_ar-copie-300x212.png\" alt=\"\" width=\"300\" height=\"212\" srcset=\"https:\/\/courscaneri.ovh\/wp-content\/uploads\/2023\/09\/zoom_ar-copie-300x212.png 300w, https:\/\/courscaneri.ovh\/wp-content\/uploads\/2023\/09\/zoom_ar-copie.png 571w\" sizes=\"auto, (max-width: 300px) 100vw, 300px\" \/><\/td>\n<\/tr>\n<\/tbody>\n<\/table>\n<h2>Travelling compens\u00e9<\/h2>\n<p>Il combine un travelling et un zoom de sens contraires : un travelling avant et un zoom arri\u00e8re ou un travelling arri\u00e8re et un zoom avant. Le sujet principal reste cadr\u00e9 de la m\u00eame mani\u00e8re alors que le d\u00e9cor change de perspective. On utilise ce mouvement pour cr\u00e9er un malaise, un angoisse, etc.<\/p>\n<table>\n<thead>\n<tr>\n<th style=\"text-align: center;\">Nom<\/th>\n<th style=\"text-align: center;\">Plan au sol<\/th>\n<\/tr>\n<\/thead>\n<tbody>\n<tr>\n<td style=\"text-align: center;\">travelling compens\u00e9 avant<\/td>\n<td style=\"text-align: center;\"><img loading=\"lazy\" decoding=\"async\" class=\"alignnone size-medium wp-image-3856\" src=\"http:\/\/courscaneri.ovh\/wp-content\/uploads\/2023\/09\/trans_trav-300x86.png\" alt=\"\" width=\"300\" height=\"86\" srcset=\"https:\/\/courscaneri.ovh\/wp-content\/uploads\/2023\/09\/trans_trav-300x86.png 300w, https:\/\/courscaneri.ovh\/wp-content\/uploads\/2023\/09\/trans_trav-1024x293.png 1024w, https:\/\/courscaneri.ovh\/wp-content\/uploads\/2023\/09\/trans_trav-768x220.png 768w, https:\/\/courscaneri.ovh\/wp-content\/uploads\/2023\/09\/trans_trav.png 1332w\" sizes=\"auto, (max-width: 300px) 100vw, 300px\" \/><\/td>\n<\/tr>\n<tr>\n<td style=\"text-align: center;\">travelling compens\u00e9 arri\u00e8re<\/td>\n<td style=\"text-align: center;\"><img loading=\"lazy\" decoding=\"async\" class=\"alignnone size-medium wp-image-3857\" src=\"http:\/\/courscaneri.ovh\/wp-content\/uploads\/2023\/09\/trans_trav2-300x86.png\" alt=\"\" width=\"300\" height=\"86\" srcset=\"https:\/\/courscaneri.ovh\/wp-content\/uploads\/2023\/09\/trans_trav2-300x86.png 300w, https:\/\/courscaneri.ovh\/wp-content\/uploads\/2023\/09\/trans_trav2-1024x293.png 1024w, https:\/\/courscaneri.ovh\/wp-content\/uploads\/2023\/09\/trans_trav2-768x220.png 768w, https:\/\/courscaneri.ovh\/wp-content\/uploads\/2023\/09\/trans_trav2.png 1332w\" sizes=\"auto, (max-width: 300px) 100vw, 300px\" \/><\/td>\n<\/tr>\n<\/tbody>\n<\/table>\n","protected":false},"excerpt":{"rendered":"<p>Le travelling D\u00e9placement de la cam\u00e9ra par translation soit vers l\u2019avant, vers l\u2019arri\u00e8re, lat\u00e9ralement, de haut en bas ou de bas en haut. Il peut servir \u00e0 accompagner un personnage dans un d\u00e9placement. Nom Plan au sol travelling avant travelling arri\u00e8re travelling lat\u00e9ral gauche travelling lat\u00e9rale droit Travelling circulaire Le travelling circulaire est un travelling [&hellip;]<\/p>\n","protected":false},"author":2,"featured_media":0,"parent":196,"menu_order":7,"comment_status":"closed","ping_status":"closed","template":"","meta":{"footnotes":""},"class_list":["post-1188","page","type-page","status-publish","czr-hentry"],"_links":{"self":[{"href":"https:\/\/courscaneri.ovh\/index.php?rest_route=\/wp\/v2\/pages\/1188","targetHints":{"allow":["GET"]}}],"collection":[{"href":"https:\/\/courscaneri.ovh\/index.php?rest_route=\/wp\/v2\/pages"}],"about":[{"href":"https:\/\/courscaneri.ovh\/index.php?rest_route=\/wp\/v2\/types\/page"}],"author":[{"embeddable":true,"href":"https:\/\/courscaneri.ovh\/index.php?rest_route=\/wp\/v2\/users\/2"}],"replies":[{"embeddable":true,"href":"https:\/\/courscaneri.ovh\/index.php?rest_route=%2Fwp%2Fv2%2Fcomments&post=1188"}],"version-history":[{"count":2,"href":"https:\/\/courscaneri.ovh\/index.php?rest_route=\/wp\/v2\/pages\/1188\/revisions"}],"predecessor-version":[{"id":3868,"href":"https:\/\/courscaneri.ovh\/index.php?rest_route=\/wp\/v2\/pages\/1188\/revisions\/3868"}],"up":[{"embeddable":true,"href":"https:\/\/courscaneri.ovh\/index.php?rest_route=\/wp\/v2\/pages\/196"}],"wp:attachment":[{"href":"https:\/\/courscaneri.ovh\/index.php?rest_route=%2Fwp%2Fv2%2Fmedia&parent=1188"}],"curies":[{"name":"wp","href":"https:\/\/api.w.org\/{rel}","templated":true}]}}