{"id":1190,"date":"2020-11-08T16:20:42","date_gmt":"2020-11-08T15:20:42","guid":{"rendered":"http:\/\/caneri.gmollet.free.fr\/?page_id=1190"},"modified":"2020-11-08T16:20:42","modified_gmt":"2020-11-08T15:20:42","slug":"composition-de-limage","status":"publish","type":"page","link":"https:\/\/courscaneri.ovh\/?page_id=1190","title":{"rendered":"Composition de l&#039;image"},"content":{"rendered":"<h2>La r\u00e8gle des tiers<\/h2>\n<hr \/>\n<p>L\u2019harmonie de la composition d\u2019une image est une valeur esth\u00e9tique, culturelle qui nous vient des<br \/>\nrecherches faites par les peintres italiens du quattrocentro (XV\u00e8me sci\u00e8cle italien, d\u00e9but de la renaissance).<br \/>\nCette harmonie repose sur le principe de la r\u00e8gle des tiers qui \u00e9tablit une asym\u00e9trie donnant \u00e0 l\u2019image un<br \/>\nd\u00e9s\u00e9quilibre dynamique qui soutient l\u2019attention. La r\u00e8gle des tiers organise la composition d\u2019une image<br \/>\nrectangulaire en tiers verticaux et horizontaux.<br \/>\nLes lignes verticales et horizontales qui s\u00e9parent l\u2019image en tiers sont les lignes de force de cette image et les intersections entre ces lignes sont les points forts de l\u2019image.<br \/>\nCe sont ces lignes et ces points qui cr\u00e9ent l\u2019ossature de l\u2019image et guident le regard. Par les points forts de l\u2019image peuvent passer des diagonales qui reproduisent les lois de la perspective.<br \/>\nIl est d\u00e9conseill\u00e9 de placer un sujet principal en plein centre du cadrage (sauf tr\u00e8s gros plan). Il faut \u00e9viter de placer une ligne verticale (arbre) ou horizontale (ligne d\u2019horizon) au centre de l\u2019image.<\/p>\n<p><img decoding=\"async\" src=\"http:\/\/caneri.gmollet.free.fr\/wp-content\/uploads\/2020\/11\/regle_tiers-300x227.jpg\" width=400><\/p>\n","protected":false},"excerpt":{"rendered":"<p>La r\u00e8gle des tiers L\u2019harmonie de la composition d\u2019une image est une valeur esth\u00e9tique, culturelle qui nous vient des recherches faites par les peintres italiens du quattrocentro (XV\u00e8me sci\u00e8cle italien, d\u00e9but de la renaissance). Cette harmonie repose sur le principe de la r\u00e8gle des tiers qui \u00e9tablit une asym\u00e9trie donnant \u00e0 l\u2019image un d\u00e9s\u00e9quilibre dynamique [&hellip;]<\/p>\n","protected":false},"author":2,"featured_media":0,"parent":196,"menu_order":5,"comment_status":"closed","ping_status":"closed","template":"","meta":{"footnotes":""},"class_list":["post-1190","page","type-page","status-publish","czr-hentry"],"_links":{"self":[{"href":"https:\/\/courscaneri.ovh\/index.php?rest_route=\/wp\/v2\/pages\/1190","targetHints":{"allow":["GET"]}}],"collection":[{"href":"https:\/\/courscaneri.ovh\/index.php?rest_route=\/wp\/v2\/pages"}],"about":[{"href":"https:\/\/courscaneri.ovh\/index.php?rest_route=\/wp\/v2\/types\/page"}],"author":[{"embeddable":true,"href":"https:\/\/courscaneri.ovh\/index.php?rest_route=\/wp\/v2\/users\/2"}],"replies":[{"embeddable":true,"href":"https:\/\/courscaneri.ovh\/index.php?rest_route=%2Fwp%2Fv2%2Fcomments&post=1190"}],"version-history":[{"count":0,"href":"https:\/\/courscaneri.ovh\/index.php?rest_route=\/wp\/v2\/pages\/1190\/revisions"}],"up":[{"embeddable":true,"href":"https:\/\/courscaneri.ovh\/index.php?rest_route=\/wp\/v2\/pages\/196"}],"wp:attachment":[{"href":"https:\/\/courscaneri.ovh\/index.php?rest_route=%2Fwp%2Fv2%2Fmedia&parent=1190"}],"curies":[{"name":"wp","href":"https:\/\/api.w.org\/{rel}","templated":true}]}}