{"id":196,"date":"2019-08-13T21:59:09","date_gmt":"2019-08-13T19:59:09","guid":{"rendered":"http:\/\/caneri.gmollet.free.fr\/?page_id=196"},"modified":"2024-03-18T21:04:00","modified_gmt":"2024-03-18T20:04:00","slug":"cinema-audiovisuel","status":"publish","type":"page","link":"https:\/\/courscaneri.ovh\/?page_id=196","title":{"rendered":"Cin\u00e9ma audiovisuel"},"content":{"rendered":"<p><a href=\"https:\/\/courscaneri.ovh\/?page_id=585\">Utilisation du tr\u00e9pied et du microphone<\/a><br \/>\n<a href=\"https:\/\/courscaneri.ovh\/?page_id=587\">Utilisation de la cam\u00e9ra<\/a><br \/>\n<a href=\"https:\/\/courscaneri.ovh\/?page_id=377\">Protocole d&#8217;utilisation du mat\u00e9riel<\/a><br \/>\n<a href=\"https:\/\/courscaneri.ovh\/?page_id=1190\">Composition d&#8217;une image<\/a><br \/>\n<a href=\"https:\/\/courscaneri.ovh\/?page_id=3419\">Caract\u00e9ristiques d&#8217;une image<\/a><br \/>\n<a href=\"https:\/\/courscaneri.ovh\/?page_id=3423\">Les axes<\/a><br \/>\n<a href=\"https:\/\/courscaneri.ovh\/?page_id=3421\">Les angles de prise de vue<\/a><br \/>\n<a href=\"https:\/\/courscaneri.ovh\/?page_id=1188\">Les mouvements de cam\u00e9ra<\/a><br \/>\n<a href=\"https:\/\/courscaneri.ovh\/?page_id=2566\">La r\u00e9daction d&#8217;un sc\u00e9nario<\/a><\/p>\n","protected":false},"excerpt":{"rendered":"<p>Utilisation du tr\u00e9pied et du microphone Utilisation de la cam\u00e9ra Protocole d&#8217;utilisation du mat\u00e9riel Composition d&#8217;une image Caract\u00e9ristiques d&#8217;une image Les axes Les angles de prise de vue Les mouvements de cam\u00e9ra La r\u00e9daction d&#8217;un sc\u00e9nario<\/p>\n","protected":false},"author":2,"featured_media":0,"parent":61,"menu_order":0,"comment_status":"closed","ping_status":"closed","template":"","meta":{"footnotes":""},"class_list":["post-196","page","type-page","status-publish","czr-hentry"],"_links":{"self":[{"href":"https:\/\/courscaneri.ovh\/index.php?rest_route=\/wp\/v2\/pages\/196","targetHints":{"allow":["GET"]}}],"collection":[{"href":"https:\/\/courscaneri.ovh\/index.php?rest_route=\/wp\/v2\/pages"}],"about":[{"href":"https:\/\/courscaneri.ovh\/index.php?rest_route=\/wp\/v2\/types\/page"}],"author":[{"embeddable":true,"href":"https:\/\/courscaneri.ovh\/index.php?rest_route=\/wp\/v2\/users\/2"}],"replies":[{"embeddable":true,"href":"https:\/\/courscaneri.ovh\/index.php?rest_route=%2Fwp%2Fv2%2Fcomments&post=196"}],"version-history":[{"count":2,"href":"https:\/\/courscaneri.ovh\/index.php?rest_route=\/wp\/v2\/pages\/196\/revisions"}],"predecessor-version":[{"id":4041,"href":"https:\/\/courscaneri.ovh\/index.php?rest_route=\/wp\/v2\/pages\/196\/revisions\/4041"}],"up":[{"embeddable":true,"href":"https:\/\/courscaneri.ovh\/index.php?rest_route=\/wp\/v2\/pages\/61"}],"wp:attachment":[{"href":"https:\/\/courscaneri.ovh\/index.php?rest_route=%2Fwp%2Fv2%2Fmedia&parent=196"}],"curies":[{"name":"wp","href":"https:\/\/api.w.org\/{rel}","templated":true}]}}