{"id":201,"date":"2019-08-13T22:01:02","date_gmt":"2019-08-13T20:01:02","guid":{"rendered":"http:\/\/caneri.gmollet.free.fr\/?page_id=201"},"modified":"2024-06-17T17:59:50","modified_gmt":"2024-06-17T15:59:50","slug":"classe-de-terminale","status":"publish","type":"page","link":"https:\/\/courscaneri.ovh\/?page_id=201","title":{"rendered":"Classe de Terminale"},"content":{"rendered":"<ul>\n<li><a href=\"https:\/\/courscaneri.ovh\/?page_id=1025\">option math\u00e9matiques compl\u00e9mentaires<\/a><\/li>\n<li><a href=\"https:\/\/courscaneri.ovh\/?page_id=3440\">sp\u00e9cialit\u00e9 NSI<\/a><\/li>\n<li><a href=\"https:\/\/courscaneri.ovh\/?page_id=206\">option cin\u00e9ma-audiovisuel<\/a><\/li>\n<li><a href=\"https:\/\/courscaneri.ovh\/?page_id=982\">Enseignement scientifique<\/a><\/li>\n<li><a href=\"https:\/\/courscaneri.ovh\/?page_id=2836\">Calculer ses points pour le baccalaur\u00e9at<\/a><\/li>\n<\/ul>\n","protected":false},"excerpt":{"rendered":"<p>option math\u00e9matiques compl\u00e9mentaires sp\u00e9cialit\u00e9 NSI option cin\u00e9ma-audiovisuel Enseignement scientifique Calculer ses points pour le baccalaur\u00e9at<\/p>\n","protected":false},"author":2,"featured_media":0,"parent":0,"menu_order":0,"comment_status":"closed","ping_status":"closed","template":"","meta":{"footnotes":""},"class_list":["post-201","page","type-page","status-publish","czr-hentry"],"_links":{"self":[{"href":"https:\/\/courscaneri.ovh\/index.php?rest_route=\/wp\/v2\/pages\/201","targetHints":{"allow":["GET"]}}],"collection":[{"href":"https:\/\/courscaneri.ovh\/index.php?rest_route=\/wp\/v2\/pages"}],"about":[{"href":"https:\/\/courscaneri.ovh\/index.php?rest_route=\/wp\/v2\/types\/page"}],"author":[{"embeddable":true,"href":"https:\/\/courscaneri.ovh\/index.php?rest_route=\/wp\/v2\/users\/2"}],"replies":[{"embeddable":true,"href":"https:\/\/courscaneri.ovh\/index.php?rest_route=%2Fwp%2Fv2%2Fcomments&post=201"}],"version-history":[{"count":2,"href":"https:\/\/courscaneri.ovh\/index.php?rest_route=\/wp\/v2\/pages\/201\/revisions"}],"predecessor-version":[{"id":4093,"href":"https:\/\/courscaneri.ovh\/index.php?rest_route=\/wp\/v2\/pages\/201\/revisions\/4093"}],"wp:attachment":[{"href":"https:\/\/courscaneri.ovh\/index.php?rest_route=%2Fwp%2Fv2%2Fmedia&parent=201"}],"curies":[{"name":"wp","href":"https:\/\/api.w.org\/{rel}","templated":true}]}}