{"id":206,"date":"2019-08-13T22:04:01","date_gmt":"2019-08-13T20:04:01","guid":{"rendered":"http:\/\/caneri.gmollet.free.fr\/?page_id=206"},"modified":"2024-06-17T18:06:28","modified_gmt":"2024-06-17T16:06:28","slug":"cinema-audiovisuel","status":"publish","type":"page","link":"https:\/\/courscaneri.ovh\/?page_id=206","title":{"rendered":"Cin\u00e9ma &#8211; audiovisuel"},"content":{"rendered":"<table>\n<thead>\n<tr>\n<th style=\"text-align: center;\">Cours<\/th>\n<\/tr>\n<\/thead>\n<tbody>\n<tr>\n<td style=\"text-align: center;\"><a href=\"https:\/\/courscaneri.ovh\/?page_id=377\">Protocole d&#8217;utilisation des cam\u00e9ras<\/a><\/td>\n<\/tr>\n<tr>\n<tr>\n<td style=\"text-align: center;\"><a href=\"https:\/\/courscaneri.ovh\/?page_id=3374\">Filmologie &#8211; Vocabulaire du cin\u00e9ma<\/a><\/td>\n<\/tr>\n<td style=\"text-align: center;\"><a href=\"https:\/\/courscaneri.ovh?page_id=354\">Caract\u00e9ristiques d&#8217;une image<\/a><\/td>\n<\/tr>\n<tr>\n<td style=\"text-align: center;\"><a href=\"https:\/\/courscaneri.ovh\/?page_id=356\">Composition d&#8217;une image<\/a><\/td>\n<\/tr>\n<tr>\n<td style=\"text-align: center;\"><a href=\"https:\/\/courscaneri.ovh\/?page_id=360\">Les angles<\/a><\/td>\n<\/tr>\n<tr>\n<td style=\"text-align: center;\"><a href=\"https:\/\/courscaneri.ovh\/?page_id=362\">Les axes<\/a><\/td>\n<\/tr>\n<tr>\n<td style=\"text-align: center;\"><a href=\"https:\/\/courscaneri.ovh\/?page_id=365\">Les mouvements de cam\u00e9ras<\/a><\/td>\n<\/tr>\n<tr>\n<td style=\"text-align: center;\"><a href=\"https:\/\/courscaneri.ovh\/?page_id=367\">Les raccords<\/a><\/td>\n<\/tr>\n<tr>\n<td style=\"text-align: center;\"><a href=\"https:\/\/courscaneri.ovh\/?page_id=372\">L&#8217;\u00e9clairage<\/a><\/td>\n<\/tr>\n<tr>\n<td style=\"text-align: center;\"><a href=\"https:\/\/courscaneri.ovh\/?page_id=394\">Le son<\/a><\/td>\n<\/tr>\n<tr>\n<tr>\n<td style=\"text-align: center;\"><a href=\"https:\/\/courscaneri.ovh\/?page_id=370\">Les dialogues<\/a><\/td>\n<\/tr>\n<tr>\n<td style=\"text-align: center;\"><a href=\"https:\/\/courscaneri.ovh\/?page_id=374\">Note d&#8217;intention<\/a><\/td>\n<\/tr>\n<\/tbody>\n<\/table>\n","protected":false},"excerpt":{"rendered":"<p>Cours Protocole d&#8217;utilisation des cam\u00e9ras Filmologie &#8211; Vocabulaire du cin\u00e9ma Caract\u00e9ristiques d&#8217;une image Composition d&#8217;une image Les angles Les axes Les mouvements de cam\u00e9ras Les raccords L&#8217;\u00e9clairage Le son Les dialogues Note d&#8217;intention<\/p>\n","protected":false},"author":2,"featured_media":0,"parent":201,"menu_order":3,"comment_status":"closed","ping_status":"closed","template":"","meta":{"footnotes":""},"class_list":["post-206","page","type-page","status-publish","czr-hentry"],"_links":{"self":[{"href":"https:\/\/courscaneri.ovh\/index.php?rest_route=\/wp\/v2\/pages\/206","targetHints":{"allow":["GET"]}}],"collection":[{"href":"https:\/\/courscaneri.ovh\/index.php?rest_route=\/wp\/v2\/pages"}],"about":[{"href":"https:\/\/courscaneri.ovh\/index.php?rest_route=\/wp\/v2\/types\/page"}],"author":[{"embeddable":true,"href":"https:\/\/courscaneri.ovh\/index.php?rest_route=\/wp\/v2\/users\/2"}],"replies":[{"embeddable":true,"href":"https:\/\/courscaneri.ovh\/index.php?rest_route=%2Fwp%2Fv2%2Fcomments&post=206"}],"version-history":[{"count":5,"href":"https:\/\/courscaneri.ovh\/index.php?rest_route=\/wp\/v2\/pages\/206\/revisions"}],"predecessor-version":[{"id":4099,"href":"https:\/\/courscaneri.ovh\/index.php?rest_route=\/wp\/v2\/pages\/206\/revisions\/4099"}],"up":[{"embeddable":true,"href":"https:\/\/courscaneri.ovh\/index.php?rest_route=\/wp\/v2\/pages\/201"}],"wp:attachment":[{"href":"https:\/\/courscaneri.ovh\/index.php?rest_route=%2Fwp%2Fv2%2Fmedia&parent=206"}],"curies":[{"name":"wp","href":"https:\/\/api.w.org\/{rel}","templated":true}]}}