{"id":2352,"date":"2020-12-01T18:49:33","date_gmt":"2020-12-01T17:49:33","guid":{"rendered":"http:\/\/caneri.gmollet.free.fr\/?page_id=2352"},"modified":"2023-09-13T16:03:51","modified_gmt":"2023-09-13T14:03:51","slug":"activite-xiii-loi-des-sinus","status":"publish","type":"page","link":"https:\/\/courscaneri.ovh\/?page_id=2352","title":{"rendered":"Activit\u00e9 XIII &#8211; Loi des sinus"},"content":{"rendered":"<p>Soit un triangle <code class=\"katex-inline\"><img loading=\"lazy\" decoding=\"async\" src=\"https:\/\/courscaneri.ovh\/wp-content\/ql-cache\/quicklatex.com-04fe84c87ba463734b74e667a3a266a6_l3.png\" class=\"ql-img-inline-formula quicklatex-auto-format\" alt=\"&#65;&#66;&#67;\" title=\"Rendered by QuickLaTeX.com\" height=\"13\" width=\"42\" style=\"vertical-align: 0px;\"\/><\/code> du plan.<br \/>\nOn pose <code class=\"katex-inline\"><img loading=\"lazy\" decoding=\"async\" src=\"https:\/\/courscaneri.ovh\/wp-content\/ql-cache\/quicklatex.com-11c5e00fdc862634e467e8839d53576f_l3.png\" class=\"ql-img-inline-formula quicklatex-auto-format\" alt=\"&#97;&#61;&#66;&#67;\" title=\"Rendered by QuickLaTeX.com\" height=\"12\" width=\"61\" style=\"vertical-align: 0px;\"\/><\/code>, <code class=\"katex-inline\"><img loading=\"lazy\" decoding=\"async\" src=\"https:\/\/courscaneri.ovh\/wp-content\/ql-cache\/quicklatex.com-294c03d327c734576709d9577f5f9802_l3.png\" class=\"ql-img-inline-formula quicklatex-auto-format\" alt=\"&#98;&#61;&#67;&#65;\" title=\"Rendered by QuickLaTeX.com\" height=\"13\" width=\"58\" style=\"vertical-align: 0px;\"\/><\/code> et <code class=\"katex-inline\"><img loading=\"lazy\" decoding=\"async\" src=\"https:\/\/courscaneri.ovh\/wp-content\/ql-cache\/quicklatex.com-cfd950a6ab4034dffe3432910b8c569b_l3.png\" class=\"ql-img-inline-formula quicklatex-auto-format\" alt=\"&#99;&#61;&#65;&#66;\" title=\"Rendered by QuickLaTeX.com\" height=\"13\" width=\"58\" style=\"vertical-align: 0px;\"\/><\/code>.<br \/>\nOn appelle <code class=\"katex-inline\"><img loading=\"lazy\" decoding=\"async\" src=\"https:\/\/courscaneri.ovh\/wp-content\/ql-cache\/quicklatex.com-6d77bf0b22cc7d2a6955e9b3d0c5121b_l3.png\" class=\"ql-img-inline-formula quicklatex-auto-format\" alt=\"&#92;&#109;&#97;&#116;&#104;&#115;&#99;&#114;&#123;&#83;&#125;\" title=\"Rendered by QuickLaTeX.com\" height=\"12\" width=\"12\" style=\"vertical-align: 0px;\"\/><\/code> l&#8217;aire du triangle et <code class=\"katex-inline\"><img loading=\"lazy\" decoding=\"async\" src=\"https:\/\/courscaneri.ovh\/wp-content\/ql-cache\/quicklatex.com-d6abdd487c56e5efbb2c9522ed4b9360_l3.png\" class=\"ql-img-inline-formula quicklatex-auto-format\" alt=\"&#82;\" title=\"Rendered by QuickLaTeX.com\" height=\"12\" width=\"14\" style=\"vertical-align: 0px;\"\/><\/code> le rayon du cercle circonscrit <code class=\"katex-inline\"><img loading=\"lazy\" decoding=\"async\" src=\"https:\/\/courscaneri.ovh\/wp-content\/ql-cache\/quicklatex.com-36466fe05d199f5f114128e6379a1437_l3.png\" class=\"ql-img-inline-formula quicklatex-auto-format\" alt=\"&#92;&#109;&#97;&#116;&#104;&#115;&#99;&#114;&#123;&#67;&#125;\" title=\"Rendered by QuickLaTeX.com\" height=\"12\" width=\"14\" style=\"vertical-align: 0px;\"\/><\/code> au triangle <code class=\"katex-inline\"><img loading=\"lazy\" decoding=\"async\" src=\"https:\/\/courscaneri.ovh\/wp-content\/ql-cache\/quicklatex.com-04fe84c87ba463734b74e667a3a266a6_l3.png\" class=\"ql-img-inline-formula quicklatex-auto-format\" alt=\"&#65;&#66;&#67;\" title=\"Rendered by QuickLaTeX.com\" height=\"13\" width=\"42\" style=\"vertical-align: 0px;\"\/><\/code>.<br \/>\nOn veut d\u00e9montrer que <code class=\"katex-inline\"><img loading=\"lazy\" decoding=\"async\" src=\"https:\/\/courscaneri.ovh\/wp-content\/ql-cache\/quicklatex.com-0fb2c939ff06c4fabceac401aa99b0a9_l3.png\" class=\"ql-img-inline-formula quicklatex-auto-format\" alt=\"&#92;&#102;&#114;&#97;&#99;&#123;&#97;&#125;&#123;&#92;&#115;&#105;&#110;&#32;&#92;&#119;&#105;&#100;&#101;&#104;&#97;&#116;&#123;&#65;&#125;&#125;&#61;&#92;&#102;&#114;&#97;&#99;&#123;&#98;&#125;&#123;&#92;&#115;&#105;&#110;&#32;&#92;&#119;&#105;&#100;&#101;&#104;&#97;&#116;&#123;&#66;&#125;&#125;&#61;&#92;&#102;&#114;&#97;&#99;&#123;&#99;&#125;&#123;&#92;&#115;&#105;&#110;&#32;&#92;&#119;&#105;&#100;&#101;&#104;&#97;&#116;&#123;&#67;&#125;&#125;&#61;&#92;&#102;&#114;&#97;&#99;&#123;&#97;&#98;&#99;&#125;&#123;&#92;&#109;&#97;&#116;&#104;&#115;&#99;&#114;&#123;&#83;&#125;&#125;&#61;&#50;&#82;\" title=\"Rendered by QuickLaTeX.com\" height=\"25\" width=\"240\" style=\"vertical-align: -9px;\"\/><\/code>.<\/p>\n<h2>I. Cas o\u00f9 le triangle <code class=\"katex-inline\"><img loading=\"lazy\" decoding=\"async\" src=\"https:\/\/courscaneri.ovh\/wp-content\/ql-cache\/quicklatex.com-04fe84c87ba463734b74e667a3a266a6_l3.png\" class=\"ql-img-inline-formula quicklatex-auto-format\" alt=\"&#65;&#66;&#67;\" title=\"Rendered by QuickLaTeX.com\" height=\"13\" width=\"42\" style=\"vertical-align: 0px;\"\/><\/code> est acutangle<\/h2>\n<p>Un triangle acutangle est un triangle dont tous les angles sont aigus.<\/p>\n<p>Soit <code class=\"katex-inline\">H<\/code> le pied de la hauteur du triangle <code class=\"katex-inline\"><img loading=\"lazy\" decoding=\"async\" src=\"https:\/\/courscaneri.ovh\/wp-content\/ql-cache\/quicklatex.com-04fe84c87ba463734b74e667a3a266a6_l3.png\" class=\"ql-img-inline-formula quicklatex-auto-format\" alt=\"&#65;&#66;&#67;\" title=\"Rendered by QuickLaTeX.com\" height=\"13\" width=\"42\" style=\"vertical-align: 0px;\"\/><\/code> issue du sommet <code class=\"katex-inline\"><img loading=\"lazy\" decoding=\"async\" src=\"https:\/\/courscaneri.ovh\/wp-content\/ql-cache\/quicklatex.com-ed12970f60569db1dfd9f13289854a0d_l3.png\" class=\"ql-img-inline-formula quicklatex-auto-format\" alt=\"&#67;\" title=\"Rendered by QuickLaTeX.com\" height=\"12\" width=\"14\" style=\"vertical-align: 0px;\"\/><\/code>.<\/p>\n<ol>\n<li>Faire une figure.<\/li>\n<li>Exprimer la longueur <code class=\"katex-inline\"><img loading=\"lazy\" decoding=\"async\" src=\"https:\/\/courscaneri.ovh\/wp-content\/ql-cache\/quicklatex.com-eba5c291c40ed0bf7c52b230c7de55be_l3.png\" class=\"ql-img-inline-formula quicklatex-auto-format\" alt=\"&#67;&#72;\" title=\"Rendered by QuickLaTeX.com\" height=\"12\" width=\"30\" style=\"vertical-align: 0px;\"\/><\/code> en fonction de <code class=\"katex-inline\"><img loading=\"lazy\" decoding=\"async\" src=\"https:\/\/courscaneri.ovh\/wp-content\/ql-cache\/quicklatex.com-0e55b0b3943237ccfc96979505679274_l3.png\" class=\"ql-img-inline-formula quicklatex-auto-format\" alt=\"&#97;\" title=\"Rendered by QuickLaTeX.com\" height=\"8\" width=\"9\" style=\"vertical-align: 0px;\"\/><\/code> et <code class=\"katex-inline\"><img loading=\"lazy\" decoding=\"async\" src=\"https:\/\/courscaneri.ovh\/wp-content\/ql-cache\/quicklatex.com-137f5c0ae152825ae8618bc11c86b973_l3.png\" class=\"ql-img-inline-formula quicklatex-auto-format\" alt=\"&#92;&#119;&#105;&#100;&#101;&#104;&#97;&#116;&#123;&#66;&#125;\" title=\"Rendered by QuickLaTeX.com\" height=\"18\" width=\"14\" style=\"vertical-align: 0px;\"\/><\/code>.<\/li>\n<li>Exprimer la longueur <code class=\"katex-inline\"><img loading=\"lazy\" decoding=\"async\" src=\"https:\/\/courscaneri.ovh\/wp-content\/ql-cache\/quicklatex.com-eba5c291c40ed0bf7c52b230c7de55be_l3.png\" class=\"ql-img-inline-formula quicklatex-auto-format\" alt=\"&#67;&#72;\" title=\"Rendered by QuickLaTeX.com\" height=\"12\" width=\"30\" style=\"vertical-align: 0px;\"\/><\/code> en fonction de <code class=\"katex-inline\"><img loading=\"lazy\" decoding=\"async\" src=\"https:\/\/courscaneri.ovh\/wp-content\/ql-cache\/quicklatex.com-ad69adf868bc701e561aa555db995f1f_l3.png\" class=\"ql-img-inline-formula quicklatex-auto-format\" alt=\"&#98;\" title=\"Rendered by QuickLaTeX.com\" height=\"12\" width=\"8\" style=\"vertical-align: 0px;\"\/><\/code> et <code class=\"katex-inline\"><img loading=\"lazy\" decoding=\"async\" src=\"https:\/\/courscaneri.ovh\/wp-content\/ql-cache\/quicklatex.com-cc999c14e81a4431400470df5b0cebeb_l3.png\" class=\"ql-img-inline-formula quicklatex-auto-format\" alt=\"&#92;&#119;&#105;&#100;&#101;&#104;&#97;&#116;&#123;&#65;&#125;\" title=\"Rendered by QuickLaTeX.com\" height=\"18\" width=\"14\" style=\"vertical-align: 0px;\"\/><\/code>.<\/li>\n<li>En d\u00e9duire la relation <code class=\"katex-inline\"><img loading=\"lazy\" decoding=\"async\" src=\"https:\/\/courscaneri.ovh\/wp-content\/ql-cache\/quicklatex.com-13aa437464cc91e65925872d6727a5b6_l3.png\" class=\"ql-img-inline-formula quicklatex-auto-format\" alt=\"&#92;&#102;&#114;&#97;&#99;&#123;&#97;&#125;&#123;&#92;&#115;&#105;&#110;&#32;&#92;&#119;&#105;&#100;&#101;&#104;&#97;&#116;&#123;&#65;&#125;&#125;&#61;&#92;&#102;&#114;&#97;&#99;&#123;&#98;&#125;&#123;&#92;&#115;&#105;&#110;&#32;&#92;&#119;&#105;&#100;&#101;&#104;&#97;&#116;&#123;&#66;&#125;&#125;\" title=\"Rendered by QuickLaTeX.com\" height=\"25\" width=\"88\" style=\"vertical-align: -9px;\"\/><\/code>.<\/li>\n<li>De la m\u00eame fa\u00e7on, d\u00e9montrer que <code class=\"katex-inline\"><img loading=\"lazy\" decoding=\"async\" src=\"https:\/\/courscaneri.ovh\/wp-content\/ql-cache\/quicklatex.com-bac24eb5777432a9be5d8722cccf92fa_l3.png\" class=\"ql-img-inline-formula quicklatex-auto-format\" alt=\"&#92;&#102;&#114;&#97;&#99;&#123;&#99;&#125;&#123;&#92;&#115;&#105;&#110;&#32;&#92;&#119;&#105;&#100;&#101;&#104;&#97;&#116;&#123;&#67;&#125;&#125;&#61;&#92;&#102;&#114;&#97;&#99;&#123;&#98;&#125;&#123;&#92;&#115;&#105;&#110;&#32;&#92;&#119;&#105;&#100;&#101;&#104;&#97;&#116;&#123;&#66;&#125;&#125;\" title=\"Rendered by QuickLaTeX.com\" height=\"25\" width=\"88\" style=\"vertical-align: -9px;\"\/><\/code>.<\/li>\n<li>a. Exprimer <code class=\"katex-inline\"><img loading=\"lazy\" decoding=\"async\" src=\"https:\/\/courscaneri.ovh\/wp-content\/ql-cache\/quicklatex.com-6d77bf0b22cc7d2a6955e9b3d0c5121b_l3.png\" class=\"ql-img-inline-formula quicklatex-auto-format\" alt=\"&#92;&#109;&#97;&#116;&#104;&#115;&#99;&#114;&#123;&#83;&#125;\" title=\"Rendered by QuickLaTeX.com\" height=\"12\" width=\"12\" style=\"vertical-align: 0px;\"\/><\/code> en fonction de <code class=\"katex-inline\"><img loading=\"lazy\" decoding=\"async\" src=\"https:\/\/courscaneri.ovh\/wp-content\/ql-cache\/quicklatex.com-0e55b0b3943237ccfc96979505679274_l3.png\" class=\"ql-img-inline-formula quicklatex-auto-format\" alt=\"&#97;\" title=\"Rendered by QuickLaTeX.com\" height=\"8\" width=\"9\" style=\"vertical-align: 0px;\"\/><\/code>, <code class=\"katex-inline\"><img loading=\"lazy\" decoding=\"async\" src=\"https:\/\/courscaneri.ovh\/wp-content\/ql-cache\/quicklatex.com-276a76eafbebc4494deafceec7cc4ddd_l3.png\" class=\"ql-img-inline-formula quicklatex-auto-format\" alt=\"&#99;\" title=\"Rendered by QuickLaTeX.com\" height=\"8\" width=\"8\" style=\"vertical-align: 0px;\"\/><\/code> et <code class=\"katex-inline\"><img loading=\"lazy\" decoding=\"async\" src=\"https:\/\/courscaneri.ovh\/wp-content\/ql-cache\/quicklatex.com-137f5c0ae152825ae8618bc11c86b973_l3.png\" class=\"ql-img-inline-formula quicklatex-auto-format\" alt=\"&#92;&#119;&#105;&#100;&#101;&#104;&#97;&#116;&#123;&#66;&#125;\" title=\"Rendered by QuickLaTeX.com\" height=\"18\" width=\"14\" style=\"vertical-align: 0px;\"\/><\/code>.<br \/>\nb. En d\u00e9duire que <code class=\"katex-inline\"><img loading=\"lazy\" decoding=\"async\" src=\"https:\/\/courscaneri.ovh\/wp-content\/ql-cache\/quicklatex.com-0e2aec7e365ae2d147c94025840dd06a_l3.png\" class=\"ql-img-inline-formula quicklatex-auto-format\" alt=\"&#92;&#102;&#114;&#97;&#99;&#123;&#98;&#125;&#123;&#92;&#115;&#105;&#110;&#32;&#92;&#119;&#105;&#100;&#101;&#104;&#97;&#116;&#123;&#66;&#125;&#125;&#61;&#92;&#102;&#114;&#97;&#99;&#123;&#97;&#98;&#99;&#125;&#123;&#92;&#109;&#97;&#116;&#104;&#115;&#99;&#114;&#123;&#50;&#83;&#125;&#125;\" title=\"Rendered by QuickLaTeX.com\" height=\"25\" width=\"78\" style=\"vertical-align: -9px;\"\/><\/code>.<\/li>\n<li>Soit <code class=\"katex-inline\">D<\/code> le point diam\u00e9tralement oppos\u00e9 au point <code class=\"katex-inline\"><img loading=\"lazy\" decoding=\"async\" src=\"https:\/\/courscaneri.ovh\/wp-content\/ql-cache\/quicklatex.com-816b613a4f79d4bf9cb51396a9654120_l3.png\" class=\"ql-img-inline-formula quicklatex-auto-format\" alt=\"&#65;\" title=\"Rendered by QuickLaTeX.com\" height=\"13\" width=\"13\" style=\"vertical-align: 0px;\"\/><\/code> dans le cercle circonscrit au triangle <code class=\"katex-inline\"><img loading=\"lazy\" decoding=\"async\" src=\"https:\/\/courscaneri.ovh\/wp-content\/ql-cache\/quicklatex.com-04fe84c87ba463734b74e667a3a266a6_l3.png\" class=\"ql-img-inline-formula quicklatex-auto-format\" alt=\"&#65;&#66;&#67;\" title=\"Rendered by QuickLaTeX.com\" height=\"13\" width=\"42\" style=\"vertical-align: 0px;\"\/><\/code>.<br \/>\na. Exprimer <code class=\"katex-inline\"><img loading=\"lazy\" decoding=\"async\" src=\"https:\/\/courscaneri.ovh\/wp-content\/ql-cache\/quicklatex.com-7e5c980ffbcb262a996aca0200637e41_l3.png\" class=\"ql-img-inline-formula quicklatex-auto-format\" alt=\"&#92;&#115;&#105;&#110;&#32;&#92;&#119;&#105;&#100;&#101;&#104;&#97;&#116;&#123;&#65;&#68;&#66;&#125;\" title=\"Rendered by QuickLaTeX.com\" height=\"19\" width=\"67\" style=\"vertical-align: 0px;\"\/><\/code> en fonction de <code class=\"katex-inline\"><img loading=\"lazy\" decoding=\"async\" src=\"https:\/\/courscaneri.ovh\/wp-content\/ql-cache\/quicklatex.com-276a76eafbebc4494deafceec7cc4ddd_l3.png\" class=\"ql-img-inline-formula quicklatex-auto-format\" alt=\"&#99;\" title=\"Rendered by QuickLaTeX.com\" height=\"8\" width=\"8\" style=\"vertical-align: 0px;\"\/><\/code> et <code class=\"katex-inline\"><img loading=\"lazy\" decoding=\"async\" src=\"https:\/\/courscaneri.ovh\/wp-content\/ql-cache\/quicklatex.com-d6abdd487c56e5efbb2c9522ed4b9360_l3.png\" class=\"ql-img-inline-formula quicklatex-auto-format\" alt=\"&#82;\" title=\"Rendered by QuickLaTeX.com\" height=\"12\" width=\"14\" style=\"vertical-align: 0px;\"\/><\/code>, le rayon du cercle circonscrit au triangle <code class=\"katex-inline\"><img loading=\"lazy\" decoding=\"async\" src=\"https:\/\/courscaneri.ovh\/wp-content\/ql-cache\/quicklatex.com-04fe84c87ba463734b74e667a3a266a6_l3.png\" class=\"ql-img-inline-formula quicklatex-auto-format\" alt=\"&#65;&#66;&#67;\" title=\"Rendered by QuickLaTeX.com\" height=\"13\" width=\"42\" style=\"vertical-align: 0px;\"\/><\/code>.<br \/>\nb. Que dire des angles <code class=\"katex-inline\"><img loading=\"lazy\" decoding=\"async\" src=\"https:\/\/courscaneri.ovh\/wp-content\/ql-cache\/quicklatex.com-15b9be76e94ac8cf4ec37f6343314081_l3.png\" class=\"ql-img-inline-formula quicklatex-auto-format\" alt=\"&#92;&#119;&#105;&#100;&#101;&#104;&#97;&#116;&#123;&#65;&#68;&#66;&#125;\" title=\"Rendered by QuickLaTeX.com\" height=\"19\" width=\"43\" style=\"vertical-align: 0px;\"\/><\/code> et <code class=\"katex-inline\"><img loading=\"lazy\" decoding=\"async\" src=\"https:\/\/courscaneri.ovh\/wp-content\/ql-cache\/quicklatex.com-800da816fc2b11a4459d1fe591a33ed9_l3.png\" class=\"ql-img-inline-formula quicklatex-auto-format\" alt=\"&#92;&#119;&#105;&#100;&#101;&#104;&#97;&#116;&#123;&#67;&#125;\" title=\"Rendered by QuickLaTeX.com\" height=\"18\" width=\"14\" style=\"vertical-align: 0px;\"\/><\/code>? Justifier.<br \/>\nc. En d\u00e9duire que <code class=\"katex-inline\"><img loading=\"lazy\" decoding=\"async\" src=\"https:\/\/courscaneri.ovh\/wp-content\/ql-cache\/quicklatex.com-8eece60b8858fb450c5648a59ba03eef_l3.png\" class=\"ql-img-inline-formula quicklatex-auto-format\" alt=\"&#92;&#102;&#114;&#97;&#99;&#123;&#99;&#125;&#123;&#92;&#115;&#105;&#110;&#32;&#92;&#119;&#105;&#100;&#101;&#104;&#97;&#116;&#123;&#67;&#125;&#125;&#61;&#50;&#82;\" title=\"Rendered by QuickLaTeX.com\" height=\"22\" width=\"78\" style=\"vertical-align: -9px;\"\/><\/code>.<\/li>\n<li>Conclure.<\/li>\n<\/ol>\n<h2>II. Cas o\u00f9 le triangle <code class=\"katex-inline\"><img loading=\"lazy\" decoding=\"async\" src=\"https:\/\/courscaneri.ovh\/wp-content\/ql-cache\/quicklatex.com-04fe84c87ba463734b74e667a3a266a6_l3.png\" class=\"ql-img-inline-formula quicklatex-auto-format\" alt=\"&#65;&#66;&#67;\" title=\"Rendered by QuickLaTeX.com\" height=\"13\" width=\"42\" style=\"vertical-align: 0px;\"\/><\/code> est obtusangle<\/h2>\n<p>Un triangle obtusangle est un triangle qui poss\u00e8de un angle obtus.<br \/>\nConsid\u00e9rons dans notre cas que l&#8217;angle <code class=\"katex-inline\"><img loading=\"lazy\" decoding=\"async\" src=\"https:\/\/courscaneri.ovh\/wp-content\/ql-cache\/quicklatex.com-800da816fc2b11a4459d1fe591a33ed9_l3.png\" class=\"ql-img-inline-formula quicklatex-auto-format\" alt=\"&#92;&#119;&#105;&#100;&#101;&#104;&#97;&#116;&#123;&#67;&#125;\" title=\"Rendered by QuickLaTeX.com\" height=\"18\" width=\"14\" style=\"vertical-align: 0px;\"\/><\/code> est obtus.<\/p>\n<p>Le but est de r\u00e9pondre aux m\u00eame questions que dans la partie I. Cependant, les questions 2, 3, 4, 6a et 6b auront des r\u00e9ponses identiques donc il sera inutile de les traiter.<\/p>\n<h2>III. Cas o\u00f9 le triangle <code class=\"katex-inline\"><img loading=\"lazy\" decoding=\"async\" src=\"https:\/\/courscaneri.ovh\/wp-content\/ql-cache\/quicklatex.com-04fe84c87ba463734b74e667a3a266a6_l3.png\" class=\"ql-img-inline-formula quicklatex-auto-format\" alt=\"&#65;&#66;&#67;\" title=\"Rendered by QuickLaTeX.com\" height=\"13\" width=\"42\" style=\"vertical-align: 0px;\"\/><\/code> est rectangle<\/h2>\n<p>Consid\u00e9rons dans notre cas que le triangle est rectangle en <code class=\"katex-inline\"><img loading=\"lazy\" decoding=\"async\" src=\"https:\/\/courscaneri.ovh\/wp-content\/ql-cache\/quicklatex.com-ed12970f60569db1dfd9f13289854a0d_l3.png\" class=\"ql-img-inline-formula quicklatex-auto-format\" alt=\"&#67;\" title=\"Rendered by QuickLaTeX.com\" height=\"12\" width=\"14\" style=\"vertical-align: 0px;\"\/><\/code>.<\/p>\n<p>Le but est de r\u00e9pondre aux m\u00eame questions que dans la partie I. Cependant, les questions 2, 3, 4, 6a et 6b auront des r\u00e9ponses identiques donc il sera inutile de les traiter. De plus, on change la question 7 par:<\/p>\n<blockquote><p>a. Exprimer <code class=\"katex-inline\"><img loading=\"lazy\" decoding=\"async\" src=\"https:\/\/courscaneri.ovh\/wp-content\/ql-cache\/quicklatex.com-276a76eafbebc4494deafceec7cc4ddd_l3.png\" class=\"ql-img-inline-formula quicklatex-auto-format\" alt=\"&#99;\" title=\"Rendered by QuickLaTeX.com\" height=\"8\" width=\"8\" style=\"vertical-align: 0px;\"\/><\/code> en fonction de <code class=\"katex-inline\"><img loading=\"lazy\" decoding=\"async\" src=\"https:\/\/courscaneri.ovh\/wp-content\/ql-cache\/quicklatex.com-d6abdd487c56e5efbb2c9522ed4b9360_l3.png\" class=\"ql-img-inline-formula quicklatex-auto-format\" alt=\"&#82;\" title=\"Rendered by QuickLaTeX.com\" height=\"12\" width=\"14\" style=\"vertical-align: 0px;\"\/><\/code>.<br \/>\nb. En d\u00e9duire que <code class=\"katex-inline\"><img loading=\"lazy\" decoding=\"async\" src=\"https:\/\/courscaneri.ovh\/wp-content\/ql-cache\/quicklatex.com-8eece60b8858fb450c5648a59ba03eef_l3.png\" class=\"ql-img-inline-formula quicklatex-auto-format\" alt=\"&#92;&#102;&#114;&#97;&#99;&#123;&#99;&#125;&#123;&#92;&#115;&#105;&#110;&#32;&#92;&#119;&#105;&#100;&#101;&#104;&#97;&#116;&#123;&#67;&#125;&#125;&#61;&#50;&#82;\" title=\"Rendered by QuickLaTeX.com\" height=\"22\" width=\"78\" style=\"vertical-align: -9px;\"\/><\/code>.<\/p><\/blockquote>\n","protected":false},"excerpt":{"rendered":"<p>Soit un triangle du plan. On pose , et . On appelle l&#8217;aire du triangle et le rayon du cercle circonscrit au triangle . On veut d\u00e9montrer que . I. Cas o\u00f9 le triangle est acutangle Un triangle acutangle est un triangle dont tous les angles sont aigus. Soit H le pied de la hauteur [&hellip;]<\/p>\n","protected":false},"author":2,"featured_media":0,"parent":768,"menu_order":2,"comment_status":"closed","ping_status":"closed","template":"","meta":{"footnotes":""},"class_list":["post-2352","page","type-page","status-publish","czr-hentry"],"_links":{"self":[{"href":"https:\/\/courscaneri.ovh\/index.php?rest_route=\/wp\/v2\/pages\/2352","targetHints":{"allow":["GET"]}}],"collection":[{"href":"https:\/\/courscaneri.ovh\/index.php?rest_route=\/wp\/v2\/pages"}],"about":[{"href":"https:\/\/courscaneri.ovh\/index.php?rest_route=\/wp\/v2\/types\/page"}],"author":[{"embeddable":true,"href":"https:\/\/courscaneri.ovh\/index.php?rest_route=\/wp\/v2\/users\/2"}],"replies":[{"embeddable":true,"href":"https:\/\/courscaneri.ovh\/index.php?rest_route=%2Fwp%2Fv2%2Fcomments&post=2352"}],"version-history":[{"count":2,"href":"https:\/\/courscaneri.ovh\/index.php?rest_route=\/wp\/v2\/pages\/2352\/revisions"}],"predecessor-version":[{"id":3937,"href":"https:\/\/courscaneri.ovh\/index.php?rest_route=\/wp\/v2\/pages\/2352\/revisions\/3937"}],"up":[{"embeddable":true,"href":"https:\/\/courscaneri.ovh\/index.php?rest_route=\/wp\/v2\/pages\/768"}],"wp:attachment":[{"href":"https:\/\/courscaneri.ovh\/index.php?rest_route=%2Fwp%2Fv2%2Fmedia&parent=2352"}],"curies":[{"name":"wp","href":"https:\/\/api.w.org\/{rel}","templated":true}]}}