{"id":2666,"date":"2021-04-14T13:39:08","date_gmt":"2021-04-14T11:39:08","guid":{"rendered":"http:\/\/caneri.gmollet.free.fr\/?page_id=2666"},"modified":"2023-09-13T16:22:26","modified_gmt":"2023-09-13T14:22:26","slug":"chapitre-10-repartition-des-richesses-inegalites-2","status":"publish","type":"page","link":"https:\/\/courscaneri.ovh\/?page_id=2666","title":{"rendered":"Chapitre 10 &#8211; R\u00e9partition des richesses, In\u00e9galit\u00e9s"},"content":{"rendered":"<a href=\"https:\/\/courscaneri.ovh\/wp-content\/uploads\/2023\/09\/chapitre-10-repartition-des-richesses-inegalites.pdf\" class=\"pdfemb-viewer\" style=\"\" data-width=\"max\" data-height=\"max\" data-toolbar=\"both\" data-toolbar-fixed=\"off\">chapitre 10 - r\u00e9partition des richesses - in\u00e9galit\u00e9s<\/a>\n","protected":false},"excerpt":{"rendered":"","protected":false},"author":2,"featured_media":0,"parent":1025,"menu_order":10,"comment_status":"closed","ping_status":"closed","template":"","meta":{"footnotes":""},"class_list":["post-2666","page","type-page","status-publish","czr-hentry"],"_links":{"self":[{"href":"https:\/\/courscaneri.ovh\/index.php?rest_route=\/wp\/v2\/pages\/2666","targetHints":{"allow":["GET"]}}],"collection":[{"href":"https:\/\/courscaneri.ovh\/index.php?rest_route=\/wp\/v2\/pages"}],"about":[{"href":"https:\/\/courscaneri.ovh\/index.php?rest_route=\/wp\/v2\/types\/page"}],"author":[{"embeddable":true,"href":"https:\/\/courscaneri.ovh\/index.php?rest_route=\/wp\/v2\/users\/2"}],"replies":[{"embeddable":true,"href":"https:\/\/courscaneri.ovh\/index.php?rest_route=%2Fwp%2Fv2%2Fcomments&post=2666"}],"version-history":[{"count":1,"href":"https:\/\/courscaneri.ovh\/index.php?rest_route=\/wp\/v2\/pages\/2666\/revisions"}],"predecessor-version":[{"id":3969,"href":"https:\/\/courscaneri.ovh\/index.php?rest_route=\/wp\/v2\/pages\/2666\/revisions\/3969"}],"up":[{"embeddable":true,"href":"https:\/\/courscaneri.ovh\/index.php?rest_route=\/wp\/v2\/pages\/1025"}],"wp:attachment":[{"href":"https:\/\/courscaneri.ovh\/index.php?rest_route=%2Fwp%2Fv2%2Fmedia&parent=2666"}],"curies":[{"name":"wp","href":"https:\/\/api.w.org\/{rel}","templated":true}]}}