{"id":2719,"date":"2021-05-02T23:59:42","date_gmt":"2021-05-02T21:59:42","guid":{"rendered":"http:\/\/caneri.gmollet.free.fr\/?page_id=2719"},"modified":"2024-06-18T07:13:35","modified_gmt":"2024-06-18T05:13:35","slug":"ce-quil-faut-savoir-en-fin-de-seconde","status":"publish","type":"page","link":"https:\/\/courscaneri.ovh\/?page_id=2719","title":{"rendered":"Ce qu&#8217;il faut savoir en fin de seconde"},"content":{"rendered":"<p><a href=\"https:\/\/courscaneri.ovh\/?page_id=819\">Algorithmique et programmation<\/a>\n<\/p>\n<p><a href=\"https:\/\/courscaneri.ovh\/?page_id=689\">Les nombres<\/a><br \/>\n<a href=\"https:\/\/courscaneri.ovh\/?page_id=691\">Calcul litt\u00e9ral<\/a><br \/>\n<a href=\"https:\/\/courscaneri.ovh\/?page_id=693\">Proportionnalit\u00e9 et pourcentage<\/a><br \/>\n<a href=\"https:\/\/courscaneri.ovh\/?page_id=695\">Les fonctions<\/a><br \/>\n<a href=\"https:\/\/courscaneri.ovh\/?page_id=697\">Equations et in\u00e9quations<\/a><br \/>\n<a href=\"https:\/\/courscaneri.ovh\/?page_id=721\">Syst\u00e8me d\u2019\u00e9quations lin\u00e9aires<\/a>\n<\/p>\n<p><a href=\"https:\/\/courscaneri.ovh\/?page_id=699\">Statistiques et probabilit\u00e9s<\/a>\n<\/p>\n<p><a href=\"https:\/\/courscaneri.ovh\/?page_id=735\">G\u00e9om\u00e9trie de base<\/a><br \/>\n<a href=\"https:\/\/courscaneri.ovh\/?page_id=725\">Les angles<\/a><br \/>\n<a href=\"https:\/\/courscaneri.ovh\/?page_id=745\">Sym\u00e9trie<\/a><br \/>\n<a href=\"https:\/\/courscaneri.ovh\/?page_id=741\">Les polyg\u00f4nes<\/a><br \/>\n<a href=\"https:\/\/courscaneri.ovh\/?page_id=739\">P\u00e9rim\u00e8tre, aires et volumes<\/a><br \/>\n<a href=\"https:\/\/courscaneri.ovh\/?page_id=730\">Droites remarquables d\u2019un triangle<\/a><br \/>\n<a href=\"https:\/\/courscaneri.ovh\/?page_id=743\">Propri\u00e9t\u00e9s dans les triangles<\/a><br \/>\n<a href=\"https:\/\/courscaneri.ovh\/?page_id=727\">Les cercles<\/a><br \/>\n<a href=\"https:\/\/courscaneri.ovh\/?page_id=737\">Les vecteurs<\/a><br \/>\n<a href=\"https:\/\/courscaneri.ovh\/?page_id=733\">G\u00e9om\u00e9trie dans l\u2019espace<\/a><\/p>\n","protected":false},"excerpt":{"rendered":"<p>Algorithmique et programmation Les nombres Calcul litt\u00e9ral Proportionnalit\u00e9 et pourcentage Les fonctions Equations et in\u00e9quations Syst\u00e8me d\u2019\u00e9quations lin\u00e9aires Statistiques et probabilit\u00e9s G\u00e9om\u00e9trie de base Les angles Sym\u00e9trie Les polyg\u00f4nes P\u00e9rim\u00e8tre, aires et volumes Droites remarquables d\u2019un triangle Propri\u00e9t\u00e9s dans les triangles Les cercles Les vecteurs G\u00e9om\u00e9trie dans l\u2019espace<\/p>\n","protected":false},"author":1,"featured_media":0,"parent":299,"menu_order":0,"comment_status":"closed","ping_status":"closed","template":"","meta":{"footnotes":""},"class_list":["post-2719","page","type-page","status-publish","czr-hentry"],"_links":{"self":[{"href":"https:\/\/courscaneri.ovh\/index.php?rest_route=\/wp\/v2\/pages\/2719","targetHints":{"allow":["GET"]}}],"collection":[{"href":"https:\/\/courscaneri.ovh\/index.php?rest_route=\/wp\/v2\/pages"}],"about":[{"href":"https:\/\/courscaneri.ovh\/index.php?rest_route=\/wp\/v2\/types\/page"}],"author":[{"embeddable":true,"href":"https:\/\/courscaneri.ovh\/index.php?rest_route=\/wp\/v2\/users\/1"}],"replies":[{"embeddable":true,"href":"https:\/\/courscaneri.ovh\/index.php?rest_route=%2Fwp%2Fv2%2Fcomments&post=2719"}],"version-history":[{"count":5,"href":"https:\/\/courscaneri.ovh\/index.php?rest_route=\/wp\/v2\/pages\/2719\/revisions"}],"predecessor-version":[{"id":4044,"href":"https:\/\/courscaneri.ovh\/index.php?rest_route=\/wp\/v2\/pages\/2719\/revisions\/4044"}],"up":[{"embeddable":true,"href":"https:\/\/courscaneri.ovh\/index.php?rest_route=\/wp\/v2\/pages\/299"}],"wp:attachment":[{"href":"https:\/\/courscaneri.ovh\/index.php?rest_route=%2Fwp%2Fv2%2Fmedia&parent=2719"}],"curies":[{"name":"wp","href":"https:\/\/api.w.org\/{rel}","templated":true}]}}