{"id":2836,"date":"2021-10-17T15:31:40","date_gmt":"2021-10-17T13:31:40","guid":{"rendered":"http:\/\/caneri.gmollet.free.fr\/?page_id=2836"},"modified":"2023-09-14T08:26:01","modified_gmt":"2023-09-14T06:26:01","slug":"calculer-ses-points-pour-le-bacacalaureat","status":"publish","type":"page","link":"https:\/\/courscaneri.ovh\/?page_id=2836","title":{"rendered":"Calculer ses points pour le baccalaur\u00e9at g\u00e9n\u00e9ral"},"content":{"rendered":"<table id=\"baccalaureat\">\n<tbody>\n<tr>\n<td><\/td>\n<td><\/td>\n<td colspan=\"2\">Premi\u00e8re<\/td>\n<td colspan=\"2\">Terminale<\/td>\n<td><\/td>\n<td><\/td>\n<\/tr>\n<tr>\n<td><\/td>\n<td>Mati\u00e8re<\/td>\n<td>Note<\/td>\n<td>Coefficient<\/td>\n<td>Note<\/td>\n<td>Coefficient<\/td>\n<td>Total points<\/td>\n<td>Total coefficient<\/td>\n<\/tr>\n<tr class=\"invisible\">\n<td><\/td>\n<td>Bulletin<\/td>\n<td class=\"note1\"><input id=\"Bulletin1\" max=\"20\" min=\"0\" type=\"number\" placeholder=\"10\" \/><\/td>\n<td id=\"coef_bulletin1\" class=\"coeff1\"><\/td>\n<td class=\"note2\"><input id=\"Bulletin2\" max=\"20\" min=\"0\" type=\"number\" placeholder=\"10\" \/><\/td>\n<td id=\"coef_bulletin2\" class=\"coeff2\"><\/td>\n<td id=\"points_bulletin\" class=\"points\"><\/td>\n<td id=\"coeff_tot_bulletin\" class=\"coeff_tot\"><\/td>\n<\/tr>\n<tr>\n<td rowspan=\"7\">Tronc Commmun<\/td>\n<td>LVA<\/td>\n<td class=\"note1\"><input id=\"LVA1\" max=\"20\" min=\"0\" type=\"number\" placeholder=\"10\" \/><\/td>\n<td id=\"coef_LVA1\" class=\"coeff1\"><\/td>\n<td class=\"note2\"><input id=\"LVA2\" max=\"20\" min=\"0\" type=\"number\" placeholder=\"10\" \/><\/td>\n<td id=\"coef_LVA2\" class=\"coeff2\"><\/td>\n<td id=\"points_LVA\" class=\"points\"><\/td>\n<td id=\"coeff_tot_LVA\" class=\"coeff_tot\"><\/td>\n<\/tr>\n<tr>\n<td>LVB<\/td>\n<td class=\"note1\"><input id=\"LVB1\" max=\"20\" min=\"0\" type=\"number\" placeholder=\"10\" \/><\/td>\n<td id=\"coef_LVB1\" class=\"coeff1\"><\/td>\n<td class=\"note2\"><input id=\"LVB2\" max=\"20\" min=\"0\" type=\"number\" placeholder=\"10\" \/><\/td>\n<td id=\"coef_LVB2\" class=\"coeff2\"><\/td>\n<td id=\"points_LVB\" class=\"points\"><\/td>\n<td id=\"coeff_tot_LVB\" class=\"coeff_tot\"><\/td>\n<\/tr>\n<tr>\n<td>Histoire-G\u00e9ographie<\/td>\n<td class=\"note1\"><input id=\"HG1\" max=\"20\" min=\"0\" type=\"number\" placeholder=\"10\" \/><\/td>\n<td id=\"coef_HG1\" class=\"coeff1\"><\/td>\n<td class=\"note2\"><input id=\"HG2\" max=\"20\" min=\"0\" type=\"number\" placeholder=\"10\" \/><\/td>\n<td id=\"coef_HG2\" class=\"coeff2\"><\/td>\n<td id=\"points_HG\" class=\"points\"><\/td>\n<td id=\"coeff_tot_HG\" class=\"coeff_tot\"><\/td>\n<\/tr>\n<tr>\n<td>EPS<\/td>\n<td class=\"note1\"><input id=\"EPS1\" max=\"20\" min=\"0\" type=\"number\" placeholder=\"10\" \/><\/td>\n<td id=\"coef_EPS1\" class=\"coeff1\"><\/td>\n<td class=\"note2\"><input id=\"EPS2\" max=\"20\" min=\"0\" type=\"number\" placeholder=\"10\" \/><\/td>\n<td id=\"coef_EPS2\" class=\"coeff2\"><\/td>\n<td id=\"points_EPS\" class=\"points\"><\/td>\n<td id=\"coeff_tot_EPS\" class=\"coeff_tot\"><\/td>\n<\/tr>\n<tr>\n<td>Enseignement scientifique<\/td>\n<td class=\"note1\"><input id=\"ES1\" max=\"20\" min=\"0\" type=\"number\" placeholder=\"10\" \/><\/td>\n<td id=\"coef_ES1\" class=\"coeff1\"><\/td>\n<td class=\"note2\"><input id=\"ES2\" max=\"20\" min=\"0\" type=\"number\" placeholder=\"10\" \/><\/td>\n<td id=\"coef_ES2\" class=\"coeff2\"><\/td>\n<td id=\"points_ES\" class=\"points\"><\/td>\n<td id=\"coeff_tot_ES\" class=\"coeff_tot\"><\/td>\n<\/tr>\n<tr>\n<td>EMC<\/td>\n<td class=\"note1\"><input id=\"EMC1\" max=\"20\" min=\"0\" type=\"number\" placeholder=\"10\" \/><\/td>\n<td id=\"coef_EMC1\" class=\"coeff1\"><\/td>\n<td class=\"note2\"><input id=\"EMC2\" max=\"20\" min=\"0\" type=\"number\" placeholder=\"10\" \/><\/td>\n<td id=\"coef_EMC2\" class=\"coeff2\"><\/td>\n<td id=\"points_EMC\" class=\"points\"><\/td>\n<td id=\"coeff_tot_EMC\" class=\"coeff_tot\"><\/td>\n<\/tr>\n<tr>\n<td>Sp\u00e9cialit\u00e9 abandonn\u00e9e<\/td>\n<td class=\"note1\"><input id=\"spe_aband1\" max=\"20\" min=\"0\" type=\"number\" placeholder=\"10\" \/><\/td>\n<td id=\"coef_spe_aband1\" class=\"coeff1\"><\/td>\n<td class=\"note2\"><input id=\"spe_aband2\" max=\"20\" min=\"0\" type=\"number\" placeholder=\"10\" \/><\/td>\n<td id=\"coef_spe_aband2\" class=\"coeff2\"><\/td>\n<td id=\"points_spe_aband\" class=\"points\"><\/td>\n<td id=\"coeff_tot_spe_aband\" class=\"coeff_tot\"><\/td>\n<\/tr>\n<tr>\n<td rowspan=\"6\">Epreuves terminales<\/td>\n<td>Fran\u00e7ais \u00e9crit<\/td>\n<td class=\"note1\"><input id=\"FE1\" max=\"20\" min=\"0\" type=\"number\" placeholder=\"10\" \/><\/td>\n<td id=\"coef_FE1\" class=\"coeff1\"><\/td>\n<td class=\"note2\"><input id=\"FE2\" max=\"20\" min=\"0\" type=\"number\" placeholder=\"10\" \/><\/td>\n<td id=\"coef_FE2\" class=\"coeff2\"><\/td>\n<td id=\"points_FE\" class=\"points\"><\/td>\n<td id=\"coeff_tot_FE\" class=\"coeff_tot\"><\/td>\n<\/tr>\n<tr>\n<td>Fran\u00e7ais oral<\/td>\n<td class=\"note1\"><input id=\"FO1\" max=\"20\" min=\"0\" type=\"number\" placeholder=\"10\" \/><\/td>\n<td id=\"coef_FO1\" class=\"coeff1\"><\/td>\n<td class=\"note2\"><input id=\"FO2\" max=\"20\" min=\"0\" type=\"number\" placeholder=\"10\" \/><\/td>\n<td id=\"coef_FO2\" class=\"coeff2\"><\/td>\n<td id=\"points_FO\" class=\"points\"><\/td>\n<td id=\"coeff_tot_FO\" class=\"coeff_tot\"><\/td>\n<\/tr>\n<tr>\n<td>Sp\u00e9cialit\u00e9 1<\/td>\n<td class=\"note1\"><input id=\"SPE11\" max=\"20\" min=\"0\" type=\"number\" placeholder=\"10\" \/><\/td>\n<td id=\"coef_SPE11\" class=\"coeff1\"><\/td>\n<td class=\"note2\"><input id=\"SPE12\" max=\"20\" min=\"0\" type=\"number\" placeholder=\"10\" \/><\/td>\n<td id=\"coef_SPE12\" class=\"coeff2\"><\/td>\n<td id=\"points_SPE1\" class=\"points\"><\/td>\n<td id=\"coeff_tot_SPE1\" class=\"coeff_tot\"><\/td>\n<\/tr>\n<tr>\n<td>Sp\u00e9cialit\u00e9 2<\/td>\n<td class=\"note1\"><input id=\"SPE21\" max=\"20\" min=\"0\" type=\"number\" placeholder=\"10\" \/><\/td>\n<td id=\"coef_SPE21\" class=\"coeff1\"><\/td>\n<td class=\"note2\"><input id=\"SPE22\" max=\"20\" min=\"0\" type=\"number\" placeholder=\"10\" \/><\/td>\n<td id=\"coef_SPE22\" class=\"coeff2\"><\/td>\n<td id=\"points_SPE2\" class=\"points\"><\/td>\n<td id=\"coeff_tot_SPE2\" class=\"coeff_tot\"><\/td>\n<\/tr>\n<tr>\n<td>Philosophie<\/td>\n<td class=\"note1\"><input id=\"PHILO1\" max=\"20\" min=\"0\" type=\"number\" placeholder=\"10\" \/><\/td>\n<td id=\"coef_PHILO1\" class=\"coeff1\"><\/td>\n<td class=\"note2\"><input id=\"PHILO2\" max=\"20\" min=\"0\" type=\"number\" placeholder=\"10\" \/><\/td>\n<td id=\"coef_PHILO2\" class=\"coeff2\"><\/td>\n<td id=\"points_PHILO\" class=\"points\"><\/td>\n<td id=\"coeff_tot_PHILO\" class=\"coeff_tot\"><\/td>\n<\/tr>\n<tr>\n<td>Grand Oral<\/td>\n<td class=\"note1\"><input id=\"GO1\" max=\"20\" min=\"0\" type=\"number\" placeholder=\"10\" \/><\/td>\n<td id=\"coef_GO1\" class=\"coeff1\"><\/td>\n<td class=\"note2\"><input id=\"GO2\" max=\"20\" min=\"0\" type=\"number\" placeholder=\"10\" \/><\/td>\n<td id=\"coef_GO2\" class=\"coeff2\"><\/td>\n<td id=\"points_GO\" class=\"points\"><\/td>\n<td id=\"coeff_tot_GO\" class=\"coeff_tot\"><\/td>\n<\/tr>\n<tr>\n<td rowspan=\"4\">Options facultatives<\/td>\n<td><input id=\"checkOpt1\" class=\"option\" type=\"checkbox\" \/><label for=\"checkOpt1\">Option 1 <\/label><span id=\"aCacher\" class=\"aCacher\"><input id=\"premiere1\" class=\"option1\" checked=\"checked\" type=\"checkbox\" \/><label for=\"premiere1\">1re<\/label><input id=\"terminale1\" class=\"option1\" checked=\"checked\" type=\"checkbox\" \/><label for=\"terminale1\">Tle<\/label><\/span><\/td>\n<td class=\"note1\"><input id=\"OPT11\" max=\"20\" min=\"0\" type=\"number\" placeholder=\"10\" \/><\/td>\n<td id=\"coef_OPT11\" class=\"coeff1\"><\/td>\n<td class=\"note2\"><input id=\"OPT12\" max=\"20\" min=\"0\" type=\"number\" placeholder=\"10\" \/><\/td>\n<td id=\"coef_OPT12\" class=\"coeff2\"><\/td>\n<td id=\"points_OPT1\" class=\"points\"><\/td>\n<td id=\"coeff_tot_OPT1\" class=\"coeff_tot\"><\/td>\n<\/tr>\n<tr>\n<td><input id=\"checkOpt2\" class=\"option\" type=\"checkbox\" \/><label for=\"checkOpt2\">Option 2 <\/label><\/td>\n<td class=\"note1\"><input id=\"OPT21\" max=\"20\" min=\"0\" type=\"number\" placeholder=\"10\" \/><\/td>\n<td id=\"coef_OPT21\" class=\"coeff1\"><\/td>\n<td class=\"note2\"><input id=\"OPT22\" max=\"20\" min=\"0\" type=\"number\" placeholder=\"10\" \/><\/td>\n<td id=\"coef_OPT22\" class=\"coeff2\"><\/td>\n<td id=\"points_OPT2\" class=\"points\"><\/td>\n<td id=\"coeff_tot_OPT2\" class=\"coeff_tot\"><\/td>\n<\/tr>\n<tr>\n<td><input id=\"checkLat\" class=\"option\" type=\"checkbox\" \/><label for=\"checkLat\">LCA Latin<\/label><\/td>\n<td class=\"note1\"><input id=\"LAT1\" max=\"20\" min=\"0\" type=\"number\" placeholder=\"10\" \/><\/td>\n<td id=\"coef_LAT1\" class=\"coeff1\"><\/td>\n<td class=\"note2\"><input id=\"LAT2\" max=\"20\" min=\"0\" type=\"number\" placeholder=\"10\" \/><\/td>\n<td id=\"coef_LAT2\" class=\"coeff2\"><\/td>\n<td id=\"points_LAT\" class=\"points\"><\/td>\n<td id=\"coeff_tot_LAT\" class=\"coeff_tot\"><\/td>\n<\/tr>\n<tr>\n<td><input id=\"checkGrec\" class=\"option\" type=\"checkbox\" \/><label for=\"checkGrec\">LCA Grec<\/label><\/td>\n<td class=\"note1\"><input id=\"GREC1\" max=\"20\" min=\"0\" type=\"number\" placeholder=\"10\" \/><\/td>\n<td id=\"coef_GREC1\" class=\"coeff1\"><\/td>\n<td class=\"note2\"><input id=\"GREC2\" max=\"20\" min=\"0\" type=\"number\" placeholder=\"10\" \/><\/td>\n<td id=\"coef_GREC2\" class=\"coeff2\"><\/td>\n<td id=\"points_GREC\" class=\"points\"><\/td>\n<td id=\"coeff_tot_GREC\" class=\"coeff_tot\"><\/td>\n<\/tr>\n<tr>\n<td colspan=\"5\"><\/td>\n<td>Total<\/td>\n<td id=\"total_points\"><\/td>\n<td id=\"total_coeff\"><\/td>\n<\/tr>\n<tr>\n<td colspan=\"5\"><\/td>\n<td>Moyenne<\/td>\n<td id=\"moyenne\"><\/td>\n<td><\/td>\n<\/tr>\n<tr>\n<td colspan=\"5\"><\/td>\n<td>Remarque<\/td>\n<td id=\"remarque\" colspan=\"2\"><\/td>\n<\/tr>\n<\/tbody>\n<\/table>\n<p><script>\r\nvar les_invisibles=document.getElementsByClassName(\"invisible\");\r\nfor(var i=0; i< les_invisibles.length;i++){\r\nles_invisibles[i].style.display=\"none\";\r\n}\r\n\r\n\r\nvar les_cases=document.getElementsByTagName(\"td\");\r\nfor(var i=0; i<les_cases.length;i++){\r\nles_cases[i].style.height=\"34px\";\r\nles_cases[i].style.padding=\"4px\";\r\nif ((les_cases[i].className == \"note1\") || (les_cases[i].className == \"note2\") ||(les_cases[i].className == \"coeff1\") ||(les_cases[i].className == \"coeff2\") ||(les_cases[i].className == \"points\") ||(les_cases[i].className == \"coeff_tot\") ||(les_cases[i].id == \"total_points\") ||(les_cases[i].id == \"total_coeff\") ||(les_cases[i].id == \"moyenne\")){\r\nles_cases[i].style.textAlign=\"center\";\r\n}\r\n}\r\n\r\ndocument.getElementById(\"remarque\").style.width=\"300px\";\r\n\r\nvar les_input=document.getElementsByTagName(\"input\");\r\nfor(var i=0; i< les_input.length;i++){\r\nles_input[i].style.height=\"26px\";\r\nles_input[i].style.padding=\"2px\";\r\nles_input[i].addEventListener(\"change\", calcule);\r\n}\r\n\r\nvar trucsACacher=document.getElementById(\"aCacher\");\r\ntrucsACacher.style.display=\"none\";\r\n\r\n\r\nvar MATIERES=['Bulletin', 'LVA', 'LVB', 'HG', 'EPS', 'ES', 'EMC', 'spe_aband', 'FE', 'FO', 'SPE1', 'SPE2', 'PHILO', 'GO', 'OPT1', 'OPT2', 'LAT', 'GREC'];\r\nvar COEFF_2023_1ERE=[0, 3, 3, 3, 0, 3, 1, 8, 5, 5, 0, 0, 0, 0, 2, 0, 2, 2];\r\nvar COEFF_2023_TLE=[0, 3, 3, 3, 6, 3, 1, 0, 0, 0, 16, 16, 8, 10, 2, 2, 2, 2];\r\n\r\n\r\n\r\n\r\n\r\n\r\nfunction initialisation(){\r\nvar notes1 = document.getElementById('baccalaureat').getElementsByClassName(\"note1\");\r\nvar coefficients1 = document.getElementById('baccalaureat').getElementsByClassName(\"coeff1\");\r\n\r\nfor(var i=0; i<notes1.length;i++){\r\nif(COEFF_2023_1ERE[i]==0) {\r\nnotes1[i].style.backgroundColor=\"lightGrey\";\r\nnotes1[i].children[0].type=\"hidden\";\r\nnotes1[i].children[0].value=0;\r\ncoefficients1[i].style.color=\"lightGrey\";\r\ncoefficients1[i].style.backgroundColor=\"lightGrey\";\r\n}\r\nelse{\r\nnotes1[i].style.backgroundColor=\"white\";\r\nnotes1[i].children[0].type=\"number\";\r\nnotes1[i].children[0].value=10;\r\ncoefficients1[i].style.color=\"black\";\r\ncoefficients1[i].style.backgroundColor=\"white\";\r\n}\r\ncoefficients1[i].innerHTML= COEFF_2023_1ERE[i];\r\n}\r\n\r\nvar notes2 = document.getElementById('baccalaureat').getElementsByClassName(\"note2\");\r\nvar coefficients2 = document.getElementById('baccalaureat').getElementsByClassName(\"coeff2\");\r\n\r\nfor(var i=0; i<notes2.length;i++){\r\nif(COEFF_2023_TLE[i]==0) {\r\nnotes2[i].style.backgroundColor=\"lightGrey\";\r\nnotes2[i].children[0].type=\"hidden\";\r\nnotes2[i].children[0].value=0;\r\ncoefficients2[i].style.color=\"lightGrey\";\r\ncoefficients2[i].style.backgroundColor=\"lightGrey\";\r\n}\r\nelse{\r\nnotes2[i].style.backgroundColor=\"white\";\r\nnotes2[i].children[0].type=\"number\";\r\nnotes2[i].children[0].value=10;\r\ncoefficients2[i].style.color=\"black\";\r\ncoefficients2[i].style.backgroundColor=\"white\";\r\n}\r\ncoefficients2[i].innerHTML= COEFF_2023_TLE[i];\r\n}\r\n\r\n\r\n}\r\n\r\n\r\n\r\nfunction calcule(){\r\nvar notes1 = document.getElementById('baccalaureat').getElementsByClassName(\"note1\");\r\nvar notes2 = document.getElementById('baccalaureat').getElementsByClassName(\"note2\");\r\nvar coefficients1 = document.getElementById('baccalaureat').getElementsByClassName(\"coeff1\");\r\nvar coefficients2 = document.getElementById('baccalaureat').getElementsByClassName(\"coeff2\");\r\nvar coeff_tot = document.getElementById('baccalaureat').getElementsByClassName(\"coeff_tot\");\r\nvar points = document.getElementById('baccalaureat').getElementsByClassName(\"points\");\r\n\r\nfor (var i=0; i<MATIERES.length;i++){\r\npoints[i].innerHTML = (parseFloat(notes1[i].children[0].value) * parseFloat(coefficients1[i].innerHTML) + parseFloat(notes2[i].children[0].value) * parseFloat(coefficients2[i].innerHTML)).toFixed(2);\r\ncoeff_tot[i].innerHTML=parseFloat(coefficients1[i].innerHTML)+parseFloat(coefficients2[i].innerHTML);\r\n}\r\n\r\nvar points_total=0\r\nvar coeff_total=0\r\n\r\nfor (var i=0; i< coeff_tot.length;i++){\r\npoints_total = points_total + parseFloat(points[i].innerHTML);\r\ncoeff_total = coeff_total + parseFloat(coeff_tot[i].innerHTML);\r\n}\r\n\r\ndocument.getElementById('total_points').innerHTML= points_total.toFixed(2);\r\ndocument.getElementById('total_coeff').innerHTML= coeff_total.toFixed(2);\r\nmoyenne = (points_total\/coeff_total).toFixed(2);\r\ndocument.getElementById('moyenne').innerHTML= moyenne;\r\n\r\nvar mentions=[\"Recal\u00e9\", \"Recal\u00e9\", \"Recal\u00e9\", \"Recal\u00e9\", \"Passage au second groupe\", \"Admis\", \"Admis avec mention Assez Bien\", \"Admis avec mention Bien\", \"Admis avec mention Tr\u00e8s Bien\", \"Admis avec mention Tr\u00e8s Bien\", \"Admis avec mention Tr\u00e8s Bien\"];\r\n\r\nma_mention = mentions[parseInt(moyenne\/2)];\r\ndocument.getElementById('remarque').innerHTML= ma_mention;\r\n}\r\n\r\nfunction check_opt(){\r\nvar les_options=document.getElementById('baccalaureat').getElementsByClassName(\"option\");\r\nvar notes1 = document.getElementById('baccalaureat').getElementsByClassName(\"note1\");\r\nvar coefficients1 = document.getElementById('baccalaureat').getElementsByClassName(\"coeff1\");\r\nvar notes2 = document.getElementById('baccalaureat').getElementsByClassName(\"note2\");\r\nvar coefficients2= document.getElementById('baccalaureat').getElementsByClassName(\"coeff2\");\r\n\r\nfor(var i=0; i< les_options.length;i++){\r\nif (les_options[i].checked){\r\nnotes1[14+i].style.backgroundColor=\"white\";\r\nnotes1[14+i].children[0].type=\"number\";\r\ncoefficients1[14+i].style.color=\"black\";\r\ncoefficients1[14+i].innerHTML= COEFF_2023_1ERE[14+i];\r\ncoefficients1[14+i].style.backgroundColor=\"white\";\r\nnotes2[14+i].style.backgroundColor=\"white\";\r\nnotes2[14+i].children[0].type=\"number\";\r\ncoefficients2[14+i].style.color=\"black\";\r\ncoefficients2[14+i].innerHTML= COEFF_2023_TLE[14+i];\r\ncoefficients2[14+i].style.backgroundColor=\"white\";\r\n}\r\nelse{\r\nnotes1[14+i].style.backgroundColor=\"lightGrey\";\r\nnotes1[14+i].children[0].type=\"hidden\";\r\ncoefficients1[14+i].style.color=\"lightGrey\";\r\ncoefficients1[14+i].innerHTML=0;\r\ncoefficients1[14+i].style.backgroundColor=\"lightGrey\";\r\nnotes2[14+i].style.backgroundColor=\"lightGrey\";\r\nnotes2[14+i].children[0].type=\"hidden\";\r\ncoefficients2[14+i].style.color=\"lightGrey\";\r\ncoefficients2[14+i].innerHTML=0;\r\ncoefficients2[14+i].style.backgroundColor=\"lightGrey\";\r\n}\r\n}\r\nif (les_options[0].checked){\r\ndocument.getElementById(\"aCacher\").style.display=\"inline\";\r\nif (!(document.getElementById(\"premiere1\").checked)){\r\nnotes1[14].style.backgroundColor=\"lightGrey\";\r\nnotes1[14].children[0].type=\"hidden\";\r\ncoefficients1[14].style.color=\"lightGrey\";\r\ncoefficients1[14].innerHTML=0;\r\ncoefficients1[14].style.backgroundColor=\"lightGrey\";\r\n}\r\nif (!(document.getElementById(\"terminale1\").checked)){\r\nnotes2[14].style.backgroundColor=\"lightGrey\";\r\nnotes2[14].children[0].type=\"hidden\";\r\ncoefficients2[14].style.color=\"lightGrey\";\r\ncoefficients2[14].innerHTML=0;\r\ncoefficients2[14].style.backgroundColor=\"lightGrey\";\r\n}\r\n}\r\nelse {\r\ndocument.getElementById(\"aCacher\").style.display=\"none\";\r\n}\r\nnotes1[15].style.backgroundColor=\"lightGrey\";\r\nnotes1[15].children[0].type=\"hidden\";\r\ncoefficients1[15].innerHTML=0;\r\ncoefficients1[15].style.color=\"lightGrey\";\r\ncoefficients1[15].style.backgroundColor=\"lightGrey\";\r\n\r\ncalcule()\r\n}\r\n\r\nvar les_options=document.getElementById('baccalaureat').getElementsByClassName(\"option\");\r\nfor (var i=0; i< les_options.length;i++){\r\nles_options[i].addEventListener(\"change\", check_opt);\r\n}\r\nvar les_options1=document.getElementById('baccalaureat').getElementsByClassName(\"option1\");\r\nfor (var i=0; i< les_options1.length;i++){\r\nles_options1[i].addEventListener(\"change\", check_opt);\r\n}\r\ninitialisation();\r\ncheck_opt();\r\ncalcule();\r\n<\/script><\/p>\n","protected":false},"excerpt":{"rendered":"<p>Premi\u00e8re Terminale Mati\u00e8re Note Coefficient Note Coefficient Total points Total coefficient Bulletin Tronc Commmun LVA LVB Histoire-G\u00e9ographie EPS Enseignement scientifique EMC Sp\u00e9cialit\u00e9 abandonn\u00e9e Epreuves terminales Fran\u00e7ais \u00e9crit Fran\u00e7ais oral Sp\u00e9cialit\u00e9 1 Sp\u00e9cialit\u00e9 2 Philosophie Grand Oral Options facultatives Option 1 1reTle Option 2 LCA Latin LCA Grec Total Moyenne Remarque<\/p>\n","protected":false},"author":1,"featured_media":0,"parent":0,"menu_order":0,"comment_status":"closed","ping_status":"closed","template":"","meta":{"footnotes":""},"class_list":["post-2836","page","type-page","status-publish","czr-hentry"],"_links":{"self":[{"href":"https:\/\/courscaneri.ovh\/index.php?rest_route=\/wp\/v2\/pages\/2836","targetHints":{"allow":["GET"]}}],"collection":[{"href":"https:\/\/courscaneri.ovh\/index.php?rest_route=\/wp\/v2\/pages"}],"about":[{"href":"https:\/\/courscaneri.ovh\/index.php?rest_route=\/wp\/v2\/types\/page"}],"author":[{"embeddable":true,"href":"https:\/\/courscaneri.ovh\/index.php?rest_route=\/wp\/v2\/users\/1"}],"replies":[{"embeddable":true,"href":"https:\/\/courscaneri.ovh\/index.php?rest_route=%2Fwp%2Fv2%2Fcomments&post=2836"}],"version-history":[{"count":10,"href":"https:\/\/courscaneri.ovh\/index.php?rest_route=\/wp\/v2\/pages\/2836\/revisions"}],"predecessor-version":[{"id":4030,"href":"https:\/\/courscaneri.ovh\/index.php?rest_route=\/wp\/v2\/pages\/2836\/revisions\/4030"}],"wp:attachment":[{"href":"https:\/\/courscaneri.ovh\/index.php?rest_route=%2Fwp%2Fv2%2Fmedia&parent=2836"}],"curies":[{"name":"wp","href":"https:\/\/api.w.org\/{rel}","templated":true}]}}