{"id":318,"date":"2019-08-31T13:16:09","date_gmt":"2019-08-31T11:16:09","guid":{"rendered":"http:\/\/caneri.gmollet.free.fr\/?page_id=318"},"modified":"2023-09-13T15:25:00","modified_gmt":"2023-09-13T13:25:00","slug":"activite-ii","status":"publish","type":"page","link":"https:\/\/courscaneri.ovh\/?page_id=318","title":{"rendered":"Activit\u00e9 II &#8211; Polyn\u00f4mes du second degr\u00e9 et plus"},"content":{"rendered":"<h2>Partie I &#8211; un exemple<\/h2>\n<p>Soit <code class=\"katex-inline\"><img loading=\"lazy\" decoding=\"async\" src=\"https:\/\/courscaneri.ovh\/wp-content\/ql-cache\/quicklatex.com-fda1e51b12ba3624074fcbebad72b1fc_l3.png\" class=\"ql-img-inline-formula quicklatex-auto-format\" alt=\"&#80;\" title=\"Rendered by QuickLaTeX.com\" height=\"12\" width=\"14\" style=\"vertical-align: 0px;\"\/><\/code> le polyn\u00f4me du troisi\u00e8me degr\u00e9 d\u00e9fini par:<br \/>\n<code class=\"katex-inline\"><img loading=\"lazy\" decoding=\"async\" src=\"https:\/\/courscaneri.ovh\/wp-content\/ql-cache\/quicklatex.com-bafae85a7311b9181d365032177b50a9_l3.png\" class=\"ql-img-inline-formula quicklatex-auto-format\" alt=\"&#92;&#102;&#111;&#114;&#97;&#108;&#108;&#32;&#120;&#32;&#92;&#105;&#110;&#32;&#92;&#109;&#97;&#116;&#104;&#98;&#98;&#123;&#82;&#125;&#44;&#32;&#80;&#40;&#120;&#41;&#61;&#50;&#120;&#94;&#51;&#45;&#49;&#52;&#120;&#94;&#50;&#43;&#51;&#50;&#120;&#45;&#50;&#52;\" title=\"Rendered by QuickLaTeX.com\" height=\"20\" width=\"297\" style=\"vertical-align: -5px;\"\/><\/code><\/p>\n<ol>\n<li>Le nombre 2 est-il racine du polyn\u00f4me <code class=\"katex-inline\">P<\/code>?<\/li>\n<li>Trouver trois nombres r\u00e9els <code class=\"katex-inline\">a<\/code>, <code class=\"katex-inline\">b<\/code> et <code class=\"katex-inline\">c<\/code> tels que <code class=\"katex-inline\"><img loading=\"lazy\" decoding=\"async\" src=\"https:\/\/courscaneri.ovh\/wp-content\/ql-cache\/quicklatex.com-049cd8f581fb6ba9ee97b956ffbb9c91_l3.png\" class=\"ql-img-inline-formula quicklatex-auto-format\" alt=\"&#92;&#102;&#111;&#114;&#97;&#108;&#108;&#32;&#120;&#32;&#92;&#105;&#110;&#32;&#92;&#109;&#97;&#116;&#104;&#98;&#98;&#123;&#82;&#125;&#44;&#32;&#80;&#40;&#120;&#41;&#61;&#40;&#120;&#45;&#50;&#41;&#40;&#97;&#120;&#94;&#50;&#43;&#98;&#120;&#43;&#99;&#41;\" title=\"Rendered by QuickLaTeX.com\" height=\"20\" width=\"287\" style=\"vertical-align: -5px;\"\/><\/code>.<\/li>\n<li>D\u00e9terminer le signe de<code class=\"katex-inline\"><img loading=\"lazy\" decoding=\"async\" src=\"https:\/\/courscaneri.ovh\/wp-content\/ql-cache\/quicklatex.com-d0da22b6347dac80d8c7d5e155a8bf81_l3.png\" class=\"ql-img-inline-formula quicklatex-auto-format\" alt=\"&#80;&#40;&#120;&#41;\" title=\"Rendered by QuickLaTeX.com\" height=\"19\" width=\"37\" style=\"vertical-align: -5px;\"\/><\/code> selon les valeurs de <code class=\"katex-inline\"><img loading=\"lazy\" decoding=\"async\" src=\"https:\/\/courscaneri.ovh\/wp-content\/ql-cache\/quicklatex.com-7e5fbfa0bbbd9f3051cd156a0f1b5e31_l3.png\" class=\"ql-img-inline-formula quicklatex-auto-format\" alt=\"&#120;\" title=\"Rendered by QuickLaTeX.com\" height=\"8\" width=\"10\" style=\"vertical-align: 0px;\"\/><\/code>.<\/li>\n<li>Factoriser <code class=\"katex-inline\"><img loading=\"lazy\" decoding=\"async\" src=\"https:\/\/courscaneri.ovh\/wp-content\/ql-cache\/quicklatex.com-d0da22b6347dac80d8c7d5e155a8bf81_l3.png\" class=\"ql-img-inline-formula quicklatex-auto-format\" alt=\"&#80;&#40;&#120;&#41;\" title=\"Rendered by QuickLaTeX.com\" height=\"19\" width=\"37\" style=\"vertical-align: -5px;\"\/><\/code> le plus possible.<\/li>\n<\/ol>\n<h2>Partie II &#8211; un autre exemple et une g\u00e9n\u00e9ralit\u00e9<\/h2>\n<p>Soit <code class=\"katex-inline\"><img loading=\"lazy\" decoding=\"async\" src=\"https:\/\/courscaneri.ovh\/wp-content\/ql-cache\/quicklatex.com-dd440a7af28975f52f03607a49307d46_l3.png\" class=\"ql-img-inline-formula quicklatex-auto-format\" alt=\"&#81;\" title=\"Rendered by QuickLaTeX.com\" height=\"16\" width=\"14\" style=\"vertical-align: -4px;\"\/><\/code> le polyn\u00f4me du troisi\u00e8me degr\u00e9 d\u00e9fini par:<br \/>\n<code class=\"katex-inline\"><img loading=\"lazy\" decoding=\"async\" src=\"https:\/\/courscaneri.ovh\/wp-content\/ql-cache\/quicklatex.com-0bbee91c5fcc1ab946659a60899de4e9_l3.png\" class=\"ql-img-inline-formula quicklatex-auto-format\" alt=\"&#92;&#102;&#111;&#114;&#97;&#108;&#108;&#32;&#120;&#32;&#92;&#105;&#110;&#32;&#92;&#109;&#97;&#116;&#104;&#98;&#98;&#123;&#82;&#125;&#44;&#32;&#81;&#40;&#120;&#41;&#61;&#120;&#94;&#51;&#45;&#49;\" title=\"Rendered by QuickLaTeX.com\" height=\"20\" width=\"171\" style=\"vertical-align: -5px;\"\/><\/code><\/p>\n<ol>\n<li>Trouver une racine \u00e9vidente du polyn\u00f4me <code class=\"katex-inline\"><img loading=\"lazy\" decoding=\"async\" src=\"https:\/\/courscaneri.ovh\/wp-content\/ql-cache\/quicklatex.com-dd440a7af28975f52f03607a49307d46_l3.png\" class=\"ql-img-inline-formula quicklatex-auto-format\" alt=\"&#81;\" title=\"Rendered by QuickLaTeX.com\" height=\"16\" width=\"14\" style=\"vertical-align: -4px;\"\/><\/code>.<\/li>\n<li>Factoriser <code class=\"katex-inline\"><img loading=\"lazy\" decoding=\"async\" src=\"https:\/\/courscaneri.ovh\/wp-content\/ql-cache\/quicklatex.com-73a1f49071726f2f57a2ce3c48240737_l3.png\" class=\"ql-img-inline-formula quicklatex-auto-format\" alt=\"&#81;&#40;&#120;&#41;\" title=\"Rendered by QuickLaTeX.com\" height=\"19\" width=\"37\" style=\"vertical-align: -5px;\"\/><\/code> le plus possible.Soit <code class=\"katex-inline\"><img loading=\"lazy\" decoding=\"async\" src=\"https:\/\/courscaneri.ovh\/wp-content\/ql-cache\/quicklatex.com-d6abdd487c56e5efbb2c9522ed4b9360_l3.png\" class=\"ql-img-inline-formula quicklatex-auto-format\" alt=\"&#82;\" title=\"Rendered by QuickLaTeX.com\" height=\"12\" width=\"14\" style=\"vertical-align: 0px;\"\/><\/code> le polyn\u00f4me du quatri\u00e8me degr\u00e9 d\u00e9fini par:<br \/>\n<code class=\"katex-inline\"><img loading=\"lazy\" decoding=\"async\" src=\"https:\/\/courscaneri.ovh\/wp-content\/ql-cache\/quicklatex.com-596124fc692b5e57784a66de4824da32_l3.png\" class=\"ql-img-inline-formula quicklatex-auto-format\" alt=\"&#92;&#102;&#111;&#114;&#97;&#108;&#108;&#32;&#120;&#32;&#92;&#105;&#110;&#32;&#92;&#109;&#97;&#116;&#104;&#98;&#98;&#123;&#82;&#125;&#44;&#32;&#82;&#40;&#120;&#41;&#61;&#120;&#94;&#52;&#45;&#49;\" title=\"Rendered by QuickLaTeX.com\" height=\"20\" width=\"171\" style=\"vertical-align: -5px;\"\/><\/code><\/li>\n<li>Factoriser si possible <code class=\"katex-inline\"><img loading=\"lazy\" decoding=\"async\" src=\"https:\/\/courscaneri.ovh\/wp-content\/ql-cache\/quicklatex.com-9982497dc73d32f02f1217ebd2210b34_l3.png\" class=\"ql-img-inline-formula quicklatex-auto-format\" alt=\"&#82;&#40;&#120;&#41;\" title=\"Rendered by QuickLaTeX.com\" height=\"19\" width=\"37\" style=\"vertical-align: -5px;\"\/><\/code>.<\/li>\n<li>Conjecturer sur la factorisation de <code class=\"katex-inline\"><img loading=\"lazy\" decoding=\"async\" src=\"https:\/\/courscaneri.ovh\/wp-content\/ql-cache\/quicklatex.com-a8860d4c8f2c219850cc9b847333ff61_l3.png\" class=\"ql-img-inline-formula quicklatex-auto-format\" alt=\"&#80;&#95;&#110;\" title=\"Rendered by QuickLaTeX.com\" height=\"15\" width=\"19\" style=\"vertical-align: -3px;\"\/><\/code> le polyn\u00f4me du n-i\u00e8me degr\u00e9 d\u00e9fini par:<br \/>\n<code class=\"katex-inline\"><img loading=\"lazy\" decoding=\"async\" src=\"https:\/\/courscaneri.ovh\/wp-content\/ql-cache\/quicklatex.com-a9be2b46c61eb2c033672d64a13d0fa3_l3.png\" class=\"ql-img-inline-formula quicklatex-auto-format\" alt=\"&#92;&#102;&#111;&#114;&#97;&#108;&#108;&#32;&#120;&#32;&#92;&#105;&#110;&#32;&#92;&#109;&#97;&#116;&#104;&#98;&#98;&#123;&#82;&#125;&#44;&#32;&#80;&#95;&#110;&#40;&#120;&#41;&#61;&#120;&#94;&#110;&#45;&#49;\" title=\"Rendered by QuickLaTeX.com\" height=\"19\" width=\"179\" style=\"vertical-align: -5px;\"\/><\/code><\/li>\n<li>D\u00e9montrer cette conjecture.<\/li>\n<\/ol>\n<h2>Partie III &#8211; Une autre g\u00e9n\u00e9ralit\u00e9<\/h2>\n<p>Soit <code class=\"katex-inline\"><img loading=\"lazy\" decoding=\"async\" src=\"https:\/\/courscaneri.ovh\/wp-content\/ql-cache\/quicklatex.com-564a6b3b4b4ba45590be7714ec8cd9d6_l3.png\" class=\"ql-img-inline-formula quicklatex-auto-format\" alt=\"&#97;&#32;&#92;&#105;&#110;&#32;&#92;&#109;&#97;&#116;&#104;&#98;&#98;&#123;&#82;&#125;&#95;&#43;&#94;&#42;\" title=\"Rendered by QuickLaTeX.com\" height=\"18\" width=\"54\" style=\"vertical-align: -6px;\"\/><\/code>. Soit <code class=\"katex-inline\"><img loading=\"lazy\" decoding=\"async\" src=\"https:\/\/courscaneri.ovh\/wp-content\/ql-cache\/quicklatex.com-4626d5cf5a06be0670a15125e7fbb47e_l3.png\" class=\"ql-img-inline-formula quicklatex-auto-format\" alt=\"&#81;&#95;&#110;\" title=\"Rendered by QuickLaTeX.com\" height=\"16\" width=\"22\" style=\"vertical-align: -4px;\"\/><\/code> le polyn\u00f4me du n-i\u00e8me degr\u00e9 d\u00e9fini par:<br \/>\n<code class=\"katex-inline\"><img loading=\"lazy\" decoding=\"async\" src=\"https:\/\/courscaneri.ovh\/wp-content\/ql-cache\/quicklatex.com-971e2d3a74461ed83542c417e6d9c96d_l3.png\" class=\"ql-img-inline-formula quicklatex-auto-format\" alt=\"&#92;&#102;&#111;&#114;&#97;&#108;&#108;&#32;&#120;&#32;&#92;&#105;&#110;&#32;&#92;&#109;&#97;&#116;&#104;&#98;&#98;&#123;&#82;&#125;&#44;&#32;&#81;&#95;&#110;&#40;&#120;&#41;&#61;&#120;&#94;&#110;&#45;&#97;&#94;&#110;\" title=\"Rendered by QuickLaTeX.com\" height=\"19\" width=\"191\" style=\"vertical-align: -5px;\"\/><\/code><\/p>\n<ol>\n<li>Trouver une racine \u00e9vidente du polyn\u00f4me <code class=\"katex-inline\"><img loading=\"lazy\" decoding=\"async\" src=\"https:\/\/courscaneri.ovh\/wp-content\/ql-cache\/quicklatex.com-4626d5cf5a06be0670a15125e7fbb47e_l3.png\" class=\"ql-img-inline-formula quicklatex-auto-format\" alt=\"&#81;&#95;&#110;\" title=\"Rendered by QuickLaTeX.com\" height=\"16\" width=\"22\" style=\"vertical-align: -4px;\"\/><\/code>.<\/li>\n<li>Factoriser <code class=\"katex-inline\"><img loading=\"lazy\" decoding=\"async\" src=\"https:\/\/courscaneri.ovh\/wp-content\/ql-cache\/quicklatex.com-0e876b3e2c1781699e04f756e1e88d1e_l3.png\" class=\"ql-img-inline-formula quicklatex-auto-format\" alt=\"&#81;&#95;&#110;&#40;&#120;&#41;\" title=\"Rendered by QuickLaTeX.com\" height=\"19\" width=\"46\" style=\"vertical-align: -5px;\"\/><\/code>. <em>On pourra testet les cas o\u00f9 <code class=\"katex-inline\"><img loading=\"lazy\" decoding=\"async\" src=\"https:\/\/courscaneri.ovh\/wp-content\/ql-cache\/quicklatex.com-699d439755b20233950c96472f7c4b71_l3.png\" class=\"ql-img-inline-formula quicklatex-auto-format\" alt=\"&#110;&#61;&#50;\" title=\"Rendered by QuickLaTeX.com\" height=\"12\" width=\"42\" style=\"vertical-align: 0px;\"\/><\/code>, <code class=\"katex-inline\"><img loading=\"lazy\" decoding=\"async\" src=\"https:\/\/courscaneri.ovh\/wp-content\/ql-cache\/quicklatex.com-07bec8d6f353016c9afef1859b4b49f8_l3.png\" class=\"ql-img-inline-formula quicklatex-auto-format\" alt=\"&#110;&#61;&#51;\" title=\"Rendered by QuickLaTeX.com\" height=\"12\" width=\"43\" style=\"vertical-align: 0px;\"\/><\/code> et <code class=\"katex-inline\"><img loading=\"lazy\" decoding=\"async\" src=\"https:\/\/courscaneri.ovh\/wp-content\/ql-cache\/quicklatex.com-ca64062e3a8620060e5a3c1e33866da9_l3.png\" class=\"ql-img-inline-formula quicklatex-auto-format\" alt=\"&#110;&#61;&#52;\" title=\"Rendered by QuickLaTeX.com\" height=\"12\" width=\"43\" style=\"vertical-align: 0px;\"\/><\/code> et conjecturer. Ensuite on d\u00e9montrera la conjecture.<\/em><\/li>\n<\/ol>\n","protected":false},"excerpt":{"rendered":"<p>Partie I &#8211; un exemple Soit le polyn\u00f4me du troisi\u00e8me degr\u00e9 d\u00e9fini par: Le nombre 2 est-il racine du polyn\u00f4me P? Trouver trois nombres r\u00e9els a, b et c tels que . D\u00e9terminer le signe de selon les valeurs de . Factoriser le plus possible. Partie II &#8211; un autre exemple et une g\u00e9n\u00e9ralit\u00e9 Soit [&hellip;]<\/p>\n","protected":false},"author":2,"featured_media":0,"parent":112,"menu_order":2,"comment_status":"closed","ping_status":"closed","template":"","meta":{"footnotes":""},"class_list":["post-318","page","type-page","status-publish","czr-hentry"],"_links":{"self":[{"href":"https:\/\/courscaneri.ovh\/index.php?rest_route=\/wp\/v2\/pages\/318","targetHints":{"allow":["GET"]}}],"collection":[{"href":"https:\/\/courscaneri.ovh\/index.php?rest_route=\/wp\/v2\/pages"}],"about":[{"href":"https:\/\/courscaneri.ovh\/index.php?rest_route=\/wp\/v2\/types\/page"}],"author":[{"embeddable":true,"href":"https:\/\/courscaneri.ovh\/index.php?rest_route=\/wp\/v2\/users\/2"}],"replies":[{"embeddable":true,"href":"https:\/\/courscaneri.ovh\/index.php?rest_route=%2Fwp%2Fv2%2Fcomments&post=318"}],"version-history":[{"count":6,"href":"https:\/\/courscaneri.ovh\/index.php?rest_route=\/wp\/v2\/pages\/318\/revisions"}],"predecessor-version":[{"id":3913,"href":"https:\/\/courscaneri.ovh\/index.php?rest_route=\/wp\/v2\/pages\/318\/revisions\/3913"}],"up":[{"embeddable":true,"href":"https:\/\/courscaneri.ovh\/index.php?rest_route=\/wp\/v2\/pages\/112"}],"wp:attachment":[{"href":"https:\/\/courscaneri.ovh\/index.php?rest_route=%2Fwp%2Fv2%2Fmedia&parent=318"}],"curies":[{"name":"wp","href":"https:\/\/api.w.org\/{rel}","templated":true}]}}