{"id":320,"date":"2019-08-31T13:16:40","date_gmt":"2019-08-31T11:16:40","guid":{"rendered":"http:\/\/caneri.gmollet.free.fr\/?page_id=320"},"modified":"2023-09-13T15:29:44","modified_gmt":"2023-09-13T13:29:44","slug":"activite-iii","status":"publish","type":"page","link":"https:\/\/courscaneri.ovh\/?page_id=320","title":{"rendered":"Activit\u00e9 III &#8211; Trigonom\u00e9trie"},"content":{"rendered":"<p><img decoding=\"async\" src=\"http:\/\/courscaneri.ovh\/wp-content\/uploads\/2020\/11\/cercle-trigo-theta-2.png\" alt=\"\" \/><\/p>\n<p>On consid\u00e8re le cercle trigonom\u00e9trique ci-dessus.<br \/>\nSoit <code class=\"katex-inline\"><img loading=\"lazy\" decoding=\"async\" src=\"https:\/\/courscaneri.ovh\/wp-content\/ql-cache\/quicklatex.com-27d6692c77760dc1111628e74a6d272f_l3.png\" class=\"ql-img-inline-formula quicklatex-auto-format\" alt=\"&#77;\" title=\"Rendered by QuickLaTeX.com\" height=\"12\" width=\"19\" style=\"vertical-align: 0px;\"\/><\/code> le point image du nombre r\u00e9el <code class=\"katex-inline\"><img loading=\"lazy\" decoding=\"async\" src=\"https:\/\/courscaneri.ovh\/wp-content\/ql-cache\/quicklatex.com-7b2034939b850e3311120fca462ab64e_l3.png\" class=\"ql-img-inline-formula quicklatex-auto-format\" alt=\"&#92;&#116;&#104;&#101;&#116;&#97;\" title=\"Rendered by QuickLaTeX.com\" height=\"12\" width=\"9\" style=\"vertical-align: 0px;\"\/><\/code>.<\/p>\n<ol>\n<li>Placer les points images de :<br \/>\n<table>\n<thead>\n<tr>\n<th style=\"text-align: left;\">a. <code class=\"katex-inline\"><img loading=\"lazy\" decoding=\"async\" src=\"https:\/\/courscaneri.ovh\/wp-content\/ql-cache\/quicklatex.com-1e84c022a773b3a134d95f4f83cc9ef8_l3.png\" class=\"ql-img-inline-formula quicklatex-auto-format\" alt=\"&#45;&#92;&#116;&#104;&#101;&#116;&#97;\" title=\"Rendered by QuickLaTeX.com\" height=\"12\" width=\"22\" style=\"vertical-align: 0px;\"\/><\/code><\/th>\n<th style=\"text-align: left;\">b. <code class=\"katex-inline\"><img loading=\"lazy\" decoding=\"async\" src=\"https:\/\/courscaneri.ovh\/wp-content\/ql-cache\/quicklatex.com-12169512f388d9bd45375666ea8ad82c_l3.png\" class=\"ql-img-inline-formula quicklatex-auto-format\" alt=\"&#92;&#112;&#105;&#43;&#92;&#116;&#104;&#101;&#116;&#97;\" title=\"Rendered by QuickLaTeX.com\" height=\"14\" width=\"41\" style=\"vertical-align: -2px;\"\/><\/code><\/th>\n<th style=\"text-align: left;\">c. <code class=\"katex-inline\"><img loading=\"lazy\" decoding=\"async\" src=\"https:\/\/courscaneri.ovh\/wp-content\/ql-cache\/quicklatex.com-2fa27bd9e260a74f3e239bb4ad57b945_l3.png\" class=\"ql-img-inline-formula quicklatex-auto-format\" alt=\"&#92;&#112;&#105;&#45;&#92;&#116;&#104;&#101;&#116;&#97;\" title=\"Rendered by QuickLaTeX.com\" height=\"12\" width=\"41\" style=\"vertical-align: 0px;\"\/><\/code><\/th>\n<th style=\"text-align: left;\">d. <code class=\"katex-inline\"><img loading=\"lazy\" decoding=\"async\" src=\"https:\/\/courscaneri.ovh\/wp-content\/ql-cache\/quicklatex.com-98a0d776dc6dc2be21edac386978fc04_l3.png\" class=\"ql-img-inline-formula quicklatex-auto-format\" alt=\"&#92;&#102;&#114;&#97;&#99;&#123;&#92;&#112;&#105;&#125;&#123;&#50;&#125;&#45;&#92;&#116;&#104;&#101;&#116;&#97;\" title=\"Rendered by QuickLaTeX.com\" height=\"19\" width=\"41\" style=\"vertical-align: -6px;\"\/><\/code><\/th>\n<th style=\"text-align: left;\">e. <code class=\"katex-inline\"><img loading=\"lazy\" decoding=\"async\" src=\"https:\/\/courscaneri.ovh\/wp-content\/ql-cache\/quicklatex.com-f766355d1fe07e05935139f916e21d4e_l3.png\" class=\"ql-img-inline-formula quicklatex-auto-format\" alt=\"&#92;&#102;&#114;&#97;&#99;&#123;&#92;&#112;&#105;&#125;&#123;&#50;&#125;&#43;&#92;&#116;&#104;&#101;&#116;&#97;\" title=\"Rendered by QuickLaTeX.com\" height=\"19\" width=\"41\" style=\"vertical-align: -6px;\"\/><\/code><\/th>\n<\/tr>\n<\/thead>\n<\/table>\n<\/li>\n<li>Placer sur l\u2019axe des abscisses <code class=\"katex-inline\"><img loading=\"lazy\" decoding=\"async\" src=\"https:\/\/courscaneri.ovh\/wp-content\/ql-cache\/quicklatex.com-267c79617dc321c20ce5e42fd783222d_l3.png\" class=\"ql-img-inline-formula quicklatex-auto-format\" alt=\"&#92;&#99;&#111;&#115;&#92;&#116;&#104;&#101;&#116;&#97;\" title=\"Rendered by QuickLaTeX.com\" height=\"12\" width=\"36\" style=\"vertical-align: 0px;\"\/><\/code> et sur l\u2019axe des ordonn\u00e9es <code class=\"katex-inline\"><img loading=\"lazy\" decoding=\"async\" src=\"https:\/\/courscaneri.ovh\/wp-content\/ql-cache\/quicklatex.com-3a220d10536de62c9d9ad9a00b9c01a1_l3.png\" class=\"ql-img-inline-formula quicklatex-auto-format\" alt=\"&#92;&#115;&#105;&#110;&#92;&#116;&#104;&#101;&#116;&#97;\" title=\"Rendered by QuickLaTeX.com\" height=\"12\" width=\"34\" style=\"vertical-align: 0px;\"\/><\/code>.<\/li>\n<li>En d\u00e9duire, en fonction de <code class=\"katex-inline\"><img loading=\"lazy\" decoding=\"async\" src=\"https:\/\/courscaneri.ovh\/wp-content\/ql-cache\/quicklatex.com-267c79617dc321c20ce5e42fd783222d_l3.png\" class=\"ql-img-inline-formula quicklatex-auto-format\" alt=\"&#92;&#99;&#111;&#115;&#92;&#116;&#104;&#101;&#116;&#97;\" title=\"Rendered by QuickLaTeX.com\" height=\"12\" width=\"36\" style=\"vertical-align: 0px;\"\/><\/code> et <code class=\"katex-inline\"><img loading=\"lazy\" decoding=\"async\" src=\"https:\/\/courscaneri.ovh\/wp-content\/ql-cache\/quicklatex.com-3a220d10536de62c9d9ad9a00b9c01a1_l3.png\" class=\"ql-img-inline-formula quicklatex-auto-format\" alt=\"&#92;&#115;&#105;&#110;&#92;&#116;&#104;&#101;&#116;&#97;\" title=\"Rendered by QuickLaTeX.com\" height=\"12\" width=\"34\" style=\"vertical-align: 0px;\"\/><\/code> :<br \/>\n<table>\n<thead>\n<tr>\n<th style=\"text-align: left;\"><\/th>\n<th style=\"text-align: left;\"><\/th>\n<th style=\"text-align: left;\"><\/th>\n<th style=\"text-align: left;\"><\/th>\n<\/tr>\n<\/thead>\n<tbody>\n<tr>\n<td style=\"text-align: left;\">a. <code class=\"katex-inline\"><img loading=\"lazy\" decoding=\"async\" src=\"https:\/\/courscaneri.ovh\/wp-content\/ql-cache\/quicklatex.com-e4a962c08c62955b63290d629541c553_l3.png\" class=\"ql-img-inline-formula quicklatex-auto-format\" alt=\"&#92;&#99;&#111;&#115;&#92;&#108;&#101;&#102;&#116;&#40;&#45;&#92;&#116;&#104;&#101;&#116;&#97;&#92;&#114;&#105;&#103;&#104;&#116;&#41;\" title=\"Rendered by QuickLaTeX.com\" height=\"19\" width=\"62\" style=\"vertical-align: -5px;\"\/><\/code><\/td>\n<td style=\"text-align: left;\">b. <code class=\"katex-inline\"><img loading=\"lazy\" decoding=\"async\" src=\"https:\/\/courscaneri.ovh\/wp-content\/ql-cache\/quicklatex.com-03144e68679d02c24d001a387f50b7cc_l3.png\" class=\"ql-img-inline-formula quicklatex-auto-format\" alt=\"&#92;&#115;&#105;&#110;&#92;&#108;&#101;&#102;&#116;&#40;&#45;&#92;&#116;&#104;&#101;&#116;&#97;&#92;&#114;&#105;&#103;&#104;&#116;&#41;\" title=\"Rendered by QuickLaTeX.com\" height=\"19\" width=\"60\" style=\"vertical-align: -5px;\"\/><\/code><\/td>\n<td style=\"text-align: left;\"><\/td>\n<td style=\"text-align: left;\"><\/td>\n<\/tr>\n<tr>\n<td style=\"text-align: left;\">c. <code class=\"katex-inline\"><img loading=\"lazy\" decoding=\"async\" src=\"https:\/\/courscaneri.ovh\/wp-content\/ql-cache\/quicklatex.com-c2a00dda0c3a1d1409f9c806ed74b909_l3.png\" class=\"ql-img-inline-formula quicklatex-auto-format\" alt=\"&#92;&#99;&#111;&#115;&#92;&#108;&#101;&#102;&#116;&#40;&#92;&#112;&#105;&#43;&#92;&#116;&#104;&#101;&#116;&#97;&#92;&#114;&#105;&#103;&#104;&#116;&#41;\" title=\"Rendered by QuickLaTeX.com\" height=\"19\" width=\"81\" style=\"vertical-align: -5px;\"\/><\/code><\/td>\n<td style=\"text-align: left;\">d. <code class=\"katex-inline\"><img loading=\"lazy\" decoding=\"async\" src=\"https:\/\/courscaneri.ovh\/wp-content\/ql-cache\/quicklatex.com-4948861049c879e04b1e86de1a8ce75a_l3.png\" class=\"ql-img-inline-formula quicklatex-auto-format\" alt=\"&#92;&#115;&#105;&#110;&#92;&#108;&#101;&#102;&#116;&#40;&#92;&#112;&#105;&#43;&#92;&#116;&#104;&#101;&#116;&#97;&#92;&#114;&#105;&#103;&#104;&#116;&#41;\" title=\"Rendered by QuickLaTeX.com\" height=\"19\" width=\"79\" style=\"vertical-align: -5px;\"\/><\/code><\/td>\n<td style=\"text-align: left;\">e. <code class=\"katex-inline\"><img loading=\"lazy\" decoding=\"async\" src=\"https:\/\/courscaneri.ovh\/wp-content\/ql-cache\/quicklatex.com-8551186c178ddeba06e3de401c198430_l3.png\" class=\"ql-img-inline-formula quicklatex-auto-format\" alt=\"&#92;&#99;&#111;&#115;&#92;&#108;&#101;&#102;&#116;&#40;&#92;&#112;&#105;&#45;&#92;&#116;&#104;&#101;&#116;&#97;&#92;&#114;&#105;&#103;&#104;&#116;&#41;\" title=\"Rendered by QuickLaTeX.com\" height=\"19\" width=\"81\" style=\"vertical-align: -5px;\"\/><\/code><\/td>\n<td style=\"text-align: left;\">f. <code class=\"katex-inline\"><img loading=\"lazy\" decoding=\"async\" src=\"https:\/\/courscaneri.ovh\/wp-content\/ql-cache\/quicklatex.com-2702f162c3d187ccf105793e1f59b2c0_l3.png\" class=\"ql-img-inline-formula quicklatex-auto-format\" alt=\"&#92;&#115;&#105;&#110;&#92;&#108;&#101;&#102;&#116;&#40;&#92;&#112;&#105;&#45;&#92;&#116;&#104;&#101;&#116;&#97;&#92;&#114;&#105;&#103;&#104;&#116;&#41;\" title=\"Rendered by QuickLaTeX.com\" height=\"19\" width=\"79\" style=\"vertical-align: -5px;\"\/><\/code><\/td>\n<\/tr>\n<tr>\n<td style=\"text-align: left;\">g. <code class=\"katex-inline\"><img loading=\"lazy\" decoding=\"async\" src=\"https:\/\/courscaneri.ovh\/wp-content\/ql-cache\/quicklatex.com-1ba61d714be43d3f8e83b0fcca94925f_l3.png\" class=\"ql-img-inline-formula quicklatex-auto-format\" alt=\"&#92;&#99;&#111;&#115;&#92;&#108;&#101;&#102;&#116;&#40;&#92;&#102;&#114;&#97;&#99;&#123;&#92;&#112;&#105;&#125;&#123;&#50;&#125;&#45;&#92;&#116;&#104;&#101;&#116;&#97;&#92;&#114;&#105;&#103;&#104;&#116;&#41;\" title=\"Rendered by QuickLaTeX.com\" height=\"22\" width=\"84\" style=\"vertical-align: -7px;\"\/><\/code><\/td>\n<td style=\"text-align: left;\">h. <code class=\"katex-inline\"><img loading=\"lazy\" decoding=\"async\" src=\"https:\/\/courscaneri.ovh\/wp-content\/ql-cache\/quicklatex.com-20a94d19d3d68b236a3365459061c2bd_l3.png\" class=\"ql-img-inline-formula quicklatex-auto-format\" alt=\"&#92;&#115;&#105;&#110;&#92;&#108;&#101;&#102;&#116;&#40;&#92;&#102;&#114;&#97;&#99;&#123;&#92;&#112;&#105;&#125;&#123;&#50;&#125;&#45;&#92;&#116;&#104;&#101;&#116;&#97;&#92;&#114;&#105;&#103;&#104;&#116;&#41;\" title=\"Rendered by QuickLaTeX.com\" height=\"22\" width=\"82\" style=\"vertical-align: -7px;\"\/><\/code><\/td>\n<td style=\"text-align: left;\">i. <code class=\"katex-inline\"><img loading=\"lazy\" decoding=\"async\" src=\"https:\/\/courscaneri.ovh\/wp-content\/ql-cache\/quicklatex.com-b1d5752d05bae2195819697cd453265f_l3.png\" class=\"ql-img-inline-formula quicklatex-auto-format\" alt=\"&#92;&#99;&#111;&#115;&#92;&#108;&#101;&#102;&#116;&#40;&#92;&#102;&#114;&#97;&#99;&#123;&#92;&#112;&#105;&#125;&#123;&#50;&#125;&#43;&#92;&#116;&#104;&#101;&#116;&#97;&#92;&#114;&#105;&#103;&#104;&#116;&#41;\" title=\"Rendered by QuickLaTeX.com\" height=\"22\" width=\"84\" style=\"vertical-align: -7px;\"\/><\/code><\/td>\n<td style=\"text-align: left;\">j. <code class=\"katex-inline\"><img loading=\"lazy\" decoding=\"async\" src=\"https:\/\/courscaneri.ovh\/wp-content\/ql-cache\/quicklatex.com-09211bb98c3396358dfbf471c4490c02_l3.png\" class=\"ql-img-inline-formula quicklatex-auto-format\" alt=\"&#92;&#115;&#105;&#110;&#92;&#108;&#101;&#102;&#116;&#40;&#92;&#102;&#114;&#97;&#99;&#123;&#92;&#112;&#105;&#125;&#123;&#50;&#125;&#43;&#92;&#116;&#104;&#101;&#116;&#97;&#92;&#114;&#105;&#103;&#104;&#116;&#41;\" title=\"Rendered by QuickLaTeX.com\" height=\"22\" width=\"82\" style=\"vertical-align: -7px;\"\/><\/code><\/td>\n<\/tr>\n<\/tbody>\n<\/table>\n<\/li>\n<\/ol>\n","protected":false},"excerpt":{"rendered":"<p>On consid\u00e8re le cercle trigonom\u00e9trique ci-dessus. Soit le point image du nombre r\u00e9el . Placer les points images de : a. b. c. d. e. Placer sur l\u2019axe des abscisses et sur l\u2019axe des ordonn\u00e9es . En d\u00e9duire, en fonction de et : a. b. c. d. e. f. g. h. i. j.<\/p>\n","protected":false},"author":2,"featured_media":0,"parent":232,"menu_order":1,"comment_status":"closed","ping_status":"closed","template":"","meta":{"footnotes":""},"class_list":["post-320","page","type-page","status-publish","czr-hentry"],"_links":{"self":[{"href":"https:\/\/courscaneri.ovh\/index.php?rest_route=\/wp\/v2\/pages\/320","targetHints":{"allow":["GET"]}}],"collection":[{"href":"https:\/\/courscaneri.ovh\/index.php?rest_route=\/wp\/v2\/pages"}],"about":[{"href":"https:\/\/courscaneri.ovh\/index.php?rest_route=\/wp\/v2\/types\/page"}],"author":[{"embeddable":true,"href":"https:\/\/courscaneri.ovh\/index.php?rest_route=\/wp\/v2\/users\/2"}],"replies":[{"embeddable":true,"href":"https:\/\/courscaneri.ovh\/index.php?rest_route=%2Fwp%2Fv2%2Fcomments&post=320"}],"version-history":[{"count":3,"href":"https:\/\/courscaneri.ovh\/index.php?rest_route=\/wp\/v2\/pages\/320\/revisions"}],"predecessor-version":[{"id":3918,"href":"https:\/\/courscaneri.ovh\/index.php?rest_route=\/wp\/v2\/pages\/320\/revisions\/3918"}],"up":[{"embeddable":true,"href":"https:\/\/courscaneri.ovh\/index.php?rest_route=\/wp\/v2\/pages\/232"}],"wp:attachment":[{"href":"https:\/\/courscaneri.ovh\/index.php?rest_route=%2Fwp%2Fv2%2Fmedia&parent=320"}],"curies":[{"name":"wp","href":"https:\/\/api.w.org\/{rel}","templated":true}]}}