{"id":324,"date":"2019-08-31T13:17:37","date_gmt":"2019-08-31T11:17:37","guid":{"rendered":"http:\/\/caneri.gmollet.free.fr\/?page_id=324"},"modified":"2023-09-13T15:38:39","modified_gmt":"2023-09-13T13:38:39","slug":"activite-v","status":"publish","type":"page","link":"https:\/\/courscaneri.ovh\/?page_id=324","title":{"rendered":"Activit\u00e9 V &#8211; D\u00e9rivation et application aux fonctions polyn\u00f4mes"},"content":{"rendered":"<h2>I . D\u00e9finir une fonction math\u00e9matique<\/h2>\n<p>Dans le logiciel <em>Thonny<\/em>, cr\u00e9er une fonction <code>f()<\/code> d\u00e9finie comme suit:<\/p>\n<pre><code class=\"language-python\">def f(x):\r\n    return x**2<\/code><\/pre>\n<ol>\n<li>Calculer <code class=\"katex-inline\"><img loading=\"lazy\" decoding=\"async\" src=\"https:\/\/courscaneri.ovh\/wp-content\/ql-cache\/quicklatex.com-8b356768b34519b153ca6698cb2b297c_l3.png\" class=\"ql-img-inline-formula quicklatex-auto-format\" alt=\"&#102;&#40;&#45;&#49;&#51;&#41;\" title=\"Rendered by QuickLaTeX.com\" height=\"19\" width=\"56\" style=\"vertical-align: -5px;\"\/><\/code> puis <code class=\"katex-inline\"><img loading=\"lazy\" decoding=\"async\" src=\"https:\/\/courscaneri.ovh\/wp-content\/ql-cache\/quicklatex.com-6d135ec4eef17c2004fb7205afa519bb_l3.png\" class=\"ql-img-inline-formula quicklatex-auto-format\" alt=\"&#102;&#40;&#50;&#53;&#41;\" title=\"Rendered by QuickLaTeX.com\" height=\"19\" width=\"42\" style=\"vertical-align: -5px;\"\/><\/code>.<\/li>\n<li>Quelle est cette fonction <img loading=\"lazy\" decoding=\"async\" src=\"https:\/\/courscaneri.ovh\/wp-content\/ql-cache\/quicklatex.com-f5844370b6482674a233a3063f762555_l3.png\" class=\"ql-img-inline-formula quicklatex-auto-format\" alt=\"&#102;\" title=\"Rendered by QuickLaTeX.com\" height=\"16\" width=\"10\" style=\"vertical-align: -4px;\"\/>?<\/li>\n<\/ol>\n<h2>II &#8211; D\u00e9finir la fonction coeficient_directeur<\/h2>\n<p>Cr\u00e9er une fonction <code>coef_directeur()<\/code> qui prend en param\u00e8tre deux abscisses <code>abs1<\/code> et <code>abs2<\/code> et une fonction <code>fonction<\/code>. Cette fonction retournera le coefficient directeur de la droite qui passe par les deux points de la courbe repr\u00e9sentative de la fonction <code>fonction<\/code> d&#8217;abscisses respectives <code>abs1<\/code> et <code>abs2<\/code>.<br \/>\n<strong><em>Remarque:<\/em><\/strong> <code>abs1<\/code> et <code>abs2<\/code> doivent avoir des valeurs diff\u00e9rentes.<\/p>\n<pre><code class=\"language-python\">def coef_directeur(abs1, abs2, fonction):\r\n    ....\r\n    ....\r\n    return ...<\/code><\/pre>\n<h2>III &#8211; D\u00e9finir une liste d&#8217;abscisses<\/h2>\n<p>Cr\u00e9er une fonction <code>liste_abs()<\/code> qui prend en param\u00e8tre un nombre <code>nb<\/code>, un pas <code>pas<\/code> et un nombre de pas <code>nb_pas<\/code> et qui retourne la liste des <code class=\"katex-inline\">(2 \\times nb\\_pas +1)<\/code> nombres de l&#8217;intervalle <img loading=\"lazy\" decoding=\"async\" src=\"https:\/\/courscaneri.ovh\/wp-content\/ql-cache\/quicklatex.com-b3a141c9d5245799667ce521d17abf14_l3.png\" class=\"ql-img-inline-formula quicklatex-auto-format\" alt=\"&#60;&#99;&#111;&#100;&#101;&#32;&#99;&#108;&#97;&#115;&#115;&#61;&#34;&#107;&#97;&#116;&#101;&#120;&#45;&#105;&#110;&#108;&#105;&#110;&#101;&#34;&#62;&#92;&#108;&#101;&#102;&#116;&#91;&#32;&#110;&#98;&#32;&#45;&#32;&#112;&#97;&#115;&#32;&#92;&#116;&#105;&#109;&#101;&#115;&#32;&#110;&#98;&#92;&#95;&#112;&#97;&#115;&#32;&#59;&#32;&#110;&#98;&#32;&#43;&#32;&#112;&#97;&#115;&#32;&#92;&#116;&#105;&#109;&#101;&#115;&#32;&#110;&#98;&#92;&#95;&#112;&#97;&#115;&#92;&#114;&#105;&#103;&#104;&#116;&#93;\" title=\"Rendered by QuickLaTeX.com\" height=\"18\" width=\"563\" style=\"vertical-align: -5px;\"\/><\/code>.<\/p>\n<h2>IV &#8211; D\u00e9finir la fonction liste_coeff_directeurs<\/h2>\n<p>Cr\u00e9er une fonction <code>liste_coeff_directeurs()<\/code> qui prend en param\u00e8tre une abscisse <code>abscisse<\/code>, une fonction <code>fonction<\/code>, une liste d&#8217;abscisses <code>liste_abscisses<\/code>. Cette fonction retournera tous les coefficients directeurs des droites passant par deux points de la courbe repr\u00e9sentative de la fonction <code>fonction<\/code>: celui d&#8217;abscisse <code>abscisse<\/code> et chacun des \u00e9l\u00e9ments de la liste <code>liste_abscisses<\/code>.<br \/>\n<strong><em>Remarque:<\/em><\/strong> Lorsque l&#8217;\u00e9l\u00e9ment de la liste <code>liste_abscisses<\/code> est \u00e9gal \u00e0 <code>abscisse<\/code>, il y aura une division par , on pourra donc, dans ce cas pr\u00e9sent, metre l&#8217;\u00e9l\u00e9ment <code>\"Nombre cherch\u00e9\"<\/code> dans la liste retroun\u00e9e.<\/p>\n<h2>IV &#8211; Tracer les droites et la courbe<\/h2>\n<ol>\n<li>Importer la biblioth\u00e8que <code>pylab<\/code>.<\/li>\n<li>Ecrire la fonction suivante:\n<pre><code class=\"language-python\">def tracer(fonction, pas, abscisse_fixe, nb_pas):\r\n    liste_abscisses = liste_abs(abscisse_fixe, pas, nb_pas)\r\n    liste_ordonnees = [fonction(x) for x in liste_abscisses]\r\n    liste_abscisses2 = liste_abs(abscisse_fixe, 0.01, 1000)\r\n    liste_ordonnees2 = [fonction(x) for x in liste_abscisses2]\r\n    minimum=min(liste_ordonnees2)\r\n    maximum=max(liste_ordonnees2)\r\n    pylab.plot(liste_abscisses2, liste_ordonnees2,\"k\")\r\n    pylab.xlim(min(liste_abscisses2), max(liste_abscisses2))\r\n    pylab.ylim(minimum, maximum)\r\n    for absc in liste_abscisses:\r\n        if absc != abscisse_fixe:\r\n            coef_dir=coefficient_directeur(abscisse_fixe, absc, fonction)\r\n        else:\r\n            h=1e-10\r\n            coef_dir=(fonction(abscisse_fixe+h)-fonction(abscisse_fixe-h))\/(2*h)\r\n        absc1=min(liste_abscisses2)\r\n        absc2=max(liste_abscisses2)\r\n        ord1=fonction(abscisse_fixe)+(min(liste_abscisses2)-abscisse_fixe)*coef_dir\r\n        ord2=fonction(abscisse_fixe)+(max(liste_abscisses2)-abscisse_fixe)*coef_dir\r\n        pylab.plot([absc1, absc2], [ord1, ord2])\r\n    pylab.show()<\/code><\/pre>\n<\/li>\n<li>Ex\u00e9cuter la fonction tracer:\n<pre><code class=\"language-bash\">&gt;&gt;&gt; tracer(f, 1, 5, 5)<\/code><\/pre>\n<p>Que fait cette fonction?<\/li>\n<li>Que dire des droites trac\u00e9es? Y en a-t-il une positionn\u00e9e de fa\u00e7on particuli\u00e8re?<\/li>\n<\/ol>\n","protected":false},"excerpt":{"rendered":"<p>I . D\u00e9finir une fonction math\u00e9matique Dans le logiciel Thonny, cr\u00e9er une fonction f() d\u00e9finie comme suit: def f(x): return x**2 Calculer puis . Quelle est cette fonction ? II &#8211; D\u00e9finir la fonction coeficient_directeur Cr\u00e9er une fonction coef_directeur() qui prend en param\u00e8tre deux abscisses abs1 et abs2 et une fonction fonction. Cette fonction retournera [&hellip;]<\/p>\n","protected":false},"author":1,"featured_media":0,"parent":235,"menu_order":1,"comment_status":"closed","ping_status":"closed","template":"","meta":{"footnotes":""},"class_list":["post-324","page","type-page","status-publish","czr-hentry"],"_links":{"self":[{"href":"https:\/\/courscaneri.ovh\/index.php?rest_route=\/wp\/v2\/pages\/324","targetHints":{"allow":["GET"]}}],"collection":[{"href":"https:\/\/courscaneri.ovh\/index.php?rest_route=\/wp\/v2\/pages"}],"about":[{"href":"https:\/\/courscaneri.ovh\/index.php?rest_route=\/wp\/v2\/types\/page"}],"author":[{"embeddable":true,"href":"https:\/\/courscaneri.ovh\/index.php?rest_route=\/wp\/v2\/users\/1"}],"replies":[{"embeddable":true,"href":"https:\/\/courscaneri.ovh\/index.php?rest_route=%2Fwp%2Fv2%2Fcomments&post=324"}],"version-history":[{"count":2,"href":"https:\/\/courscaneri.ovh\/index.php?rest_route=\/wp\/v2\/pages\/324\/revisions"}],"predecessor-version":[{"id":3922,"href":"https:\/\/courscaneri.ovh\/index.php?rest_route=\/wp\/v2\/pages\/324\/revisions\/3922"}],"up":[{"embeddable":true,"href":"https:\/\/courscaneri.ovh\/index.php?rest_route=\/wp\/v2\/pages\/235"}],"wp:attachment":[{"href":"https:\/\/courscaneri.ovh\/index.php?rest_route=%2Fwp%2Fv2%2Fmedia&parent=324"}],"curies":[{"name":"wp","href":"https:\/\/api.w.org\/{rel}","templated":true}]}}