{"id":332,"date":"2019-08-31T18:08:38","date_gmt":"2019-08-31T16:08:38","guid":{"rendered":"http:\/\/caneri.gmollet.free.fr\/?page_id=332"},"modified":"2023-09-13T15:47:01","modified_gmt":"2023-09-13T13:47:01","slug":"activite-viii","status":"publish","type":"page","link":"https:\/\/courscaneri.ovh\/?page_id=332","title":{"rendered":"Activit\u00e9 VIII &#8211; Les suites"},"content":{"rendered":"<h2>I &#8211; La suite de Syracuse<\/h2>\n<p>Soit <code class=\"katex-inline\"><img loading=\"lazy\" decoding=\"async\" src=\"https:\/\/courscaneri.ovh\/wp-content\/ql-cache\/quicklatex.com-81babcd88fbd86f6572295858d37fa71_l3.png\" class=\"ql-img-inline-formula quicklatex-auto-format\" alt=\"&#112;&#32;&#92;&#105;&#110;&#32;&#92;&#109;&#97;&#116;&#104;&#98;&#98;&#123;&#78;&#125;\" title=\"Rendered by QuickLaTeX.com\" height=\"16\" width=\"45\" style=\"vertical-align: -4px;\"\/><\/code>.<br \/>\nLa suite de Syracuse du nombre <code class=\"katex-inline\"><img loading=\"lazy\" decoding=\"async\" src=\"https:\/\/courscaneri.ovh\/wp-content\/ql-cache\/quicklatex.com-5faad0904f612a3fa5b27faafb8dc903_l3.png\" class=\"ql-img-inline-formula quicklatex-auto-format\" alt=\"&#112;\" title=\"Rendered by QuickLaTeX.com\" height=\"12\" width=\"10\" style=\"vertical-align: -4px;\"\/><\/code> est d\u00e9finie de la fa\u00e7on suivante:<br \/>\n<code class=\"katex-inline\"><img loading=\"lazy\" decoding=\"async\" src=\"https:\/\/courscaneri.ovh\/wp-content\/ql-cache\/quicklatex.com-b80b6f2fd5d10f042da1d726705b6f9a_l3.png\" class=\"ql-img-inline-formula quicklatex-auto-format\" alt=\"&#92;&#108;&#101;&#102;&#116;&#32;&#92;&#123;&#32;&#92;&#98;&#101;&#103;&#105;&#110;&#123;&#97;&#114;&#114;&#97;&#121;&#125;&#123;&#114;&#32;&#99;&#32;&#108;&#125;&#115;&#95;&#48;&#32;&#38;&#61;&#38;&#32;&#112;&#32;&#92;&#92;&#32;&#115;&#95;&#123;&#110;&#43;&#49;&#125;&#32;&#38;&#61;&#38;&#32;&#92;&#102;&#114;&#97;&#99;&#123;&#115;&#95;&#110;&#125;&#123;&#50;&#125;&#126;&#115;&#105;&#126;&#115;&#95;&#110;&#126;&#101;&#115;&#116;&#126;&#112;&#97;&#105;&#114;&#32;&#92;&#92;&#32;&#115;&#95;&#123;&#110;&#43;&#49;&#125;&#32;&#38;&#61;&#38;&#32;&#51;&#32;&#92;&#116;&#105;&#109;&#101;&#115;&#32;&#115;&#95;&#110;&#32;&#43;&#32;&#49;&#126;&#115;&#105;&#126;&#115;&#95;&#110;&#126;&#101;&#115;&#116;&#126;&#105;&#109;&#112;&#97;&#105;&#114;&#32;&#92;&#101;&#110;&#100;&#123;&#97;&#114;&#114;&#97;&#121;&#125;&#32;&#92;&#114;&#105;&#103;&#104;&#116;&#46;\" title=\"Rendered by QuickLaTeX.com\" height=\"65\" width=\"313\" style=\"vertical-align: -28px;\"\/><\/code><\/p>\n<ol>\n<li>Choisir un nombre <code class=\"katex-inline\"><img loading=\"lazy\" decoding=\"async\" src=\"https:\/\/courscaneri.ovh\/wp-content\/ql-cache\/quicklatex.com-5faad0904f612a3fa5b27faafb8dc903_l3.png\" class=\"ql-img-inline-formula quicklatex-auto-format\" alt=\"&#112;\" title=\"Rendered by QuickLaTeX.com\" height=\"12\" width=\"10\" style=\"vertical-align: -4px;\"\/><\/code>. Calculer les 10 premiers termes de la suite de Syracuse.<\/li>\n<li>En python, l&#8217;op\u00e9rateur <code>%<\/code> renvoie le reste de la division euclidienne.<br \/>\nAinsi <code>72 % 5<\/code> renvoie le reste de la division euclidienne de 72 par 5 soit 2:<\/p>\n<pre><code class=\"language-bash\">&gt;&gt;&gt; 72 % 5\r\n2<\/code><\/pre>\n<p>Que renvoient les commandes suivantes?<\/p>\n<pre><code class=\"language-bash\">&gt;&gt;&gt; 17 % 2\r\n&gt;&gt;&gt; 35 % 2\r\n&gt;&gt;&gt; 26 % 2\r\n&gt;&gt;&gt; 1354 % 2<\/code><\/pre>\n<\/li>\n<li>Soit <code class=\"katex-inline\"><img loading=\"lazy\" decoding=\"async\" src=\"https:\/\/courscaneri.ovh\/wp-content\/ql-cache\/quicklatex.com-553b8cdf306f208181c8458416a255b2_l3.png\" class=\"ql-img-inline-formula quicklatex-auto-format\" alt=\"&#110;&#32;&#92;&#105;&#110;&#32;&#92;&#109;&#97;&#116;&#104;&#98;&#98;&#123;&#78;&#125;\" title=\"Rendered by QuickLaTeX.com\" height=\"13\" width=\"45\" style=\"vertical-align: -1px;\"\/><\/code>.<br \/>\nQue peut-on dire de <code class=\"katex-inline\"><img loading=\"lazy\" decoding=\"async\" src=\"https:\/\/courscaneri.ovh\/wp-content\/ql-cache\/quicklatex.com-ec4217f4fa5fcd92a9edceba0e708cf7_l3.png\" class=\"ql-img-inline-formula quicklatex-auto-format\" alt=\"&#110;\" title=\"Rendered by QuickLaTeX.com\" height=\"8\" width=\"11\" style=\"vertical-align: 0px;\"\/><\/code> si la commande <code>n % 2<\/code> renvoie 1?<br \/>\nQue peut-on dire de <code class=\"katex-inline\"><img loading=\"lazy\" decoding=\"async\" src=\"https:\/\/courscaneri.ovh\/wp-content\/ql-cache\/quicklatex.com-ec4217f4fa5fcd92a9edceba0e708cf7_l3.png\" class=\"ql-img-inline-formula quicklatex-auto-format\" alt=\"&#110;\" title=\"Rendered by QuickLaTeX.com\" height=\"8\" width=\"11\" style=\"vertical-align: 0px;\"\/><\/code> si la commande <code>n % 2<\/code> renvoie 0?<\/li>\n<li>En Python, cr\u00e9er une fonction <code>Syracuse()<\/code> de param\u00e8tres <code>n<\/code> et <code>p<\/code>, qui renvoie le terme <code class=\"katex-inline\"><img loading=\"lazy\" decoding=\"async\" src=\"https:\/\/courscaneri.ovh\/wp-content\/ql-cache\/quicklatex.com-2b6d0594e86b45668244cdda681a55cc_l3.png\" class=\"ql-img-inline-formula quicklatex-auto-format\" alt=\"&#115;&#95;&#110;\" title=\"Rendered by QuickLaTeX.com\" height=\"11\" width=\"16\" style=\"vertical-align: -3px;\"\/><\/code> sachant que <code class=\"katex-inline\"><img loading=\"lazy\" decoding=\"async\" src=\"https:\/\/courscaneri.ovh\/wp-content\/ql-cache\/quicklatex.com-00b005b145082f95a70309c5b7e038ac_l3.png\" class=\"ql-img-inline-formula quicklatex-auto-format\" alt=\"&#115;&#95;&#48;&#61;&#112;\" title=\"Rendered by QuickLaTeX.com\" height=\"12\" width=\"49\" style=\"vertical-align: -4px;\"\/><\/code>.<\/li>\n<li>Tester la fonction <code>Syracuse()<\/code>. Par exemple:\n<pre><code class=\"language-python\">&gt;&gt;&gt; Syracuse(15,5)\r\n106<\/code><\/pre>\n<\/li>\n<li>Cr\u00e9er une fonction <code>liste_syracuse()<\/code> de param\u00e8tres <code>nb<\/code> et <code>p<\/code>, et qui retourne la liste des <code class=\"katex-inline\">nb<\/code> premiers termes de la suite de Syracuse du nombre <code class=\"katex-inline\"><img loading=\"lazy\" decoding=\"async\" src=\"https:\/\/courscaneri.ovh\/wp-content\/ql-cache\/quicklatex.com-5faad0904f612a3fa5b27faafb8dc903_l3.png\" class=\"ql-img-inline-formula quicklatex-auto-format\" alt=\"&#112;\" title=\"Rendered by QuickLaTeX.com\" height=\"12\" width=\"10\" style=\"vertical-align: -4px;\"\/><\/code>.<br \/>\nPar exemple:<\/p>\n<pre><code class=\"language-python\">&gt;&gt;&gt; liste_syracuse(6, 12)\r\n[12, 6, 3, 10, 5, 16]<\/code><\/pre>\n<\/li>\n<li>Que remarquez-vous lorsque <code class=\"katex-inline\">nb<\/code> est grand?<\/li>\n<li>Quel conjecture pouvez-vous faire sur la suite de Syracuse d&#8217;un nombre <img loading=\"lazy\" decoding=\"async\" src=\"https:\/\/courscaneri.ovh\/wp-content\/ql-cache\/quicklatex.com-5faad0904f612a3fa5b27faafb8dc903_l3.png\" class=\"ql-img-inline-formula quicklatex-auto-format\" alt=\"&#112;\" title=\"Rendered by QuickLaTeX.com\" height=\"12\" width=\"10\" style=\"vertical-align: -4px;\"\/>?<\/li>\n<li>Cr\u00e9er une fonction <code>liste_syracuse2()<\/code> de param\u00e8tre <code><img loading=\"lazy\" decoding=\"async\" src=\"https:\/\/courscaneri.ovh\/wp-content\/ql-cache\/quicklatex.com-5faad0904f612a3fa5b27faafb8dc903_l3.png\" class=\"ql-img-inline-formula quicklatex-auto-format\" alt=\"&#112;\" title=\"Rendered by QuickLaTeX.com\" height=\"12\" width=\"10\" style=\"vertical-align: -4px;\"\/><\/code> qui retourne la liste de tous les termes jusqu&#8217;\u00e0 ce que l&#8217;un d&#8217;entre eux soit \u00e9gal \u00e0 <code class=\"katex-inline\">1<\/code>.<\/li>\n<\/ol>\n<h2>II &#8211; La suite de Fibonnacci<\/h2>\n<p>La suite de Fibonnacci est d\u00e9finie de la fa\u00e7on suivante:<br \/>\n<code class=\"katex-inline\"><img loading=\"lazy\" decoding=\"async\" src=\"https:\/\/courscaneri.ovh\/wp-content\/ql-cache\/quicklatex.com-35304edfac2451fa9fd1eba61daf73db_l3.png\" class=\"ql-img-inline-formula quicklatex-auto-format\" alt=\"&#92;&#108;&#101;&#102;&#116;&#32;&#92;&#123;&#32;&#92;&#98;&#101;&#103;&#105;&#110;&#123;&#97;&#114;&#114;&#97;&#121;&#125;&#123;&#114;&#32;&#99;&#32;&#108;&#125;&#102;&#95;&#49;&#32;&#38;&#61;&#38;&#32;&#49;&#32;&#92;&#92;&#32;&#102;&#95;&#50;&#32;&#38;&#61;&#38;&#32;&#49;&#92;&#92;&#32;&#102;&#95;&#123;&#110;&#43;&#50;&#125;&#32;&#38;&#61;&#38;&#32;&#102;&#95;&#123;&#110;&#43;&#49;&#125;&#32;&#43;&#32;&#102;&#95;&#110;&#44;&#32;&#92;&#102;&#111;&#114;&#97;&#108;&#108;&#32;&#110;&#32;&#92;&#105;&#110;&#32;&#92;&#109;&#97;&#116;&#104;&#98;&#98;&#123;&#78;&#125;&#92;&#101;&#110;&#100;&#123;&#97;&#114;&#114;&#97;&#121;&#125;&#32;&#92;&#114;&#105;&#103;&#104;&#116;&#46;\" title=\"Rendered by QuickLaTeX.com\" height=\"65\" width=\"240\" style=\"vertical-align: -28px;\"\/><\/code><\/p>\n<ol>\n<li>Calculer les 5 premiers termes de la suite <code class=\"katex-inline\"><img loading=\"lazy\" decoding=\"async\" src=\"https:\/\/courscaneri.ovh\/wp-content\/ql-cache\/quicklatex.com-2099f4426c9964a2f063a1eb129c729a_l3.png\" class=\"ql-img-inline-formula quicklatex-auto-format\" alt=\"&#40;&#102;&#95;&#110;&#41;&#95;&#123;&#110;&#32;&#92;&#105;&#110;&#32;&#92;&#109;&#97;&#116;&#104;&#98;&#98;&#123;&#78;&#125;&#125;\" title=\"Rendered by QuickLaTeX.com\" height=\"19\" width=\"58\" style=\"vertical-align: -5px;\"\/><\/code>.<\/li>\n<li>En Python, cr\u00e9er une fonction <code>Fibonnacci()<\/code> de param\u00e8tre <code>n<\/code>, qui retourne le terme <code class=\"katex-inline\"><img loading=\"lazy\" decoding=\"async\" src=\"https:\/\/courscaneri.ovh\/wp-content\/ql-cache\/quicklatex.com-6d53f5d17cced7a71fa15e6cb7bc323c_l3.png\" class=\"ql-img-inline-formula quicklatex-auto-format\" alt=\"&#102;&#95;&#110;\" title=\"Rendered by QuickLaTeX.com\" height=\"16\" width=\"17\" style=\"vertical-align: -4px;\"\/><\/code>.<\/li>\n<li>V\u00e9rifier le bon fonctionnement de votre fonction gr\u00e2ce aux 5 premiers termes de la suite de Fibonacci.<\/li>\n<li>Cr\u00e9er une fonction <code>liste_fibonnacci()<\/code> de param\u00e8tre <code>nb<\/code>qui retourne la liste des <code class=\"katex-inline\">nb<\/code> premiers termes de la suite de Fibonacci.\n<pre><code class=\"language-python\">&gt;&gt;&gt; liste_fibonnacci(6)\r\n[1, 1, 2, 3, 5, 8]<\/code><\/pre>\n<\/li>\n<\/ol>\n","protected":false},"excerpt":{"rendered":"<p>I &#8211; La suite de Syracuse Soit . La suite de Syracuse du nombre est d\u00e9finie de la fa\u00e7on suivante: Choisir un nombre . Calculer les 10 premiers termes de la suite de Syracuse. En python, l&#8217;op\u00e9rateur % renvoie le reste de la division euclidienne. Ainsi 72 % 5 renvoie le reste de la division [&hellip;]<\/p>\n","protected":false},"author":1,"featured_media":0,"parent":276,"menu_order":2,"comment_status":"closed","ping_status":"closed","template":"","meta":{"footnotes":""},"class_list":["post-332","page","type-page","status-publish","czr-hentry"],"_links":{"self":[{"href":"https:\/\/courscaneri.ovh\/index.php?rest_route=\/wp\/v2\/pages\/332","targetHints":{"allow":["GET"]}}],"collection":[{"href":"https:\/\/courscaneri.ovh\/index.php?rest_route=\/wp\/v2\/pages"}],"about":[{"href":"https:\/\/courscaneri.ovh\/index.php?rest_route=\/wp\/v2\/types\/page"}],"author":[{"embeddable":true,"href":"https:\/\/courscaneri.ovh\/index.php?rest_route=\/wp\/v2\/users\/1"}],"replies":[{"embeddable":true,"href":"https:\/\/courscaneri.ovh\/index.php?rest_route=%2Fwp%2Fv2%2Fcomments&post=332"}],"version-history":[{"count":2,"href":"https:\/\/courscaneri.ovh\/index.php?rest_route=\/wp\/v2\/pages\/332\/revisions"}],"predecessor-version":[{"id":3929,"href":"https:\/\/courscaneri.ovh\/index.php?rest_route=\/wp\/v2\/pages\/332\/revisions\/3929"}],"up":[{"embeddable":true,"href":"https:\/\/courscaneri.ovh\/index.php?rest_route=\/wp\/v2\/pages\/276"}],"wp:attachment":[{"href":"https:\/\/courscaneri.ovh\/index.php?rest_route=%2Fwp%2Fv2%2Fmedia&parent=332"}],"curies":[{"name":"wp","href":"https:\/\/api.w.org\/{rel}","templated":true}]}}