{"id":34,"date":"2019-06-26T00:45:29","date_gmt":"2019-06-25T22:45:29","guid":{"rendered":"http:\/\/caneri.gmollet.free.fr\/?page_id=34"},"modified":"2025-01-07T18:55:26","modified_gmt":"2025-01-07T17:55:26","slug":"accueil","status":"publish","type":"page","link":"https:\/\/courscaneri.ovh\/","title":{"rendered":"Accueil"},"content":{"rendered":"<h3><a href=\"https:\/\/courscaneri.ovh\/?page_id=61\">Classe de seconde<\/a><\/h3>\n<ul>\n<li><a href=\"https:\/\/courscaneri.ovh\/?page_id=3393\">SNT<\/a><\/li>\n<li><a href=\"https:\/\/courscaneri.ovh\/?page_id=196\">cin\u00e9ma-audiovisuel<\/a><\/li>\n<\/ul>\n<h3><a href=\"https:\/\/courscaneri.ovh\/?page_id=2322\">Classe de premi\u00e8re g\u00e9n\u00e9rale<\/a><\/h3>\n<ul>\n<li><a href=\"https:\/\/courscaneri.ovh\/?page_id=43\">sp\u00e9cialit\u00e9 math\u00e9matiques<\/a><\/li>\n<li><a href=\"https:\/\/courscaneri.ovh\/?page_id=41\">sp\u00e9cialit\u00e9 NSI<\/a><\/li>\n<li><a href=\"https:\/\/courscaneri.ovh\/?page_id=39\">cin\u00e9ma-audiovisuel<\/a><\/li>\n<\/ul>\n<h3><a href=\"https:\/\/courscaneri.ovh\/?page_id=201\">Classe de terminale g\u00e9n\u00e9rale<\/a><\/h3>\n<ul>\n<li><a href=\"https:\/\/courscaneri.ovh\/?page_id=3440\">sp\u00e9cialit\u00e9 math\u00e9matiques<\/a><\/li>\n<li><a href=\"https:\/\/courscaneri.ovh\/?page_id=1025\">option math\u00e9matiques compl\u00e9mentaires<\/a><\/li>\n<li><a href=\"https:\/\/courscaneri.ovh\/?page_id=892\">sp\u00e9cialit\u00e9 NSI<\/a><\/li>\n<li><a href=\"https:\/\/courscaneri.ovh\/?page_id=206\">cin\u00e9ma-audiovisuel<\/a><\/li>\n<li><a href=\"https:\/\/courscaneri.ovh\/?page_id=982\">enseignement scientifique<\/a><\/li>\n<\/ul>\n","protected":false},"excerpt":{"rendered":"<p>Classe de seconde SNT cin\u00e9ma-audiovisuel Classe de premi\u00e8re g\u00e9n\u00e9rale sp\u00e9cialit\u00e9 math\u00e9matiques sp\u00e9cialit\u00e9 NSI cin\u00e9ma-audiovisuel Classe de terminale g\u00e9n\u00e9rale sp\u00e9cialit\u00e9 math\u00e9matiques option math\u00e9matiques compl\u00e9mentaires sp\u00e9cialit\u00e9 NSI cin\u00e9ma-audiovisuel enseignement scientifique<\/p>\n","protected":false},"author":2,"featured_media":0,"parent":0,"menu_order":0,"comment_status":"closed","ping_status":"closed","template":"","meta":{"footnotes":""},"class_list":["post-34","page","type-page","status-publish","czr-hentry"],"_links":{"self":[{"href":"https:\/\/courscaneri.ovh\/index.php?rest_route=\/wp\/v2\/pages\/34","targetHints":{"allow":["GET"]}}],"collection":[{"href":"https:\/\/courscaneri.ovh\/index.php?rest_route=\/wp\/v2\/pages"}],"about":[{"href":"https:\/\/courscaneri.ovh\/index.php?rest_route=\/wp\/v2\/types\/page"}],"author":[{"embeddable":true,"href":"https:\/\/courscaneri.ovh\/index.php?rest_route=\/wp\/v2\/users\/2"}],"replies":[{"embeddable":true,"href":"https:\/\/courscaneri.ovh\/index.php?rest_route=%2Fwp%2Fv2%2Fcomments&post=34"}],"version-history":[{"count":2,"href":"https:\/\/courscaneri.ovh\/index.php?rest_route=\/wp\/v2\/pages\/34\/revisions"}],"predecessor-version":[{"id":4135,"href":"https:\/\/courscaneri.ovh\/index.php?rest_route=\/wp\/v2\/pages\/34\/revisions\/4135"}],"wp:attachment":[{"href":"https:\/\/courscaneri.ovh\/index.php?rest_route=%2Fwp%2Fv2%2Fmedia&parent=34"}],"curies":[{"name":"wp","href":"https:\/\/api.w.org\/{rel}","templated":true}]}}