{"id":3419,"date":"2020-11-08T16:17:46","date_gmt":"2020-11-08T15:17:46","guid":{"rendered":"http:\/\/caneri.gmollet.free.fr\/?page_id=1182"},"modified":"2023-09-13T14:44:46","modified_gmt":"2023-09-13T12:44:46","slug":"caracteristiques-dune-image-2","status":"publish","type":"page","link":"https:\/\/courscaneri.ovh\/?page_id=3419","title":{"rendered":"Caract\u00e9ristiques d&#8217;une image"},"content":{"rendered":"<h2>Le plan<\/h2>\n<hr \/>\n<ul>\n<li><span class=\"katex-eq\" data-katex-display=\"false\">1^{\\text{er}}<\/span> sens : le plan comme plus petit \u00e9l\u00e9ment d&#8217;un film = portion continue ou ininterrompue d&#8217;image en mouvement, situ\u00e9e entre deux points de coupe ou de montage.<br \/>\n<em>Remarque : une succession de plans ayant une unit\u00e9 de lieu et\/ou de temps et\/ou d&#8217;action s &#8216;appelle une s\u00e9quence.<\/em><\/li>\n<li><span class=\"katex-eq\" data-katex-display=\"false\">2^{\\text{\u00e8me}}<\/span> sens : le plan comme type de cadrage = quantit\u00e9 d&#8217;espace visible \u00e0 l&#8217;image : on peut voir beaucoup de choses dans un grand espace, de tr\u00e8s loin (plan g\u00e9n\u00e9ral), ou de loin (plan d&#8217;ensemble), \u00e0 l&#8217;autre extr\u00eame, on peut voir une toute petite portion d&#8217;espace de tr\u00e8s pr\u00e8s (tr\u00e8s gros plan).<br \/>\n<em>Remarque : on trouve d&#8217;autres tailles de plans entre le plan d&#8217;ensemble et le tr\u00e8s gros plan : le plan de demi-ensemble (on voit autant le d\u00e9cor que les personnages), le plan moyen (qui est au centre de l&#8217;\u00e9chelle des plans : on voit \u00e0 J&#8217;image un personnage de la t\u00eate aux pieds), le plan italien (le personnage est vu de la t\u00eate au-dessous des genoux), le plan am\u00e9ricain (le personnage est vu de la t\u00eate jusqu&#8217;au milieu des cuisses), le plan rapproch\u00e9 taille, le plan rapproch\u00e9 poitrine, le plan rapproch\u00e9 \u00e9paule, le gros plan (le personnage est cadr\u00e9 de la base du cou au sommet de la t\u00eate).<\/em><\/li>\n<li><span class=\"katex-eq\" data-katex-display=\"false\">3^{\\text{\u00e8me}}<\/span> sens : le plan comme composition du champ = position respect ive des objets et des<br \/>\npersonnages dans la profondeur de l&#8217;image ou du champ. On parlera de \u00ab premier plan\u00bb, \u00ab second<br \/>\nplan \u00bb , \u00ab arri\u00e8re-plan \u00bb, etc.<\/li>\n<li><span class=\"katex-eq\" data-katex-display=\"false\">4^{\\text{\u00e8me}}<\/span> sens : le plan comme point de vue = place du spectateur relativement \u00e0 ce qui est montr\u00e9 \u00e0 l&#8217;image : si la cam\u00e9ra montre ce que voit un personnage, on parlera de plan subjectif; si la cam\u00e9ra reste neutre et occupe la position d&#8217;un observateur ext\u00e9rieur aux personnages, on parlera de plan objectif.<\/li>\n<\/ul>\n<h2>Le cadre<\/h2>\n<hr \/>\n<p>Comme en peinture, le cadre d\u00e9limite la surface mat\u00e9rielle de l\u2019image.<\/p>\n<p><img decoding=\"async\" src=\"http:\/\/courscaneri.ovh\/wp-content\/uploads\/2020\/11\/cadre-2.png\" width=\"300\" \/><\/p>\n<h2>Le champ<\/h2>\n<hr \/>\n<p>Le champ, c\u2019est la portion d\u2019espace (en 3 dimensions) que l\u2019on voit \u00e0 l\u2019image, d\u00e9limit\u00e9e par le cadre. L\u2019espace qui n\u2019est pas dans le champ est appel\u00e9 le hors-champ qu\u2019on ne peut qu\u2019imaginer.<\/p>\n<p><img decoding=\"async\" src=\"http:\/\/courscaneri.ovh\/wp-content\/uploads\/2020\/11\/champ-2.png\" width=\"400\" \/><\/p>\n<p>Sur l&#8217;image ci-dessus, le champ est l&#8217;int\u00e9rieur du solide d\u00e9limit\u00e9 par le fond gris, l&#8217;image et les ar\u00eates rouges.<\/p>\n<h2>Mise au point<\/h2>\n<hr \/>\n<p>La mise au point est l\u2019\u00e9v\u00e9nement qui permet de rendre l\u2019image d\u2019un objet nette.<br \/>\nMat\u00e9riellement, dans un appareil photo ou une cam\u00e9ra, la mise au point est caract\u00e9ris\u00e9e par un changement de distance entre le capteur CCD (ou la pellicule) et l\u2019objectif.<br \/>\nPour qu\u2019un objet semble net, il faut que, sur le capteur CCD, la tache repr\u00e9sentant un point de l\u2019objet soit d\u2019un diam\u00e8tre inf\u00e9rieur \u00e0 quelques microns (microm\u00e8tres).<\/p>\n<h2>Profondeur de champ<\/h2>\n<hr \/>\n<p>C\u2019est la portion d\u2019espace dans laquelle l\u2019image est nette. Le choix de la profondeur de champ est r\u00e9v\u00e9lateur de la construction du r\u00e9cit car elle d\u00e9signe ce qui est \u00e0 voir sans toutefois l\u2019imposer.<\/p>\n<p><img loading=\"lazy\" decoding=\"async\" class=\"alignnone size-medium wp-image-3843\" src=\"http:\/\/courscaneri.ovh\/wp-content\/uploads\/2023\/09\/profondeur_champ-300x258.png\" alt=\"\" width=\"300\" height=\"258\" srcset=\"https:\/\/courscaneri.ovh\/wp-content\/uploads\/2023\/09\/profondeur_champ-300x258.png 300w, https:\/\/courscaneri.ovh\/wp-content\/uploads\/2023\/09\/profondeur_champ-1024x880.png 1024w, https:\/\/courscaneri.ovh\/wp-content\/uploads\/2023\/09\/profondeur_champ-768x660.png 768w, https:\/\/courscaneri.ovh\/wp-content\/uploads\/2023\/09\/profondeur_champ.png 1154w\" sizes=\"auto, (max-width: 300px) 100vw, 300px\" \/><\/p>\n<p>Sur ce photogramme, nous voyons Charlotte Rempling nette alors que l\u2019arbre est flou. La profondeur de champ est donc peu profonde.<\/p>\n<h2>Taille (ou valeur) de plan<\/h2>\n<hr \/>\n<p><img decoding=\"async\" src=\"http:\/\/caneri.gmollet.free.fr\/wp-content\/uploads\/2020\/11\/Valeur_plan.png\" width=\"1000\" \/><\/p>\n<ul>\n<li>Tr\u00e8s Gros Plan(TGP):<br \/>\nOn voit une petite partie du corps du personnage, en g\u00e9n\u00e9ral du visage.<\/li>\n<li>Gros Plan(GP):<br \/>\nOn voit le visage du personnage. On s&#8217;int\u00e9resse aux \u00e9motions du personnage.<\/li>\n<li>Plan Rapproch\u00e9 Poitrine(PRP):<br \/>\nOn voit le personnage du haut de la t\u00eate \u00e0 la poitrine. On s&#8217;int\u00e9resse \u00e0 la gestuelle du personnage et \u00e0 ses \u00e9motions.<\/li>\n<li>Plan Rapproch\u00e9 Taille(PRT):<br \/>\nOn voit le personnage du haut de la t\u00eate \u00e0 la taille. On s&#8217;int\u00e9resse \u00e0 la gestuelle du personnage.<\/li>\n<li>Plan Am\u00e9ricain(PA):<br \/>\nOn voit le personnage du haut de la t\u00eate \u00e0 mi-cuisse. On s&#8217;int\u00e9resse aux actions du personnages.<\/li>\n<li>Plan Italien(PI):<br \/>\nOn voit le personnage du haut de la t\u00eate \u00e0 mi-mollet. On s&#8217;int\u00e9resse aux actions du personnages.<\/li>\n<li>Plan Moyen(PM):<br \/>\nOn voit le personnage du haut de la t\u00eate aux pieds. Le personnage et le d\u00e9cor sont aussi importants l&#8217;un que l&#8217;autre.<\/li>\n<li>Plan d&#8217;ensemble(PE):<br \/>\nOn voit le personnage en enier dans un d\u00e9cor pr\u00e9pond\u00e9rant. On voit les actions du personnages dans le d\u00e9cor.<\/li>\n<li>Plan G\u00e9n\u00e9ral(PG):<br \/>\nOn ne voit presque pas les personnages. On s&#8217;int\u00e9resse aux d\u00e9cors.<\/li>\n<li>Insert:<br \/>\nGros plan sur un objet.<\/li>\n<\/ul>\n<h2>La focale et ouverture<\/h2>\n<hr \/>\n<p>En photographie, la focale d\u2019une lentille est la distance s\u00e9parant la lentille et un point imaginaire par lequel passent tous les rayons entrant dans la lentille parall\u00e8lement \u00e0 l&#8217;axe de la lentille.<\/p>\n<p><img loading=\"lazy\" decoding=\"async\" class=\"alignnone size-medium wp-image-3844\" src=\"http:\/\/courscaneri.ovh\/wp-content\/uploads\/2023\/09\/focale-300x227.png\" alt=\"\" width=\"300\" height=\"227\" srcset=\"https:\/\/courscaneri.ovh\/wp-content\/uploads\/2023\/09\/focale-300x227.png 300w, https:\/\/courscaneri.ovh\/wp-content\/uploads\/2023\/09\/focale-768x582.png 768w, https:\/\/courscaneri.ovh\/wp-content\/uploads\/2023\/09\/focale.png 1000w\" sizes=\"auto, (max-width: 300px) 100vw, 300px\" \/><\/p>\n<p>La courte focale est aussi appel\u00e9e grand angle du fait qu\u2019on voit plus d\u2019\u00e9l\u00e9ments dans l\u2019image.<br \/>\nUne focale moyenne (35mm) correspond \u00e0 la vision humaine.<\/p>\n<p>Un objectif est constitu\u00e9 d\u2019un jeu de lentilles, ce qui permet de faire varier la focale.<br \/>\nLe fait de faire varier la focale d\u2019une courte focale vers une longue focale est appel\u00e9 le zoom avant.<br \/>\nLe fait de faire varier la focale d\u2019une longue focale vers une courte focale est appel\u00e9 le zoom arri\u00e8re.<\/p>\n<p>En photographie, l\u2019ouverture correspond \u00e0 l\u2019ouverture du diaphragme.<br \/>\nL\u2019ouverture maximale est une fraction de la focale <i>f<\/i>. (exemple : <i>f<\/i>\/3,5, <i>f<\/i>\/5,6, etc.).<\/p>\n<p>Ce qu\u2019il faut retenir :<\/p>\n<ul>\n<li>Sur la focale :\n<ul>\n<li>Plus la focale est courte, plus les distance semblent grandes dans la profondeur, plus la profondeur de champ est grande.<\/li>\n<li>Plus la focale est grande, plus les distances semblent petites dans la profondeur, plus la profondeur de champ est petite.<\/li>\n<\/ul>\n<\/li>\n<li>Sur l\u2019ouverture :\n<ul>\n<li>Plus l\u2019ouverture est petite, plus la profondeur de champ est grande.<\/li>\n<li>Plus l\u2019ouverture est grande, plus la profondeur de champ est petite.<\/li>\n<\/ul>\n<\/li>\n<\/ul>\n","protected":false},"excerpt":{"rendered":"<p>Le plan sens : le plan comme plus petit \u00e9l\u00e9ment d&#8217;un film = portion continue ou ininterrompue d&#8217;image en mouvement, situ\u00e9e entre deux points de coupe ou de montage. Remarque : une succession de plans ayant une unit\u00e9 de lieu et\/ou de temps et\/ou d&#8217;action s &#8216;appelle une s\u00e9quence. sens : le plan comme type [&hellip;]<\/p>\n","protected":false},"author":2,"featured_media":0,"parent":196,"menu_order":4,"comment_status":"closed","ping_status":"closed","template":"","meta":{"footnotes":""},"class_list":["post-3419","page","type-page","status-publish","czr-hentry"],"_links":{"self":[{"href":"https:\/\/courscaneri.ovh\/index.php?rest_route=\/wp\/v2\/pages\/3419","targetHints":{"allow":["GET"]}}],"collection":[{"href":"https:\/\/courscaneri.ovh\/index.php?rest_route=\/wp\/v2\/pages"}],"about":[{"href":"https:\/\/courscaneri.ovh\/index.php?rest_route=\/wp\/v2\/types\/page"}],"author":[{"embeddable":true,"href":"https:\/\/courscaneri.ovh\/index.php?rest_route=\/wp\/v2\/users\/2"}],"replies":[{"embeddable":true,"href":"https:\/\/courscaneri.ovh\/index.php?rest_route=%2Fwp%2Fv2%2Fcomments&post=3419"}],"version-history":[{"count":1,"href":"https:\/\/courscaneri.ovh\/index.php?rest_route=\/wp\/v2\/pages\/3419\/revisions"}],"predecessor-version":[{"id":3845,"href":"https:\/\/courscaneri.ovh\/index.php?rest_route=\/wp\/v2\/pages\/3419\/revisions\/3845"}],"up":[{"embeddable":true,"href":"https:\/\/courscaneri.ovh\/index.php?rest_route=\/wp\/v2\/pages\/196"}],"wp:attachment":[{"href":"https:\/\/courscaneri.ovh\/index.php?rest_route=%2Fwp%2Fv2%2Fmedia&parent=3419"}],"curies":[{"name":"wp","href":"https:\/\/api.w.org\/{rel}","templated":true}]}}