{"id":3429,"date":"2020-11-08T16:35:02","date_gmt":"2020-11-08T15:35:02","guid":{"rendered":"http:\/\/caneri.gmollet.free.fr\/?page_id=1220"},"modified":"2023-09-13T14:57:28","modified_gmt":"2023-09-13T12:57:28","slug":"les-dialogues-2-2","status":"publish","type":"page","link":"https:\/\/courscaneri.ovh\/?page_id=3429","title":{"rendered":"Les dialogues"},"content":{"rendered":"<h2>Champ\/contrechamp<\/h2>\n<hr \/>\n<p>Le contre-champ est un champ spatialement oppos\u00e9 au champ du plan pr\u00e9c\u00e9dent.<br \/>\nLe montage du champ \u2013 contrechamp est souvent utilis\u00e9 pour filmer une conversation \u00e0 deux personnages.<br \/>\nPour une conversation ininterrompue, il faut mieux utiliser la m\u00eame profondeur de champ.<br \/>\nPour des champ\/ contrechamp avec amorce, plus la profondeur de champ est faible, plus cela donne l\u2019impression d\u2019intimit\u00e9.<\/p>\n<h2>R\u00e8gle des 180\u00b0<\/h2>\n<hr \/>\n<p>Lorsqu\u2019on filme un champ \u2013 contrechamp, la cam\u00e9ra ne doit pas franchir la ligne fictive qui relie les 2 acteurs. Ainsi les regards paraissent se croiser. La ligne fictive s\u2019appelle ligne d\u2019action.<\/p>\n<p><img loading=\"lazy\" decoding=\"async\" class=\"alignnone size-medium wp-image-3885\" src=\"http:\/\/courscaneri.ovh\/wp-content\/uploads\/2023\/09\/regle180-300x225.png\" alt=\"\" width=\"300\" height=\"225\" srcset=\"https:\/\/courscaneri.ovh\/wp-content\/uploads\/2023\/09\/regle180-300x225.png 300w, https:\/\/courscaneri.ovh\/wp-content\/uploads\/2023\/09\/regle180-1024x768.png 1024w, https:\/\/courscaneri.ovh\/wp-content\/uploads\/2023\/09\/regle180-768x576.png 768w, https:\/\/courscaneri.ovh\/wp-content\/uploads\/2023\/09\/regle180.png 1046w\" sizes=\"auto, (max-width: 300px) 100vw, 300px\" \/><\/p>\n<h2>Mise en sc\u00e8ne \u00e0 trois personnages<\/h2>\n<hr \/>\n<h3>Sch\u00e9ma en A<\/h3>\n<hr \/>\n<p>Pour ce sch\u00e9ma de mise en sc\u00e8ne en \u00ab A \u00bb, nous d\u00e9finissons un angle de vue principal (1a). Bien que la cam\u00e9ra puisse se placer tout autour des acteurs, il est pr\u00e9f\u00e9rable d\u2019avoir une position de r\u00e9f\u00e9rence qui permette au spectateur de situer clairement la position des personnages dans l\u2019espace. La s\u00e9quence s\u2019ouvre par un plan film\u00e9 dans la position 1a.<br \/>\nLe dialogue d\u00e9marre entre les personnages A et C, ce qui \u00e9tablit une ligne d\u2019action. Les cam\u00e9ras 1 et 4 filment les plans avec amorce. Puis c\u2019est le personnage B qui parle au personnage C, ce qui \u00e9tablit une nouvelle ligne d\u2019action. C\u2019est ici qu\u2019intervient l\u2019angle de vue principal. Plut\u00f4t que d\u2019\u00e9tablir une nouvelle position de cam\u00e9ra pour les personnages B et C, le r\u00e9alisateur r\u00e9utilise la position 1a.<\/p>\n<p><img decoding=\"async\" src=\"http:\/\/courscaneri.ovh\/wp-content\/uploads\/2020\/11\/dialogue_3_1-1-300x183.png\" width=\"500\" \/><\/p>\n<h3>Sch\u00e9ma en L<\/h3>\n<hr \/>\n<p>Pour ce sch\u00e9ma de mise en sc\u00e8ne en \u00ab L \u00bb, nous d\u00e9finissons un angle de vue principal (1a) qui permet de situer clairement la position des personnages dans l\u2019espace. Le personnage A parle.<br \/>\nEnsuite la ligne d\u2019action se situe :<\/p>\n<ul>\n<li>soit entre la cam\u00e9ra 1 et la cam\u00e9ra 3<\/li>\n<li>soit entre la cam\u00e9ra 1 et la cam\u00e9ra 5.<\/li>\n<\/ul>\n<p>Dans les deux cas, la cam\u00e9ra 1 est en amorce. Elle cadre soit le personnage B ou C, soit les deux personnages B et C.<br \/>\nLa cam\u00e9ra 3 filme le personnage A avec le personnage B en amorce.<br \/>\nLa cam\u00e9ra 5 filme le personnage A avec les deux personnages B et C en amorce.<\/p>\n<p><img decoding=\"async\" src=\"http:\/\/courscaneri.ovh\/wp-content\/uploads\/2020\/11\/dialogue_3_2-1-300x208.png\" width=\"500\" \/><\/p>\n","protected":false},"excerpt":{"rendered":"<p>Champ\/contrechamp Le contre-champ est un champ spatialement oppos\u00e9 au champ du plan pr\u00e9c\u00e9dent. Le montage du champ \u2013 contrechamp est souvent utilis\u00e9 pour filmer une conversation \u00e0 deux personnages. Pour une conversation ininterrompue, il faut mieux utiliser la m\u00eame profondeur de champ. Pour des champ\/ contrechamp avec amorce, plus la profondeur de champ est faible, [&hellip;]<\/p>\n","protected":false},"author":2,"featured_media":0,"parent":39,"menu_order":8,"comment_status":"closed","ping_status":"closed","template":"","meta":{"footnotes":""},"class_list":["post-3429","page","type-page","status-publish","czr-hentry"],"_links":{"self":[{"href":"https:\/\/courscaneri.ovh\/index.php?rest_route=\/wp\/v2\/pages\/3429","targetHints":{"allow":["GET"]}}],"collection":[{"href":"https:\/\/courscaneri.ovh\/index.php?rest_route=\/wp\/v2\/pages"}],"about":[{"href":"https:\/\/courscaneri.ovh\/index.php?rest_route=\/wp\/v2\/types\/page"}],"author":[{"embeddable":true,"href":"https:\/\/courscaneri.ovh\/index.php?rest_route=\/wp\/v2\/users\/2"}],"replies":[{"embeddable":true,"href":"https:\/\/courscaneri.ovh\/index.php?rest_route=%2Fwp%2Fv2%2Fcomments&post=3429"}],"version-history":[{"count":1,"href":"https:\/\/courscaneri.ovh\/index.php?rest_route=\/wp\/v2\/pages\/3429\/revisions"}],"predecessor-version":[{"id":3886,"href":"https:\/\/courscaneri.ovh\/index.php?rest_route=\/wp\/v2\/pages\/3429\/revisions\/3886"}],"up":[{"embeddable":true,"href":"https:\/\/courscaneri.ovh\/index.php?rest_route=\/wp\/v2\/pages\/39"}],"wp:attachment":[{"href":"https:\/\/courscaneri.ovh\/index.php?rest_route=%2Fwp%2Fv2%2Fmedia&parent=3429"}],"curies":[{"name":"wp","href":"https:\/\/api.w.org\/{rel}","templated":true}]}}