{"id":360,"date":"2019-08-31T18:18:17","date_gmt":"2019-08-31T16:18:17","guid":{"rendered":"http:\/\/caneri.gmollet.free.fr\/?page_id=360"},"modified":"2019-08-31T18:18:17","modified_gmt":"2019-08-31T16:18:17","slug":"les-angles","status":"publish","type":"page","link":"https:\/\/courscaneri.ovh\/?page_id=360","title":{"rendered":"Les angles de prise de vue"},"content":{"rendered":"<table>\n<thead>\n<tr>\n<th style=\"text-align: center;\">Angle de prise de vue<\/th>\n<th style=\"text-align: center;\">Position de la cam\u00e9ra<\/th>\n<th style=\"text-align: center;\">Exemple<\/th>\n<th style=\"text-align: center;\">A quoi cela sert-il?<\/th>\n<\/tr>\n<\/thead>\n<tbody>\n<tr>\n<td style=\"text-align: center;\">Angle plat<\/td>\n<td style=\"text-align: center;\"><img decoding=\"async\" src=\"http:\/\/courscaneri.ovh\/wp-content\/uploads\/2020\/11\/angle_plat-1.png\" width=200><\/td>\n<td style=\"text-align: center;\"><img decoding=\"async\" src=\"http:\/\/courscaneri.ovh\/wp-content\/uploads\/2020\/11\/angle_plat_image-1.png\" width=200><\/td>\n<\/tr>\n<tr>\n<td style=\"text-align: center;\">Contre-plong\u00e9e<\/td>\n<td style=\"text-align: center;\"><img decoding=\"async\" src=\"http:\/\/courscaneri.ovh\/wp-content\/uploads\/2020\/11\/contre_plongee-1.png\" width=200><\/td>\n<td style=\"text-align: center;\"><img decoding=\"async\" src=\"http:\/\/courscaneri.ovh\/wp-content\/uploads\/2020\/11\/contre_plongee_image-1.png\" width=200><\/td>\n<td style=\"text-align: center;\">\n<ul style=\"text-align:left\">\n<li>sugg\u00e9rer un regard vers le haut<\/li>\n<li>donner l&#8217;impression de sup\u00e9riorit\u00e9 du sujet<\/li>\n<li>d\u00e9former la perspective<\/li>\n<\/ul>\n<\/td>\n<\/tr>\n<tr>\n<td style=\"text-align: center;\">Plong\u00e9e<\/td>\n<td style=\"text-align: center;\"><img decoding=\"async\" src=\"http:\/\/courscaneri.ovh\/wp-content\/uploads\/2020\/11\/plongee-1.png\" width=200><\/td>\n<td style=\"text-align: center;\"><img decoding=\"async\" src=\"http:\/\/courscaneri.ovh\/wp-content\/uploads\/2020\/11\/plongee_image-1.png\" width=200><\/td>\n<td style=\"text-align: center;\">\n<ul style=\"text-align:left\">\n<li>sugg\u00e9rer un regard vers le bas<\/li>\n<li>donner l&#8217;impression d&#8217;inf\u00e9riorit\u00e9 du sujet<\/li>\n<li>donner l&#8217;impression d&#8217;enfermement ou d&#8217;\u00e9crasement<\/li>\n<\/ul>\n<\/td>\n<\/tr>\n<tr>\n<td style=\"text-align: center;\">Plan d\u00e9bull\u00e9<br \/>Plan inclin\u00e9<br \/>Dutch angle<\/td>\n<td style=\"text-align: center;\"><img decoding=\"async\" src=\"http:\/\/courscaneri.ovh\/wp-content\/uploads\/2020\/11\/plan_debulle-1.png\" width=200><\/td>\n<td style=\"text-align: center;\"><img decoding=\"async\" src=\"http:\/\/courscaneri.ovh\/wp-content\/uploads\/2020\/11\/plan_debulle_image-1.png\" width=200><\/td>\n<td style=\"text-align: center;\">\n<ul style=\"text-align:left\">\n<li>Donner une impression de trouble, de malaise<\/li>\n<\/ul>\n<\/td>\n<\/tr>\n<\/tbody>\n<\/table>\n","protected":false},"excerpt":{"rendered":"<p>Angle de prise de vue Position de la cam\u00e9ra Exemple A quoi cela sert-il? Angle plat Contre-plong\u00e9e sugg\u00e9rer un regard vers le haut donner l&#8217;impression de sup\u00e9riorit\u00e9 du sujet d\u00e9former la perspective Plong\u00e9e sugg\u00e9rer un regard vers le bas donner l&#8217;impression d&#8217;inf\u00e9riorit\u00e9 du sujet donner l&#8217;impression d&#8217;enfermement ou d&#8217;\u00e9crasement Plan d\u00e9bull\u00e9Plan inclin\u00e9Dutch angle Donner une [&hellip;]<\/p>\n","protected":false},"author":2,"featured_media":0,"parent":206,"menu_order":4,"comment_status":"closed","ping_status":"closed","template":"","meta":{"footnotes":""},"class_list":["post-360","page","type-page","status-publish","czr-hentry"],"_links":{"self":[{"href":"https:\/\/courscaneri.ovh\/index.php?rest_route=\/wp\/v2\/pages\/360","targetHints":{"allow":["GET"]}}],"collection":[{"href":"https:\/\/courscaneri.ovh\/index.php?rest_route=\/wp\/v2\/pages"}],"about":[{"href":"https:\/\/courscaneri.ovh\/index.php?rest_route=\/wp\/v2\/types\/page"}],"author":[{"embeddable":true,"href":"https:\/\/courscaneri.ovh\/index.php?rest_route=\/wp\/v2\/users\/2"}],"replies":[{"embeddable":true,"href":"https:\/\/courscaneri.ovh\/index.php?rest_route=%2Fwp%2Fv2%2Fcomments&post=360"}],"version-history":[{"count":0,"href":"https:\/\/courscaneri.ovh\/index.php?rest_route=\/wp\/v2\/pages\/360\/revisions"}],"up":[{"embeddable":true,"href":"https:\/\/courscaneri.ovh\/index.php?rest_route=\/wp\/v2\/pages\/206"}],"wp:attachment":[{"href":"https:\/\/courscaneri.ovh\/index.php?rest_route=%2Fwp%2Fv2%2Fmedia&parent=360"}],"curies":[{"name":"wp","href":"https:\/\/api.w.org\/{rel}","templated":true}]}}