{"id":362,"date":"2019-08-31T18:18:33","date_gmt":"2019-08-31T16:18:33","guid":{"rendered":"http:\/\/caneri.gmollet.free.fr\/?page_id=362"},"modified":"2024-06-17T18:05:53","modified_gmt":"2024-06-17T16:05:53","slug":"362-2","status":"publish","type":"page","link":"https:\/\/courscaneri.ovh\/?page_id=362","title":{"rendered":"Les axes"},"content":{"rendered":"<p><strong><em>Axe de la cam\u00e9ra<\/em><\/strong><br \/>\nL\u2019axe optique de la cam\u00e9ra est la ligne droite imaginaire reliant l\u2019objectif au centre de l\u2019image. On parle d\u2019axe de face, de profil, de \u00be avant gauche, etc. lorsqu\u2019on se r\u00e9f\u00e8re \u00e0 un personnage.<\/p>\n<p><img loading=\"lazy\" decoding=\"async\" src=\"http:\/\/courscaneri.ovh\/wp-content\/uploads\/2023\/09\/axes-300x205.png\" alt=\"\" width=\"300\" height=\"205\" class=\"alignnone size-medium wp-image-3846\" srcset=\"https:\/\/courscaneri.ovh\/wp-content\/uploads\/2023\/09\/axes-300x205.png 300w, https:\/\/courscaneri.ovh\/wp-content\/uploads\/2023\/09\/axes-768x524.png 768w, https:\/\/courscaneri.ovh\/wp-content\/uploads\/2023\/09\/axes.png 943w\" sizes=\"auto, (max-width: 300px) 100vw, 300px\" \/><\/p>\n","protected":false},"excerpt":{"rendered":"<p>Axe de la cam\u00e9ra L\u2019axe optique de la cam\u00e9ra est la ligne droite imaginaire reliant l\u2019objectif au centre de l\u2019image. On parle d\u2019axe de face, de profil, de \u00be avant gauche, etc. lorsqu\u2019on se r\u00e9f\u00e8re \u00e0 un personnage.<\/p>\n","protected":false},"author":2,"featured_media":0,"parent":206,"menu_order":5,"comment_status":"closed","ping_status":"closed","template":"","meta":{"footnotes":""},"class_list":["post-362","page","type-page","status-publish","czr-hentry"],"_links":{"self":[{"href":"https:\/\/courscaneri.ovh\/index.php?rest_route=\/wp\/v2\/pages\/362","targetHints":{"allow":["GET"]}}],"collection":[{"href":"https:\/\/courscaneri.ovh\/index.php?rest_route=\/wp\/v2\/pages"}],"about":[{"href":"https:\/\/courscaneri.ovh\/index.php?rest_route=\/wp\/v2\/types\/page"}],"author":[{"embeddable":true,"href":"https:\/\/courscaneri.ovh\/index.php?rest_route=\/wp\/v2\/users\/2"}],"replies":[{"embeddable":true,"href":"https:\/\/courscaneri.ovh\/index.php?rest_route=%2Fwp%2Fv2%2Fcomments&post=362"}],"version-history":[{"count":1,"href":"https:\/\/courscaneri.ovh\/index.php?rest_route=\/wp\/v2\/pages\/362\/revisions"}],"predecessor-version":[{"id":4098,"href":"https:\/\/courscaneri.ovh\/index.php?rest_route=\/wp\/v2\/pages\/362\/revisions\/4098"}],"up":[{"embeddable":true,"href":"https:\/\/courscaneri.ovh\/index.php?rest_route=\/wp\/v2\/pages\/206"}],"wp:attachment":[{"href":"https:\/\/courscaneri.ovh\/index.php?rest_route=%2Fwp%2Fv2%2Fmedia&parent=362"}],"curies":[{"name":"wp","href":"https:\/\/api.w.org\/{rel}","templated":true}]}}