{"id":367,"date":"2019-08-31T18:19:39","date_gmt":"2019-08-31T16:19:39","guid":{"rendered":"http:\/\/caneri.gmollet.free.fr\/?page_id=367"},"modified":"2019-08-31T18:19:39","modified_gmt":"2019-08-31T16:19:39","slug":"367-2","status":"publish","type":"page","link":"https:\/\/courscaneri.ovh\/?page_id=367","title":{"rendered":"Les raccords"},"content":{"rendered":"<p>On parle de raccord lorsqu\u2019on passe d\u2019un plan \u00e0 un autre.<\/p>\n<h2>Les raccords de direction<\/h2>\n<p>Au cours de deux plans successifs, les d\u00e9placements s&#8217;effectuent dans le m\u00eame sens.<\/p>\n<p>Cas particulier : raccord de direction avec champ vide.<br \/>\nLe plan commence ou finit sur un champ vide. Quelques images suffisent.<\/p>\n<h2>Les raccords de mouvement, de geste<\/h2>\n<p>Dans une m\u00eame sc\u00e8ne, le mouvement \u00e9bauch\u00e9 dans un plan est continu\u00e9 dans le suivant. Il peut s&#8217;agir d&#8217;un raccord di\u00e9g\u00e9tique montrant les gestes d&#8217;un m\u00eame personnage, ou d&#8217;un raccord plastique concernant deux personnages diff\u00e9rents.<\/p>\n<h2>Raccords de position<\/h2>\n<p><strong><em>R\u00e8gle des 180\u00b0<\/em><\/strong><br \/>\nDans une m\u00eame sc\u00e8ne, d\u2019un plan \u00e0 l\u2019autre, lorsqu\u2019on filme 2 personnages, la cam\u00e9ra ne doit pas d\u00e9passer la ligne fictive qui passe par les deux personnages.<\/p>\n<p><strong><em>Raccords dans l\u2019axe inverse<\/em><\/strong><br \/>\nD\u2019un plan \u00e0 l\u2019autre, on place la cam\u00e9ra afin de filmer le champ oppos\u00e9 mais tout en restant sur le m\u00eame axe.<\/p>\n<p><strong><em>Les raccords de regard<\/em><\/strong><br \/>\nA un premier plan sur le personnage succ\u00e8de un contre champ montrant ce qu&#8217;il voit.<\/p>\n<h2>Les raccords plastique<\/h2>\n<p>Il s&#8217;agit d&#8217;un effet de contigu\u00eft\u00e9 entre formes et couleurs.<\/p>\n<p><strong><em>Les raccords lumi\u00e8re<\/em><\/strong><br \/>\nD\u2019un plan \u00e0 l\u2019autre d\u2019une m\u00eame sc\u00e8ne, la lumi\u00e8re doit \u00eatre identique.<\/p>\n<p><strong><em>Raccord sur un objet<\/em><\/strong><br \/>\nD&#8217;un plan \u00e0 l&#8217;autre les lignes composant l&#8217;image du premier plan se confondent avec les lignes composant le second plan (par exemple celles d&#8217;un objet).<\/p>\n<h2>Autres raccords:<\/h2>\n<p>Lorsqu\u2019on passe d\u2019un plan \u00e0 un autre, dans une m\u00eame sc\u00e8ne :<\/p>\n<p><strong><em>Raccords dans l\u2019axe<\/em><\/strong><br \/>\nSoit les prises de vues ont le m\u00eame axe mais changent de valeur de plan.<br \/>\nUn exemple de raccord dans l&#8217;axe est le Staccato, qui est une succession de trois plans avec raccord dans l&#8217;axe.<\/p>\n<p><strong><em>R\u00e8gle des 30\u00b0<\/em><\/strong><br \/>\nSoient les prises de vues gardent la m\u00eame valeur de plan mais changent d\u2019axe d\u2019au moins 30\u00b0. <\/p>\n<h2>Le jump-cut ou raccord plan sur plan :<\/h2>\n<p>C\u2019est un raccord consistant \u00e0 couper quelques images au milieu d\u2019un plan, de fa\u00e7on perceptible ou non. Cette technique qui permet d\u2019\u00e9vacuer les temps morts est utilis\u00e9e souvent pour les documentaires et reportages.<\/p>\n<h2>Les raccords de montage<\/h2>\n<p><strong><em>Fondu<\/em><\/strong><br \/>\nEffet de liaison qui fait appara\u00eetre ou dispara\u00eetre progressivement l\u2019image.<br \/>\nCet effet peut servir \u00e0 sugg\u00e9rer le d\u00e9but ou la fin d\u2019une s\u00e9quence.<\/p>\n<p><strong><em>Ouverture en fondu<\/em><\/strong><br \/>\nL\u2019ouverture en fondu fait immerger du noir (ou d\u2019une autre couleur) une image.<br \/>\nCet effet peut servir \u00e0 sugg\u00e9rer le d\u00e9but d\u2019une s\u00e9quence.<\/p>\n<p><strong><em>Fermeture en fondu<\/em><\/strong><br \/>\nLa fermeture en fondu fait dispara\u00eetre l\u2019image qui devient noir (ou une autre couleur).<br \/>\nCet effet peut servir \u00e0 sugg\u00e9rer la fin d\u2019une s\u00e9quence.<\/p>\n<p><strong><em>Fondu encha\u00een\u00e9<\/em><\/strong><br \/>\nLe fondu encha\u00een\u00e9 correspond \u00e0 la surimpression de deux s\u00e9ries d\u2019images :<\/p>\n<pre><code>* Les derni\u00e8res images d\u2019un plan.\n* Les premi\u00e8res images du plan suivant.\nCet effet peut servir \u00e0 sugg\u00e9rer une continuit\u00e9 malgr\u00e9 une ellipse spatio-temporelle.<\/code><\/pre>\n<p><strong><em>Autres<\/em><\/strong><br \/>\nIl existe d\u2019autres raccords de montage qu\u2019on appelle aussi transitions.<br \/>\nIls prennent la forme de volets, d\u2019iris, etc.<\/p>\n","protected":false},"excerpt":{"rendered":"<p>On parle de raccord lorsqu\u2019on passe d\u2019un plan \u00e0 un autre. Les raccords de direction Au cours de deux plans successifs, les d\u00e9placements s&#8217;effectuent dans le m\u00eame sens. Cas particulier : raccord de direction avec champ vide. Le plan commence ou finit sur un champ vide. Quelques images suffisent. Les raccords de mouvement, de geste [&hellip;]<\/p>\n","protected":false},"author":2,"featured_media":0,"parent":206,"menu_order":7,"comment_status":"closed","ping_status":"closed","template":"","meta":{"footnotes":""},"class_list":["post-367","page","type-page","status-publish","czr-hentry"],"_links":{"self":[{"href":"https:\/\/courscaneri.ovh\/index.php?rest_route=\/wp\/v2\/pages\/367","targetHints":{"allow":["GET"]}}],"collection":[{"href":"https:\/\/courscaneri.ovh\/index.php?rest_route=\/wp\/v2\/pages"}],"about":[{"href":"https:\/\/courscaneri.ovh\/index.php?rest_route=\/wp\/v2\/types\/page"}],"author":[{"embeddable":true,"href":"https:\/\/courscaneri.ovh\/index.php?rest_route=\/wp\/v2\/users\/2"}],"replies":[{"embeddable":true,"href":"https:\/\/courscaneri.ovh\/index.php?rest_route=%2Fwp%2Fv2%2Fcomments&post=367"}],"version-history":[{"count":0,"href":"https:\/\/courscaneri.ovh\/index.php?rest_route=\/wp\/v2\/pages\/367\/revisions"}],"up":[{"embeddable":true,"href":"https:\/\/courscaneri.ovh\/index.php?rest_route=\/wp\/v2\/pages\/206"}],"wp:attachment":[{"href":"https:\/\/courscaneri.ovh\/index.php?rest_route=%2Fwp%2Fv2%2Fmedia&parent=367"}],"curies":[{"name":"wp","href":"https:\/\/api.w.org\/{rel}","templated":true}]}}