{"id":374,"date":"2019-08-31T18:21:45","date_gmt":"2019-08-31T16:21:45","guid":{"rendered":"http:\/\/caneri.gmollet.free.fr\/?page_id=374"},"modified":"2019-08-31T18:21:45","modified_gmt":"2019-08-31T16:21:45","slug":"la-note-dintention-2","status":"publish","type":"page","link":"https:\/\/courscaneri.ovh\/?page_id=374","title":{"rendered":"La note d&#039;intention"},"content":{"rendered":"<p>La note d\u2019intention est un texte d\u2019une (minimum) \u00e0 deux pages (voire trois maximum) dans lequel les \u00e9l\u00e8ves travaillant \u00e0 un court-m\u00e9trage collectif exposent et argumentent un projet de r\u00e9daction et de r\u00e9alisation d\u2019un sc\u00e9nario \u00e0 partir d\u2019un th\u00e8me impos\u00e9.<br \/>\nRemarque importante : une seule note d\u2019intention par groupe r\u00e9dig\u00e9e collectivement. Chaque \u00e9l\u00e8ve du groupe placera un exemplaire de la m\u00eame note d\u2019intention que ses camarades du groupe dans son dossier avant le sc\u00e9nario.  <\/p>\n<h2>1er paragraphe<\/h2>\n<p>il s\u2019agit tout d\u2019abord de pr\u00e9senter votre court-m\u00e9trage:  <\/p>\n<ul>\n<li>Pr\u00e9senter le film :\n<ul>\n<li>son titre pr\u00e9visionnel<\/li>\n<li>ses auteurs<\/li>\n<li>son sujet<\/li>\n<li>son pitch<\/li>\n<li>le(s) genre(s) dans le(s)quel(s) il s\u2019inscrit<\/li>\n<li>le lien avec le th\u00e8me impos\u00e9 et les th\u00e8mes de recherche personnels choisis par les membres du groupe.<\/li>\n<\/ul>\n<\/li>\n<li>Pr\u00e9senter vos intentions par rapport au spectateur<br \/>\nquel effet voulez-vous produire sur lui?<\/p>\n<ul>\n<li>le faire r\u00e9fl\u00e9chir ? *<\/li>\n<li>l\u2019angoisser<\/li>\n<li>l\u2019intriguer<\/li>\n<li>etc.<\/li>\n<\/ul>\n<\/li>\n<\/ul>\n<h2>2\u00e8me paragraphe<\/h2>\n<p>Ici il faut pr\u00e9ciser les choix d\u2019\u00e9criture du sc\u00e9nario en les justifiant, relativement :<\/p>\n<ul>\n<li>au point de vue retenu<\/li>\n<li>au traitement des personnages:\n<ul>\n<li>description physique<\/li>\n<li>caract\u00e8re<\/li>\n<li>apparence vestimentaire<\/li>\n<li>rapports entre les personnages<\/li>\n<\/ul>\n<\/li>\n<li>au traitement de l\u2019espace:\n<ul>\n<li>choix des d\u00e9cors<\/li>\n<li>des lieux<\/li>\n<li>int ou ext<\/li>\n<li>etc.<\/li>\n<\/ul>\n<\/li>\n<li>au traitement du temps:\n<ul>\n<li>choix de la temporalit\u00e9 du r\u00e9cit<\/li>\n<li>temps long ou court<\/li>\n<li>pr\u00e9sence ou non d\u2019ellipses temporelles: de flash-back, flash-over<\/li>\n<li>choix de la saison<\/li>\n<li>choix de l\u2019\u00e9poque historique<\/li>\n<\/ul>\n<\/li>\n<\/ul>\n<h2>3\u00e8me paragraphe<\/h2>\n<p>Il s&#8217;agit enfin pr\u00e9ciser les intentions de traitement ou de r\u00e9alisation de ce sc\u00e9nario.<\/p>\n<p>Pour le tournage, quelles sont vos intentions relativement :<\/p>\n<ul>\n<li>au traitement des personnages:\n<ul>\n<li>indications de jeu<\/li>\n<li>d\u00e9placements<\/li>\n<li>posture<\/li>\n<li>ton des r\u00e9pliques<\/li>\n<\/ul>\n<\/li>\n<li>au traitement de l\u2019image:\n<ul>\n<li>type de cadrage<\/li>\n<li>utilisation de la profondeur de champ<\/li>\n<li>angles et axes de prise de vue<\/li>\n<li>traitement de la lumi\u00e8re<\/li>\n<li>de la couleur<\/li>\n<li>composition du champ<\/li>\n<li>mouvements de cam\u00e9ra<\/li>\n<li>etc.<\/li>\n<\/ul>\n<\/li>\n<li>au traitement du son:\n<ul>\n<li>composition de la bande-son:\n<ul>\n<li>sons in<\/li>\n<li>sons hors-champ<\/li>\n<li>musique intra ou di\u00e9g\u00e9tique<\/li>\n<li>bruitages<\/li>\n<li>ambiance sonore<\/li>\n<li>ton des dialogues<\/li>\n<li>etc. <\/li>\n<\/ul>\n<\/li>\n<\/ul>\n<\/li>\n<\/ul>\n<p>La pr\u00e9sence de r\u00e9f\u00e9rences cin\u00e9matographiques, ou plus g\u00e9n\u00e9ralement artistiques sera valoris\u00e9e par le jury.<\/p>\n<p>Pour le montage , quelles sont vos intentions relativement :<\/p>\n<ul>\n<li>au rythme:\n<ul>\n<li>plans longs ou courts ?<\/li>\n<\/ul>\n<\/li>\n<li>aux types de raccords:\n<ul>\n<li>cut<\/li>\n<li>travaill\u00e9s en fondu encha\u00een\u00e9s<\/li>\n<li>en fermeture et ouverture au noir<\/li>\n<li>en volet<\/li>\n<li>etc.<\/li>\n<\/ul>\n<\/li>\n<li>au mixage:\n<ul>\n<li>travail de la bande-son :\n<ul>\n<li>ajout de bruitages<\/li>\n<li>de musique extra-di\u00e9g\u00e9tique<\/li>\n<li>d\u2019une voix off<\/li>\n<li>etc.<\/li>\n<\/ul>\n<\/li>\n<\/ul>\n<\/li>\n<\/ul>\n","protected":false},"excerpt":{"rendered":"<p>La note d\u2019intention est un texte d\u2019une (minimum) \u00e0 deux pages (voire trois maximum) dans lequel les \u00e9l\u00e8ves travaillant \u00e0 un court-m\u00e9trage collectif exposent et argumentent un projet de r\u00e9daction et de r\u00e9alisation d\u2019un sc\u00e9nario \u00e0 partir d\u2019un th\u00e8me impos\u00e9. Remarque importante : une seule note d\u2019intention par groupe r\u00e9dig\u00e9e collectivement. Chaque \u00e9l\u00e8ve du groupe [&hellip;]<\/p>\n","protected":false},"author":2,"featured_media":0,"parent":206,"menu_order":10,"comment_status":"closed","ping_status":"closed","template":"","meta":{"footnotes":""},"class_list":["post-374","page","type-page","status-publish","czr-hentry"],"_links":{"self":[{"href":"https:\/\/courscaneri.ovh\/index.php?rest_route=\/wp\/v2\/pages\/374","targetHints":{"allow":["GET"]}}],"collection":[{"href":"https:\/\/courscaneri.ovh\/index.php?rest_route=\/wp\/v2\/pages"}],"about":[{"href":"https:\/\/courscaneri.ovh\/index.php?rest_route=\/wp\/v2\/types\/page"}],"author":[{"embeddable":true,"href":"https:\/\/courscaneri.ovh\/index.php?rest_route=\/wp\/v2\/users\/2"}],"replies":[{"embeddable":true,"href":"https:\/\/courscaneri.ovh\/index.php?rest_route=%2Fwp%2Fv2%2Fcomments&post=374"}],"version-history":[{"count":0,"href":"https:\/\/courscaneri.ovh\/index.php?rest_route=\/wp\/v2\/pages\/374\/revisions"}],"up":[{"embeddable":true,"href":"https:\/\/courscaneri.ovh\/index.php?rest_route=\/wp\/v2\/pages\/206"}],"wp:attachment":[{"href":"https:\/\/courscaneri.ovh\/index.php?rest_route=%2Fwp%2Fv2%2Fmedia&parent=374"}],"curies":[{"name":"wp","href":"https:\/\/api.w.org\/{rel}","templated":true}]}}