{"id":377,"date":"2019-08-31T18:27:11","date_gmt":"2019-08-31T16:27:11","guid":{"rendered":"http:\/\/caneri.gmollet.free.fr\/?page_id=377"},"modified":"2019-08-31T18:27:11","modified_gmt":"2019-08-31T16:27:11","slug":"protocole-dutilisation-dune-camera","status":"publish","type":"page","link":"https:\/\/courscaneri.ovh\/?page_id=377","title":{"rendered":"Protocole d&#039;utilisation du mat\u00e9riel"},"content":{"rendered":"<h2>Se nettoyer les mains avec du gel hydro alcoolique<\/h2>\n<h2>Installation du mat\u00e9riel<\/h2>\n<ul>\n<li><strong><em>Le tr\u00e9pied<\/em><\/strong><br \/>\nD\u00e9plier le tr\u00e9pied \u00e0 une hauteur convenable.<br \/>\nPenser \u00e0 faire le niveau gr\u00e2ce au niveau \u00e0 bulle.  <\/li>\n<li><strong><em>La cam\u00e9ra<\/em><\/strong><br \/>\nFixer la plaque du tr\u00e9pied sous la cam\u00e9ra.<br \/>\nPlacer la cam\u00e9ra sur le tr\u00e9pied en faisant glisser la plaque dans la t\u00eate du tr\u00e9pied.<br \/>\npenser \u00e0 mettre la batterie de la cam\u00e9ra ou l\u2019alimentation secteur.  <\/li>\n<li><strong><em>Le microphone<\/em><\/strong><br \/>\nBrancher et allumer le microphone apr\u00e8s avoir ins\u00e9r\u00e9 la pile dans le bon sens. Le placer sur<br \/>\nla perche.  <\/li>\n<li><strong><em>Le casque<\/em><\/strong><br \/>\nBrancher le casque.  <\/li>\n<\/ul>\n<h2>Pr\u00e9paration du cadre<\/h2>\n<ul>\n<li>Allumer la cam\u00e9ra<br \/>\nConfigurer la cam\u00e9ra pour que le son passe dans le casque (pour les petites cam\u00e9ras)  <\/li>\n<li>Choisir l\u2019angle de prise de vue et la valeur du plan.  <\/li>\n<li>La mise au point<br \/>\nUtiliser la molette de la cam\u00e9ra pour faire la mise au point.<br \/>\nLes petites cam\u00e9ras ont une aide \u00e0 la mise au point.  <\/li>\n<li>Balance des blancs<br \/>\nEn utilisant un objet blanc (feuille de papier), faire la balance des blancs pour \u00e9talonner les<br \/>\ncouleurs de la cam\u00e9ra.  <\/li>\n<\/ul>\n<h2>Commencer le tournage.<\/h2>\n<ul>\n<li>\u00ab silence \u00bb : tout le monde doit se taire et se pr\u00e9pare au tournage.  <\/li>\n<li>\u00ab moteur \u00bb : on appuie sur le bouton d\u2019enregistrement.  <\/li>\n<li>\u00ab \u00e7a tourne \u00bb : l\u2019enregistrement commence.  <\/li>\n<li>\u00ab action \u00bb : les acteurs et figurants commencent \u00e0 jouer.  <\/li>\n<li>\u00ab couper \u00bb : on appuie sur le bouton d\u2019enregistrement pour terminer l\u2019enregistrement.  <\/li>\n<\/ul>\n<h2>Rangement du mat\u00e9riel<\/h2>\n<ul>\n<li>Eteindre la cam\u00e9ra et le microphone.  <\/li>\n<li>D\u00e9brancher tous les c\u00e2bles.  <\/li>\n<li>Enlever la cam\u00e9ra du tr\u00e9pied et enlever la plaque sous la cam\u00e9ra.  <\/li>\n<li>Remettre la plaque sur le tr\u00e9pied.  <\/li>\n<li>Enlever les batteries de la cam\u00e9ra et du microphone.  <\/li>\n<li>Nettoyer avec des lingettes tout le mat\u00e9riel.  <\/li>\n<li>Ranger les diff\u00e9rents instruments et c\u00e2bles dans leur rangements respectifs.  <\/li>\n<\/ul>\n","protected":false},"excerpt":{"rendered":"<p>Se nettoyer les mains avec du gel hydro alcoolique Installation du mat\u00e9riel Le tr\u00e9pied D\u00e9plier le tr\u00e9pied \u00e0 une hauteur convenable. Penser \u00e0 faire le niveau gr\u00e2ce au niveau \u00e0 bulle. La cam\u00e9ra Fixer la plaque du tr\u00e9pied sous la cam\u00e9ra. Placer la cam\u00e9ra sur le tr\u00e9pied en faisant glisser la plaque dans la t\u00eate [&hellip;]<\/p>\n","protected":false},"author":2,"featured_media":0,"parent":206,"menu_order":0,"comment_status":"closed","ping_status":"closed","template":"","meta":{"footnotes":""},"class_list":["post-377","page","type-page","status-publish","czr-hentry"],"_links":{"self":[{"href":"https:\/\/courscaneri.ovh\/index.php?rest_route=\/wp\/v2\/pages\/377","targetHints":{"allow":["GET"]}}],"collection":[{"href":"https:\/\/courscaneri.ovh\/index.php?rest_route=\/wp\/v2\/pages"}],"about":[{"href":"https:\/\/courscaneri.ovh\/index.php?rest_route=\/wp\/v2\/types\/page"}],"author":[{"embeddable":true,"href":"https:\/\/courscaneri.ovh\/index.php?rest_route=\/wp\/v2\/users\/2"}],"replies":[{"embeddable":true,"href":"https:\/\/courscaneri.ovh\/index.php?rest_route=%2Fwp%2Fv2%2Fcomments&post=377"}],"version-history":[{"count":0,"href":"https:\/\/courscaneri.ovh\/index.php?rest_route=\/wp\/v2\/pages\/377\/revisions"}],"up":[{"embeddable":true,"href":"https:\/\/courscaneri.ovh\/index.php?rest_route=\/wp\/v2\/pages\/206"}],"wp:attachment":[{"href":"https:\/\/courscaneri.ovh\/index.php?rest_route=%2Fwp%2Fv2%2Fmedia&parent=377"}],"curies":[{"name":"wp","href":"https:\/\/api.w.org\/{rel}","templated":true}]}}