{"id":43,"date":"2019-06-26T00:48:15","date_gmt":"2019-06-25T22:48:15","guid":{"rendered":"http:\/\/caneri.gmollet.free.fr\/?page_id=43"},"modified":"2024-03-18T21:08:16","modified_gmt":"2024-03-18T20:08:16","slug":"specialite-mathematiques","status":"publish","type":"page","link":"https:\/\/courscaneri.ovh\/?page_id=43","title":{"rendered":"Sp\u00e9cialit\u00e9 math\u00e9matiques"},"content":{"rendered":"<h4>Premi\u00e8re g\u00e9n\u00e9rale<\/h4>\n<hr \/>\n<p><a href=\"https:\/\/courscaneri.ovh\/?page_id=2719\">Ce qu&#8217;il faut savoir en fin de seconde<\/a><\/p>\n<h5>Progression<\/h5>\n<table>\n<thead>\n<tr>\n<th style=\"text-align: center;\">chapitre n\u00b0<\/th>\n<th style=\"text-align: center;\">Cours<\/th>\n<\/tr>\n<\/thead>\n<tbody>\n<tr>\n<td style=\"text-align: center;\">I<\/td>\n<td style=\"text-align: center;\"><a href=\"https:\/\/courscaneri.ovh\/?page_id=112\">Second degr\u00e9<\/a><\/td>\n<\/tr>\n<tr>\n<td style=\"text-align: center;\">II<\/td>\n<td style=\"text-align: center;\"><a href=\"https:\/\/courscaneri.ovh\/?page_id=232\">trigonom\u00e9trie<\/a><\/td>\n<\/tr>\n<tr>\n<td style=\"text-align: center;\">III<\/td>\n<td style=\"text-align: center;\"><a href=\"https:\/\/courscaneri.ovh\/?page_id=235\">D\u00e9rivation et applications aux fonctions polyn\u00f4mes<\/a><\/td>\n<\/tr>\n<tr>\n<td style=\"text-align: center;\">IV<\/td>\n<td style=\"text-align: center;\"><a href=\"https:\/\/courscaneri.ovh\/?page_id=276\">Suites<\/a><\/td>\n<\/tr>\n<tr>\n<td style=\"text-align: center;\">V<\/td>\n<td style=\"text-align: center;\"><a href=\"https:\/\/courscaneri.ovh\/?page_id=282\">Probabilit\u00e9s conditionnelles<\/a><\/td>\n<\/tr>\n<tr>\n<td style=\"text-align: center;\">VI<\/td>\n<td style=\"text-align: center;\"><a href=\"https:\/\/courscaneri.ovh\/?page_id=761\">D\u00e9rivation applications aux fonctions non polynomiales<\/a><\/td>\n<\/tr>\n<tr>\n<td style=\"text-align: center;\">VII<\/td>\n<td style=\"text-align: center;\"><a href=\"https:\/\/courscaneri.ovh\/?page_id=768\">Produit scalaire<\/a><\/td>\n<\/tr>\n<tr>\n<td style=\"text-align: center;\">VIII<\/td>\n<td style=\"text-align: center;\"><a href=\"https:\/\/courscaneri.ovh\/?page_id=287\">Variables al\u00e9atoires r\u00e9elles<\/a><\/td>\n<\/tr>\n<tr>\n<td style=\"text-align: center;\">IX<\/td>\n<td style=\"text-align: center;\"><a href=\"https:\/\/courscaneri.ovh\/?page_id=3416\">Comportement d&#8217;une suite<\/a><\/td>\n<\/tr>\n<tr>\n<td style=\"text-align: center;\">X<\/td>\n<td style=\"text-align: center;\"><a href=\"https:\/\/courscaneri.ovh\/?page_id=763\">Fonction exponentielle<\/a><\/td>\n<\/tr>\n<tr>\n<td style=\"text-align: center;\">XI<\/td>\n<td style=\"text-align: center;\"><a href=\"https:\/\/courscaneri.ovh\/?page_id=823\">Applications du produit scalaire<\/a><\/td>\n<\/tr>\n<\/tbody>\n<\/table>\n","protected":false},"excerpt":{"rendered":"<p>Premi\u00e8re g\u00e9n\u00e9rale Ce qu&#8217;il faut savoir en fin de seconde Progression chapitre n\u00b0 Cours I Second degr\u00e9 II trigonom\u00e9trie III D\u00e9rivation et applications aux fonctions polyn\u00f4mes IV Suites V Probabilit\u00e9s conditionnelles VI D\u00e9rivation applications aux fonctions non polynomiales VII Produit scalaire VIII Variables al\u00e9atoires r\u00e9elles IX Comportement d&#8217;une suite X Fonction exponentielle XI Applications du [&hellip;]<\/p>\n","protected":false},"author":2,"featured_media":0,"parent":2322,"menu_order":0,"comment_status":"closed","ping_status":"closed","template":"","meta":{"footnotes":""},"class_list":["post-43","page","type-page","status-publish","czr-hentry"],"_links":{"self":[{"href":"https:\/\/courscaneri.ovh\/index.php?rest_route=\/wp\/v2\/pages\/43","targetHints":{"allow":["GET"]}}],"collection":[{"href":"https:\/\/courscaneri.ovh\/index.php?rest_route=\/wp\/v2\/pages"}],"about":[{"href":"https:\/\/courscaneri.ovh\/index.php?rest_route=\/wp\/v2\/types\/page"}],"author":[{"embeddable":true,"href":"https:\/\/courscaneri.ovh\/index.php?rest_route=\/wp\/v2\/users\/2"}],"replies":[{"embeddable":true,"href":"https:\/\/courscaneri.ovh\/index.php?rest_route=%2Fwp%2Fv2%2Fcomments&post=43"}],"version-history":[{"count":2,"href":"https:\/\/courscaneri.ovh\/index.php?rest_route=\/wp\/v2\/pages\/43\/revisions"}],"predecessor-version":[{"id":4043,"href":"https:\/\/courscaneri.ovh\/index.php?rest_route=\/wp\/v2\/pages\/43\/revisions\/4043"}],"up":[{"embeddable":true,"href":"https:\/\/courscaneri.ovh\/index.php?rest_route=\/wp\/v2\/pages\/2322"}],"wp:attachment":[{"href":"https:\/\/courscaneri.ovh\/index.php?rest_route=%2Fwp%2Fv2%2Fmedia&parent=43"}],"curies":[{"name":"wp","href":"https:\/\/api.w.org\/{rel}","templated":true}]}}