{"id":695,"date":"2019-10-14T21:17:22","date_gmt":"2019-10-14T19:17:22","guid":{"rendered":"http:\/\/caneri.gmollet.free.fr\/?page_id=695"},"modified":"2019-10-14T21:17:22","modified_gmt":"2019-10-14T19:17:22","slug":"les-fonctions","status":"publish","type":"page","link":"https:\/\/courscaneri.ovh\/?page_id=695","title":{"rendered":"Les fonctions"},"content":{"rendered":"<h2>Les intervalles<\/h2>\n<hr \/>\n<p>Soient <code class=\"katex-inline\">a<\/code> et <code class=\"katex-inline\">b<\/code> deux nombres r\u00e9els. <\/p>\n<ul>\n<li>L\u2019intervalle <code class=\"katex-inline\">[a ;b]<\/code> est l\u2019ensemble des nombres r\u00e9els <code class=\"katex-inline\">x<\/code> tels que <code class=\"katex-inline\">a\\le x\\le b<\/code>.<\/li>\n<li>L\u2019intervalle <code class=\"katex-inline\">[a ;b[<\/code> est l\u2019ensemble des nombres r\u00e9els <code class=\"katex-inline\">x<\/code> tels que <code class=\"katex-inline\">a\\le x < b<\/code>.<\/li>\n<li>L\u2019intervalle <code class=\"katex-inline\">]a ;b]<\/code> est l\u2019ensemble des nombres r\u00e9els <code class=\"katex-inline\">x<\/code> tels que <code class=\"katex-inline\">a < x\\le b<\/code>.<\/li>\n<li>L\u2019intervalle <code class=\"katex-inline\">]a ;b[<\/code> est l\u2019ensemble des nombres r\u00e9els <code class=\"katex-inline\">x<\/code> tels que <code class=\"katex-inline\">a < x < b<\/code>.<\/li>\n<li>L\u2019intervalle <code class=\"katex-inline\">[a ;+\\infty[<\/code> est l\u2019ensemble des nombres r\u00e9els <code class=\"katex-inline\">x<\/code> tels que <code class=\"katex-inline\">x\\ge a<\/code>.<\/li>\n<li>L\u2019intervalle <code class=\"katex-inline\">]a ;+\\infty[<\/code> est l\u2019ensemble des nombres r\u00e9els <code class=\"katex-inline\">x<\/code> tels que <code class=\"katex-inline\">x > a<\/code>.<\/li>\n<li>L\u2019intervalle <code class=\"katex-inline\">]-\\infty ; b]<\/code> est l\u2019ensemble des nombres r\u00e9els <code class=\"katex-inline\">x<\/code> tels que <code class=\"katex-inline\">x\\le b<\/code>.<\/li>\n<li>L\u2019intervalle <code class=\"katex-inline\">]-\\infty ; b[<\/code> est l\u2019ensemble des nombres r\u00e9els <code class=\"katex-inline\">x<\/code> tels que <code class=\"katex-inline\">x < b<\/code>.<\/li>\n<\/ul>\n<p><strong><em>Propri\u00e9t\u00e9<\/em><\/strong><\/p>\n<blockquote>\n<p>Soit <code class=\"katex-inline\">a\\in\\mathbb{R}<\/code> et <code class=\"katex-inline\">b\\in\\mathbb{R}_+<\/code>.<br \/>\n<code class=\"katex-inline\">x \\in [a-r, a+r] \\Leftrightarrow |x-a|\\le r<\/code><\/p>\n<\/blockquote>\n<h2>G\u00e9n\u00e9ralit\u00e9s sur les fonctions<\/h2>\n<hr \/>\n<p>Soit une fonction <code class=\"katex-inline\">f: x\\mapsto f(x)<\/code> d\u00e9finie sur un intervalle <code class=\"katex-inline\">I<\/code>.<br \/>\nSoient <code class=\"katex-inline\">a<\/code> et <code class=\"katex-inline\">b<\/code> deux nombres r\u00e9els tels que <code class=\"katex-inline\">f(a)=b<\/code>.<br \/>\nOn dit que :<\/p>\n<ul>\n<li><code class=\"katex-inline\">b<\/code> est l'image de <code class=\"katex-inline\">a<\/code> par la fonction <code class=\"katex-inline\">f<\/code>.<\/li>\n<li><code class=\"katex-inline\">a<\/code> est un ant\u00e9c\u00e9dent de <code class=\"katex-inline\">b<\/code> par la fonction <code class=\"katex-inline\">f<\/code>.<\/li>\n<\/ul>\n<p>Dans un rep\u00e8re, l'ensemble des points de coordonn\u00e9es <code class=\"katex-inline\">(x ; f(x))<\/code> constituent la repr\u00e9sentation graphique de la fonction.<\/p>\n<h3>Variations d'une fonction<\/h3>\n<hr \/>\n<ul>\n<li>Une fonction <code class=\"katex-inline\">f<\/code> est dite croissante sur l\u2019intervalle <code class=\"katex-inline\">I<\/code> si et seulement si pour tous les nombres r\u00e9els <code class=\"katex-inline\">a<\/code> et <code class=\"katex-inline\">b<\/code> de l\u2019intervalle <code class=\"katex-inline\">I<\/code> tels que <code class=\"katex-inline\">a < b<\/code>, on a <code class=\"katex-inline\">f(a) < f(b)<\/code>.<\/li>\n<li>Une fonction <code class=\"katex-inline\">f<\/code> est dite croissante sur l\u2019intervalle <code class=\"katex-inline\">I<\/code> si et seulement si pour tous les nombres r\u00e9els <code class=\"katex-inline\">a<\/code> et <code class=\"katex-inline\">b<\/code> de l\u2019intervalle <code class=\"katex-inline\">I<\/code> tels que <code class=\"katex-inline\">a < b<\/code>, on a <code class=\"katex-inline\">f(a) > f(b)<\/code>.<\/li>\n<li>Une fonction <code class=\"katex-inline\">f<\/code> est dite croissante sur l\u2019intervalle <code class=\"katex-inline\">I<\/code> si et seulement si pour tous les nombres r\u00e9els <code class=\"katex-inline\">a<\/code> et <code class=\"katex-inline\">b<\/code> de l\u2019intervalle <code class=\"katex-inline\">I<\/code> tels que <code class=\"katex-inline\">a < b<\/code>, on a <code class=\"katex-inline\">f(a)=f(b)<\/code>.<\/li>\n<\/ul>\n<h3>Extrema locaux d'une fonction<\/h3>\n<hr \/>\n<p>Soit <code class=\"katex-inline\">f<\/code> une fonction d\u00e9finie sur un intervalle <code class=\"katex-inline\">I<\/code>. Soit <code class=\"katex-inline\">a<\/code> un nombre r\u00e9el de l\u2019intervalle <code class=\"katex-inline\">I<\/code>. <\/p>\n<ul>\n<li>Dire que le nombre <code class=\"katex-inline\">f(a)<\/code> est un maximum de <code class=\"katex-inline\">f<\/code> sur l\u2019intetrvalle <code class=\"katex-inline\">I<\/code> signifie que pour tout r\u00e9el <code class=\"katex-inline\">x<\/code> de l\u2019intervalle <code class=\"katex-inline\">I<\/code>, <code class=\"katex-inline\">f(x)\\le f(a)<\/code>.<\/li>\n<li>Dire que le nombre <code class=\"katex-inline\">f(a)<\/code> est un minimum de <code class=\"katex-inline\">f<\/code> sur l\u2019intetrvalle <code class=\"katex-inline\">I<\/code> signifie que pour tout r\u00e9el <code class=\"katex-inline\">x<\/code> de l\u2019intervalle <code class=\"katex-inline\">I<\/code>, <code class=\"katex-inline\">f(x)\\ge f(a)<\/code>.<\/li>\n<\/ul>\n<h2>Fonction affine<\/h2>\n<hr \/>\n<p>Une fonction affine <code class=\"katex-inline\">f<\/code> est le processus qui, \u00e0 tout nombre <code class=\"katex-inline\">x<\/code>, fait correspondre le nombre <code class=\"katex-inline\">m\\times x+p<\/code> o\u00f9 <code class=\"katex-inline\">m<\/code> et <code class=\"katex-inline\">p<\/code> sont fix\u00e9s. On la note <code class=\"katex-inline\">f: x\\mapsto mx+p<\/code>.<br \/>\nOn \u00e9crit aussi <code class=\"katex-inline\">f(x)=mx+p<\/code>.  <\/p>\n<p>La repr\u00e9sentation graphique de la fonction affine est une droite.<br \/>\nLe nombre <code class=\"katex-inline\">m<\/code> est appel\u00e9 coefficient directeur de la droite.<br \/>\nLe nombre <code class=\"katex-inline\">p<\/code> est appel\u00e9 ordonn\u00e9e \u00e0 l'origine de la droite.<\/p>\n<p>Si <code class=\"katex-inline\">m > 0<\/code> alors <code class=\"katex-inline\">f<\/code> est croissante.<br \/>\nSi <code class=\"katex-inline\">m < 0<\/code> alors <code class=\"katex-inline\">f<\/code> est d\u00e9croissante.<\/p>\n<h3>signe de <code class=\"katex-inline\">mx+p<\/code><\/h3>\n<hr \/>\n<p>Si <code class=\"katex-inline\">m > 0<\/code> alors:<\/p>\n<ul>\n<li><code class=\"katex-inline\">\\forall x \\in \\left]-\\infty; -\\frac{p}{m}\\right[, mx+p<0<\/code><\/li>\n<li><code class=\"katex-inline\">\\forall x \\in \\left]-\\frac{p}{m}; +\\infty\\right[, mx+p>0<\/code><\/li>\n<\/ul>\n<p>Si <code class=\"katex-inline\">m < 0<\/code> alors:<\/p>\n<ul>\n<li><code class=\"katex-inline\">\\forall x \\in \\left]-\\infty; -\\frac{p}{m}\\right[, mx+p > 0<\/code><\/li>\n<li><code class=\"katex-inline\">\\forall x \\in \\left]-\\frac{p}{m}; +\\infty\\right[, mx+p < 0<\/code><\/li>\n<\/ul>\n<h2>Fonction lin\u00e9aire<\/h2>\n<hr \/>\n<p>Une fonction affine <code class=\"katex-inline\">f<\/code> est le processus qui, \u00e0 tout nombre <code class=\"katex-inline\">x<\/code>, fait correspondre le nombre <code class=\"katex-inline\">m\\times x<\/code> o\u00f9 <code class=\"katex-inline\">m<\/code> est fix\u00e9. On la note <code class=\"katex-inline\">f: x\\mapsto mx<\/code>.<br \/>\nOn \u00e9crit aussi <code class=\"katex-inline\">f(x)=mx<\/code>.<\/p>\n<p>Remarque: La fonction lin\u00e9aire est un cas particulier de fonction affine: c'est le cas o\u00f9 <code class=\"katex-inline\">p=0<\/code>.<\/p>\n<p>La repr\u00e9sentation graphique de la fonction lin\u00e9aire est donc une droite qui passe par l'origine du rep\u00e8re.<\/p>\n<h2>Fonction valeur absolue<\/h2>\n<hr \/>\n<p>La valeur absolue d'un nombre r\u00e9el <code class=\"katex-inline\">x<\/code> est le nombre not\u00e9 <code><\/p>\n<p class=\"ql-center-displayed-equation\" style=\"line-height: 8px;\"><span class=\"ql-right-eqno\"> &nbsp; <\/span><span class=\"ql-left-eqno\"> &nbsp; <\/span><img loading=\"lazy\" decoding=\"async\" src=\"https:\/\/courscaneri.ovh\/wp-content\/ql-cache\/quicklatex.com-34a73acda83fa3e2088cb18e70670321_l3.png\" height=\"8\" width=\"45\" class=\"ql-img-displayed-equation quicklatex-auto-format\" alt=\"&#92;&#91;&#36;&#124;&#120;&#124;&#92;&#93;\" title=\"Rendered by QuickLaTeX.com\"\/><\/p>\n<p>$<\/code> d\u00e9fini par:<\/p>\n<ul>\n<li><code class=\"katex-inline\">|x|=x<\/code> si <code class=\"katex-inline\">x\\ge 0<\/code><\/li>\n<li><code class=\"katex-inline\">|x|=-x<\/code> si <code class=\"katex-inline\">x < 0<\/code><\/li>\n<\/ul>\n<p>Ainsi <code class=\"katex-inline\">\\forall x \\in \\mathbb{R}, |x|\u22650<\/code>.<\/p>\n<p>La distance de deux nombres r\u00e9els <code class=\"katex-inline\">a<\/code> et <code class=\"katex-inline\">b<\/code> sur une droite gradu\u00e9e est \u00e9gale \u00e0 <code class=\"katex-inline\">|a-b|<\/code>.<\/p>\n<p>La fonction d\u00e9finie sur <code class=\"katex-inline\">\\mathbb{R}<\/code> par <code class=\"katex-inline\">f(x) = |x|<\/code> est appel\u00e9e fonction valeur absolue.<\/p>\n<p>Sa repr\u00e9sentation graphique est compos\u00e9e de 2 demi-droite d'origine l'origine du rep\u00e8re.<br \/>\n<img decoding=\"async\" src=\"http:\/\/courscaneri.ovh\/wp-content\/uploads\/2020\/11\/valeur_absolue-3.png\" alt=\"\" \/><\/p>\n<p>La fonction valeur absolue est d\u00e9croissante sur <code class=\"katex-inline\">]-\\infty;0]<\/code> et croissante sur <code class=\"katex-inline\">[0;+\\infty[<\/code>.<\/p>\n<p><strong><em>Propri\u00e9t\u00e9 (variations)<\/em><\/strong><\/p>\n<blockquote>\n<p><code class=\"katex-inline\">\\forall a \\in \\mathbb{R}_-, \\forall b \\in \\mathbb{R}_-, a < b \\Leftrightarrow |a| > |b|<\/code>.<br \/>\n<code class=\"katex-inline\">\\forall a \\in \\mathbb{R}_+, \\forall b \\in \\mathbb{R}_+, a < b \\Leftrightarrow |a| < |b|<\/code>.  <\/p>\n<\/blockquote>\n<h2>Fonction racine carr\u00e9e<\/h2>\n<hr \/>\n<p>La racine carr\u00e9e d\u2019un nombre positif <code class=\"katex-inline\">a<\/code> est le nombre positif not\u00e9 <code class=\"katex-inline\">\\sqrt{a}<\/code>  dont le carr\u00e9 est \u00e9gal au nombre <code class=\"katex-inline\">a<\/code>.<br \/>\nLe symbole <code class=\"katex-inline\">\\sqrt{ ~~ }<\/code> s'appelle le radical.<br \/>\nOn a donc <code class=\"katex-inline\">\\forall x \\in \\mathbb{R}_+, \\sqrt{x}\\ge 0<\/code>.<\/p>\n<p><strong><em>Propi\u00e9t\u00e9s<\/em><\/strong><\/p>\n<blockquote>\n<p>Soient <code class=\"katex-inline\">a \\in \\mathbb{R}_+<\/code> et <code class=\"katex-inline\">b \\in \\mathbb{R}<\/code>.<\/p>\n<ul>\n<li><code class=\"katex-inline\">\\sqrt{a}^2=a<\/code><\/li>\n<li><code class=\"katex-inline\">\\sqrt{a^2}=a<\/code><\/li>\n<li><code class=\"katex-inline\">\\sqrt{b^2}=|b|<\/code><\/li>\n<\/ul>\n<\/blockquote>\n<p>Un nombre entier positif dont la racine carr\u00e9e est un nombre entier est appel\u00e9 un carr\u00e9 parfait.<\/p>\n<p><strong><em>Propi\u00e9t\u00e9s<\/em><\/strong><\/p>\n<blockquote>\n<p>Soient <code class=\"katex-inline\">a \\in \\mathbb{R}_+<\/code>, <code class=\"katex-inline\">b \\in \\mathbb{R}_+<\/code> et <code class=\"katex-inline\">c \\in \\mathbb{R}^*_+<\/code>.<\/p>\n<ul>\n<li><code class=\"katex-inline\">\\sqrt{a} \\times \\sqrt{b}=\\sqrt{ab}<\/code><\/li>\n<li><code class=\"katex-inline\">\\sqrt{\\frac{a}{c}}=\\frac{\\sqrt{a}}{\\sqrt{c}}<\/code><\/li>\n<\/ul>\n<\/blockquote>\n<p>Simplifier une racine carr\u00e9e, c'est l'\u00e9crire sous la forme <code class=\"katex-inline\">a\\sqrt{b}<\/code> avec <code class=\"katex-inline\">b<\/code> un nombre le plus petit entier possible. <\/p>\n<p>La fonction d\u00e9finie sur <code class=\"katex-inline\">\\mathbb{R}_+<\/code> par <code class=\"katex-inline\">f(x)=\\sqrt{x}<\/code> est appel\u00e9e fonction racine carr\u00e9e.<br \/>\nSa repr\u00e9sentation graphique dans un rep\u00e8re orthonorm\u00e9  est une demi-parabole.<br \/>\n<img decoding=\"async\" src=\"http:\/\/courscaneri.ovh\/wp-content\/uploads\/2020\/11\/racine_carree-2.png\" alt=\"\" \/><\/p>\n<p>La fonction racine carr\u00e9e est croissante sur <code class=\"katex-inline\">[0;+\\infty[<\/code>.<\/p>\n<p><strong><em>Propri\u00e9t\u00e9 (variations)<\/em><\/strong><\/p>\n<blockquote>\n<p><code class=\"katex-inline\">\\forall a \\in \\mathbb{R}_+, \\forall b \\in \\mathbb{R}_+, a < b \\Leftrightarrow \\sqrt{a} < \\sqrt{b}<\/code>.  <\/p>\n<\/blockquote>\n<h2>Fonction carr\u00e9e<\/h2>\n<hr \/>\n<p>La fonction d\u00e9finie sur <code class=\"katex-inline\">\\mathbb{R}<\/code> par <code class=\"katex-inline\">f(x)=x^2<\/code> est appel\u00e9e fonction carr\u00e9e.<br \/>\nSa repr\u00e9sentation graphique dans un rep\u00e8re orthonorm\u00e9 est une parabole de sommet l'origine du rep\u00e8re.<br \/>\n<img decoding=\"async\" src=\"http:\/\/courscaneri.ovh\/wp-content\/uploads\/2020\/11\/carre-1.png\" alt=\"\" \/><\/p>\n<p>La fonction carr\u00e9e est d\u00e9croissante sur <code class=\"katex-inline\">]-\\infty;0]<\/code> et croissante sur <code class=\"katex-inline\">[0;+\\infty[<\/code>.<\/p>\n<p><strong><em>Propri\u00e9t\u00e9 (variations)<\/em><\/strong><\/p>\n<blockquote>\n<p><code class=\"katex-inline\">\\forall a \\in \\mathbb{R}_-, \\forall b \\in \\mathbb{R}_-, a < b \\Leftrightarrow a^2 > b^2<\/code>.<br \/>\n<code class=\"katex-inline\">\\forall a \\in \\mathbb{R}_+, \\forall b \\in \\mathbb{R}_+, a < b \\Leftrightarrow a^2 < b^2<\/code>.  <\/p>\n<\/blockquote>\n<h2>Fonction cube<\/h2>\n<hr \/>\n<p>La fonction d\u00e9finie sur <code class=\"katex-inline\">\\mathbb{R}<\/code> par <code class=\"katex-inline\">f(x)=x^3<\/code> est appel\u00e9e fonction cube.<\/p>\n<p><img decoding=\"async\" src=\"http:\/\/courscaneri.ovh\/wp-content\/uploads\/2020\/11\/cube-1.png\" alt=\"\" \/><\/p>\n<p>La fonction carr\u00e9e est croissante sur <code class=\"katex-inline\">[-\\infty;+\\infty[<\/code>.<\/p>\n<p><strong><em>Propri\u00e9t\u00e9 (variations)<\/em><\/strong><\/p>\n<p><code class=\"katex-inline\">\\forall a \\in \\mathbb{R}, \\forall b \\in \\mathbb{R}, a < b \\Leftrightarrow a^3 > b^3<\/code>.  <\/p>\n<h2>Fonction inverse<\/h2>\n<hr \/>\n<p>La fonction d\u00e9finie sur <code class=\"katex-inline\">\\mathbb{R}^*<\/code> par <code class=\"katex-inline\">f(x)=\\frac{1}{x}<\/code> est appel\u00e9e fonction inverse.<br \/>\nSa repr\u00e9sentation graphique dans un rep\u00e8re orthonorm\u00e9 est une hyperbole.<br \/>\n<img decoding=\"async\" src=\"http:\/\/courscaneri.ovh\/wp-content\/uploads\/2020\/11\/inverse-2.png\" alt=\"\" \/><\/p>\n<p>La fonction inverse est d\u00e9croissante sur <code class=\"katex-inline\">]-\\infty;0[<\/code> et d\u00e9croissante sur <code class=\"katex-inline\">]0;+\\infty[<\/code>.<\/p>\n<p><strong><em>Propri\u00e9t\u00e9 (variations)<\/em><\/strong><\/p>\n<blockquote>\n<p><code class=\"katex-inline\">\\forall a \\in \\mathbb{R}_-, \\forall b \\in \\mathbb{R}_-, a < b \\Leftrightarrow \\frac{1}{a} > \\frac{1}{b}<\/code>.<br \/>\n<code class=\"katex-inline\">\\forall a \\in \\mathbb{R}_+, \\forall b \\in \\mathbb{R}_+, a < b \\Leftrightarrow \\frac{1}{a} > \\frac{1}{b}<\/code>.  <\/p>\n<\/blockquote>\n","protected":false},"excerpt":{"rendered":"<p>Les intervalles Soient a et b deux nombres r\u00e9els. L\u2019intervalle [a ;b] est l\u2019ensemble des nombres r\u00e9els x tels que a\\le x\\le b. L\u2019intervalle [a ;b[ est l\u2019ensemble des nombres r\u00e9els x tels que a\\le x < b. L\u2019intervalle ]a ;b] est l\u2019ensemble des nombres r\u00e9els x tels que a < x\\le b. L\u2019intervalle ]a [&hellip;]\n<\/p>\n","protected":false},"author":1,"featured_media":0,"parent":3409,"menu_order":3,"comment_status":"closed","ping_status":"closed","template":"","meta":{"footnotes":""},"class_list":["post-695","page","type-page","status-publish","czr-hentry"],"_links":{"self":[{"href":"https:\/\/courscaneri.ovh\/index.php?rest_route=\/wp\/v2\/pages\/695","targetHints":{"allow":["GET"]}}],"collection":[{"href":"https:\/\/courscaneri.ovh\/index.php?rest_route=\/wp\/v2\/pages"}],"about":[{"href":"https:\/\/courscaneri.ovh\/index.php?rest_route=\/wp\/v2\/types\/page"}],"author":[{"embeddable":true,"href":"https:\/\/courscaneri.ovh\/index.php?rest_route=\/wp\/v2\/users\/1"}],"replies":[{"embeddable":true,"href":"https:\/\/courscaneri.ovh\/index.php?rest_route=%2Fwp%2Fv2%2Fcomments&post=695"}],"version-history":[{"count":0,"href":"https:\/\/courscaneri.ovh\/index.php?rest_route=\/wp\/v2\/pages\/695\/revisions"}],"up":[{"embeddable":true,"href":"https:\/\/courscaneri.ovh\/index.php?rest_route=\/wp\/v2\/pages\/3409"}],"wp:attachment":[{"href":"https:\/\/courscaneri.ovh\/index.php?rest_route=%2Fwp%2Fv2%2Fmedia&parent=695"}],"curies":[{"name":"wp","href":"https:\/\/api.w.org\/{rel}","templated":true}]}}