{"id":697,"date":"2019-10-14T21:18:08","date_gmt":"2019-10-14T19:18:08","guid":{"rendered":"http:\/\/caneri.gmollet.free.fr\/?page_id=697"},"modified":"2024-03-18T21:19:47","modified_gmt":"2024-03-18T20:19:47","slug":"697-2","status":"publish","type":"page","link":"https:\/\/courscaneri.ovh\/?page_id=697","title":{"rendered":"Equations et in\u00e9quations"},"content":{"rendered":"<h2>Equation de droite<\/h2>\n<hr \/>\n<p>Dans un rep\u00e8re, l\u2019ensemble des points <code class=\"katex-inline\">M(x ;y)<\/code> tels que <code class=\"katex-inline\">ax+by+c=0<\/code> avec <code class=\"katex-inline\">a<\/code>, <code class=\"katex-inline\">b<\/code> et <code class=\"katex-inline\">c<\/code> trois nombres r\u00e9els tels que <code class=\"katex-inline\">a<\/code> et <code class=\"katex-inline\">b<\/code> ne soient pas nuls en m\u00eame temps est une droite.<\/p>\n<p>Dans un rep\u00e8re, toute droite a une \u00e9quation de la forme <code class=\"katex-inline\">ax+by+c=0<\/code> avec <code class=\"katex-inline\">a<\/code>, <code class=\"katex-inline\">b<\/code> et <code class=\"katex-inline\">c<\/code> trois nombres r\u00e9els tels que <code class=\"katex-inline\">a<\/code> et <code class=\"katex-inline\">b<\/code> ne soient pas nuls en m\u00eame temps.<\/p>\n<p>Une \u00e9quation r\u00e9duite de droite est de la forme:<\/p>\n<ul>\n<li><code class=\"katex-inline\">y=mx+p<\/code> avec <code class=\"katex-inline\">m \\in \\mathbb{R}<\/code> et <code class=\"katex-inline\">p \\in \\mathbb{R}<\/code>.<\/li>\n<li><code class=\"katex-inline\">x=k<\/code> avec <code class=\"katex-inline\">k \\in \\mathbb{R}<\/code><\/li>\n<\/ul>\n<p><strong><em>Propri\u00e9t\u00e9<\/em><\/strong><\/p>\n<blockquote>\n<p>Dans un rep\u00e8re, on consid\u00e8re <code class=\"katex-inline\">A(x_A;y_A)<\/code> et <code class=\"katex-inline\">B(x_B;y_B)<\/code> deux points. Le coeeficient directeur de la droite <code class=\"katex-inline\">(AB)<\/code> est le nombre <code class=\"katex-inline\">\\frac{y_B-y_A}{x_B-x_A}<\/code>. Son ordonn\u00e9e \u00e0 l&#8217;origine est le nombre <code class=\"katex-inline\">y_B-\\frac{y_B-y_A}{x_B-x_A} \\times x_B<\/code>.<\/p>\n<\/blockquote>\n<h3>graphiquement<\/h3>\n<hr \/>\n<p>L&#8217;ordonn\u00e9e \u00e0 l&#8217;origine d&#8217;une droite est l&#8217;ordonn\u00e9e de son point d&#8217;intersection avec l&#8217;axe des ordonn\u00e9es.<br \/>\nPour trouver le coefficient directeur d&#8217;une droite, on choisit un point sur la droite, on se d\u00e9cale horizontalement puis verticalement pour revenir sur la droite. Le coefficient directeur, est le rapport du d\u00e9calage vertical par le d\u00e9calage horizontal.<br \/>\n<strong><em>Cas particulier:<\/em><\/strong> si je me d\u00e9cale d&#8217;une unit\u00e9 vers la droite horizontalement, le coefficient directeur est \u00e9gal au d\u00e9calage vertical.<\/p>\n<h3>droites parall\u00e8les et droites s\u00e9cantes<\/h3>\n<hr \/>\n<p>Dans un rep\u00e8re du plan, deux droites d\u2019\u00e9quations respectives <code class=\"katex-inline\">x=c<\/code> et <code class=\"katex-inline\">x=c\u2019<\/code> sont parall\u00e8les.<br \/>\nDans un rep\u00e8re du plan, deux droites d\u2019\u00e9quations respectives <code class=\"katex-inline\">y=mx+p<\/code> et <code class=\"katex-inline\">y=m\u2019x+p\u2019<\/code> sont parall\u00e8les si et seulement si elles ont le m\u00eame coefficient directeur. C\u2019est-\u00e0-dire si et seulement si <code class=\"katex-inline\">m=m\u2019<\/code>.<\/p>\n<p>Dans un rep\u00e8re, trois points <code class=\"katex-inline\">A<\/code>, <code class=\"katex-inline\">B<\/code> et <code class=\"katex-inline\">C<\/code> distincts sont align\u00e9s si et seulement si les droites <code class=\"katex-inline\">(AB)<\/code> et <code class=\"katex-inline\">(AC)<\/code> ont le m\u00eame coefficient directeur.<\/p>\n<p>Deux droites qui ne sont pas parall\u00e8les sont s\u00e9cantes.<\/p>\n<p>Dans un rep\u00e8re du plan, deux droites d\u2019\u00e9quations respectives <code class=\"katex-inline\">y=mx+p<\/code> et <code class=\"katex-inline\">y=m\u2019x+p\u2019<\/code> sont s\u00e9cantes si et seulement si elles n\u2019ont pas le m\u00eame coefficient directeur. C\u2019est-\u00e0-dire si et seulement si <code class=\"katex-inline\">m\\neq m\u2019<\/code>.<\/p>\n<h2>Equations du premier degr\u00e9 \u00e0 une inconnue<\/h2>\n<hr \/>\n<p>Une \u00e9quation du premier degr\u00e9 est une \u00e9galit\u00e9 dans laquelle il y a une inconnue. La puissance maximale de cette inconnue est 1.<br \/>\nR\u00e9soudre une \u00e9quation sur un intervalle <code class=\"katex-inline\">I<\/code>, c&#8217;est trouver l&#8217;ensemble des valeurs de l&#8217;intervalle <code class=\"katex-inline\">I<\/code> qui v\u00e9rifient l&#8217;\u00e9quation.<br \/>\nPour r\u00e9soudre une \u00e9quation du premier degr\u00e9, il faut isoler l&#8217;inconnue.<\/p>\n<h3>V\u00e9rfiier qu&#8217;un nombre est solution d&#8217;une \u00e9quation<\/h3>\n<hr \/>\n<p>Il faut remplacer l&#8217;inconnue dans le membre de gauche de l&#8217;\u00e9quation par une valeur et faire les calculs. On remplace ensuite l&#8217;inconnue dans le membre de droite de l&#8217;\u00e9quation par la m\u00eame valeur et on fait les calculs. Si les deux r\u00e9sultats sont \u00e9gaux alors la valeur utilis\u00e9e est solution de l&#8217;\u00e9quation.<\/p>\n<p><strong><em>Propri\u00e9t\u00e9s<\/em><\/strong><\/p>\n<blockquote>\n<ul>\n<li>Lorsqu\u2019on additionne ou soustrait un m\u00eame nombre relatif aux deux membres d\u2019une \u00e9galit\u00e9, on obtient une nouvelle \u00e9galit\u00e9 \u00e9quivalente \u00e0 la premi\u00e8re.<\/li>\n<li>Lorsqu\u2019on multiplie ou divise par un m\u00eame nombre relatif non nul les deux membres d\u2019une \u00e9galit\u00e9, on obtient une nouvelle \u00e9galit\u00e9 \u00e9quivalente \u00e0 la premi\u00e8re.<\/li>\n<li>Soient <code class=\"katex-inline\">a \\in \\mathbb{R}<\/code>, <code class=\"katex-inline\">b \\in \\mathbb{R}<\/code>, <code class=\"katex-inline\">c \\in \\mathbb{R}<\/code> et <code class=\"katex-inline\">d \\in \\mathbb{R}^*<\/code>\n<ul>\n<li><code class=\"katex-inline\">a=b \\Leftrightarrow a+c=b+c<\/code>  <\/li>\n<li><code class=\"katex-inline\">a=b \\Leftrightarrow a-c=b-c<\/code><\/li>\n<li><code class=\"katex-inline\">a=b \\Leftrightarrow a\\times d=b \\times d<\/code><\/li>\n<li><code class=\"katex-inline\">a=b \\Leftrightarrow \\frac{a}{d}=\\frac{b}{d}<\/code><\/li>\n<\/ul>\n<\/li>\n<\/ul>\n<\/blockquote>\n<h3>Equation produit nul<\/h3>\n<hr \/>\n<p>On appelle \u00e9quation produit nul une \u00e9quation de ce type <code class=\"katex-inline\">(ax+b)(cx+d)=0<\/code> o\u00f9 <code class=\"katex-inline\">x<\/code> est l&#8217;inconnue et <code class=\"katex-inline\">a<\/code>, <code class=\"katex-inline\">b<\/code>, <code class=\"katex-inline\">c<\/code> et <code class=\"katex-inline\">d<\/code> sont quatre nombres r\u00e9els.<\/p>\n<p>Si un produit de facteur est nul alors au moins un des facteurs est nul.<br \/>\nSi <code class=\"katex-inline\">A \\times B=0<\/code> alors <code class=\"katex-inline\">A=0<\/code> OU <code class=\"katex-inline\">B=0<\/code>.<\/p>\n<h2>Syst\u00e8me de deux \u00e9quations du premier degr\u00e9 \u00e0 deux inconnues<\/h2>\n<hr \/>\n<p>Un syst\u00e8me de deux \u00e9quations du premier degr\u00e9 \u00e0 deux inconnues est un ensemble de deux \u00e9quations du premier degr\u00e9 \u00e0 deux inconnues (en g\u00e9n\u00e9ral <code class=\"katex-inline\">x<\/code> et <code class=\"katex-inline\">y<\/code>).<br \/>\nR\u00e9soudre un syst\u00e8me, c\u2019est trouver tous les couples <code class=\"katex-inline\">(x;y)<\/code> qui sont solutions des deux \u00e9quations \u00e0 la fois.<br \/>\nOn dit que deux syst\u00e8mes sont \u00e9quivalents lorsqu\u2019ils ont les m\u00eames solutions.<\/p>\n<h3>R\u00e9solution par substitution<\/h3>\n<hr \/>\n<ul>\n<li>On choisit une des inconnues que l\u2019on exprime en fonction de l\u2019autre gr\u00e2ce \u00e0 l\u2019une des deux \u00e9quations.<\/li>\n<li>On la remplace par l\u2019expression trouv\u00e9e dans l\u2019autre \u00e9quation. <\/li>\n<li>Cette derni\u00e8re est donc maintenant une \u00e9quation \u00e0 une inconnue que l\u2019on peut r\u00e9soudre.<\/li>\n<li>Une fois l\u2019\u00e9quation r\u00e9solue, on remplace l\u2019inconnue par sa valeur dans la premi\u00e8re \u00e9quation. que l&#8217;on r\u00e9sout.<\/li>\n<\/ul>\n<h3>R\u00e9solution par combinaison<\/h3>\n<hr \/>\n<ul>\n<li>On multiplie les \u00e9quations par des nombres diff\u00e9rents afin d\u2019obtenir une inconnue avec le m\u00eame coefficient dans les deux \u00e9quations.<\/li>\n<li>On soustrait les deux \u00e9quations, tout en gardant une des deux \u00e9quations.<\/li>\n<li>On r\u00e9sout l\u2019\u00e9quation \u00e0 une inconnue obtenue.<\/li>\n<li>On remplace l\u2019inconnue trouv\u00e9e par sa valeur dans l\u2019\u00e9quation gard\u00e9e. Puis on r\u00e9sout cette derni\u00e8re.<\/li>\n<\/ul>\n<h3>Graphiquement<\/h3>\n<hr \/>\n<p>La solution d&#8217;un syst\u00e8me de deux \u00e9quations du premier degr\u00e9 \u00e0 deux inconnues est le couple form\u00e9 des coordonn\u00e9es du point d&#8217;intersection (s&#8217;il existe) des deux droites dont les \u00e9quations sont celles du syst\u00e8me.<\/p>\n<h2>In\u00e9quations du premier degr\u00e9 \u00e0 une inconnue<\/h2>\n<hr \/>\n<p>Une in\u00e9quation du premier degr\u00e9 est une in\u00e9galit\u00e9 dans laquelle il y a une inconnue. La puissance maximale de cette inconnue est 1.<br \/>\nR\u00e9soudre une in\u00e9quation sur un intervalle <code class=\"katex-inline\">I<\/code>, c&#8217;est trouver l&#8217;ensemble des valeurs de l&#8217;intervalle <code class=\"katex-inline\">I<\/code> qui v\u00e9rifient l&#8217;in\u00e9quation.<br \/>\nPour r\u00e9soudre une in\u00e9quation du premier degr\u00e9, il faut isoler l&#8217;inconnue.<\/p>\n<p><strong><em>Propri\u00e9t\u00e9s<\/em><\/strong><\/p>\n<blockquote>\n<p>Soient <code class=\"katex-inline\">a \\in \\mathbb{R}<\/code>, <code class=\"katex-inline\">b \\in \\mathbb{R}<\/code>, <code class=\"katex-inline\">c \\in \\mathbb{R}<\/code> et <code class=\"katex-inline\">d \\in \\mathbb{R}^*<\/code><\/p>\n<ul>\n<li><code class=\"katex-inline\">a < b \\Leftrightarrow a-b < 0<\/code>  <\/li>\n<li><code class=\"katex-inline\">a > b \\Leftrightarrow a-b > 0<\/code><\/li>\n<li><code class=\"katex-inline\">a < b \\Leftrightarrow a+c < b+c<\/code>  <\/li>\n<li><code class=\"katex-inline\">a < b \\Leftrightarrow a-c < b-c<\/code><\/li>\n<li>Si <code class=\"katex-inline\">d>0<\/code> alors:\n<ul>\n<li><code class=\"katex-inline\">a < b \\Leftrightarrow a\\times d < b \\times d<\/code><\/li>\n<li><code class=\"katex-inline\">a < b \\Leftrightarrow \\frac{a}{d}<\\frac{b}{d}<\/code><\/li>\n<\/ul>\n<\/li>\n<li>Si <code class=\"katex-inline\">d<0<\/code> alors:\n<ul>\n<li><code class=\"katex-inline\">a < b \\Leftrightarrow a\\times d > b \\times d<\/code><\/li>\n<li><code class=\"katex-inline\">a < b \\Leftrightarrow \\frac{a}{d} > \\frac{b}{d}<\/code><\/li>\n<\/ul>\n<\/li>\n<\/ul>\n<\/blockquote>\n<p>Cette propri\u00e9t\u00e9 est encore vraie avec des in\u00e9galit\u00e9s larges (<code class=\"katex-inline\">\\le<\/code> et <code class=\"katex-inline\">\\ge<\/code>).<\/p>\n<p><strong><em>Propri\u00e9t\u00e9<\/em><\/strong><\/p>\n<blockquote>\n<p>Encadrer un nombr r\u00e9el <code class=\"katex-inline\">N<\/code> \u00e0 <code class=\"katex-inline\">10^{-n}<\/code> pr\u00e8s, c'est trouver deux nombres <code class=\"katex-inline\">a<\/code> et <code class=\"katex-inline\">b<\/code> tels que:<\/p>\n<ul>\n<li><code class=\"katex-inline\">a\\le N\\le b<\/code><\/li>\n<li><code class=\"katex-inline\">b-a=10^{-n}<\/code><\/li>\n<\/ul>\n<\/blockquote>\n<p><strong><em> Propri\u00e9t\u00e9<\/em><\/strong><\/p>\n<blockquote>\n<p>Soient <code class=\"katex-inline\">a \\in \\mathbb{R}<\/code>, <code class=\"katex-inline\">b \\in \\mathbb{R}<\/code>,  <code class=\"katex-inline\">c \\in \\mathbb{R}<\/code> et  <code class=\"katex-inline\">d \\in \\mathbb{R}<\/code> tels que <code class=\"katex-inline\">a\u2264b<\/code> et <code class=\"katex-inline\">c\u2264d<\/code>.<br \/>\nOn a alors <code class=\"katex-inline\">a+c\u2264b+d<\/code><\/p>\n<\/blockquote>\n","protected":false},"excerpt":{"rendered":"<p>Equation de droite Dans un rep\u00e8re, l\u2019ensemble des points M(x ;y) tels que ax+by+c=0 avec a, b et c trois nombres r\u00e9els tels que a et b ne soient pas nuls en m\u00eame temps est une droite. Dans un rep\u00e8re, toute droite a une \u00e9quation de la forme ax+by+c=0 avec a, b et c trois [&hellip;]<\/p>\n","protected":false},"author":1,"featured_media":0,"parent":3409,"menu_order":4,"comment_status":"closed","ping_status":"closed","template":"","meta":{"footnotes":""},"class_list":["post-697","page","type-page","status-publish","czr-hentry"],"_links":{"self":[{"href":"https:\/\/courscaneri.ovh\/index.php?rest_route=\/wp\/v2\/pages\/697","targetHints":{"allow":["GET"]}}],"collection":[{"href":"https:\/\/courscaneri.ovh\/index.php?rest_route=\/wp\/v2\/pages"}],"about":[{"href":"https:\/\/courscaneri.ovh\/index.php?rest_route=\/wp\/v2\/types\/page"}],"author":[{"embeddable":true,"href":"https:\/\/courscaneri.ovh\/index.php?rest_route=\/wp\/v2\/users\/1"}],"replies":[{"embeddable":true,"href":"https:\/\/courscaneri.ovh\/index.php?rest_route=%2Fwp%2Fv2%2Fcomments&post=697"}],"version-history":[{"count":2,"href":"https:\/\/courscaneri.ovh\/index.php?rest_route=\/wp\/v2\/pages\/697\/revisions"}],"predecessor-version":[{"id":4048,"href":"https:\/\/courscaneri.ovh\/index.php?rest_route=\/wp\/v2\/pages\/697\/revisions\/4048"}],"up":[{"embeddable":true,"href":"https:\/\/courscaneri.ovh\/index.php?rest_route=\/wp\/v2\/pages\/3409"}],"wp:attachment":[{"href":"https:\/\/courscaneri.ovh\/index.php?rest_route=%2Fwp%2Fv2%2Fmedia&parent=697"}],"curies":[{"name":"wp","href":"https:\/\/api.w.org\/{rel}","templated":true}]}}