{"id":735,"date":"2019-10-28T01:35:42","date_gmt":"2019-10-28T00:35:42","guid":{"rendered":"http:\/\/caneri.gmollet.free.fr\/?page_id=735"},"modified":"2019-10-28T01:35:42","modified_gmt":"2019-10-28T00:35:42","slug":"geometrie-de-base","status":"publish","type":"page","link":"https:\/\/courscaneri.ovh\/?page_id=735","title":{"rendered":"G\u00e9om\u00e9trie de base"},"content":{"rendered":"<h2>Droites et segments<\/h2>\n<hr \/>\n<p>Par deux points distincts <code class=\"katex-inline\">A<\/code> et <code class=\"katex-inline\">B<\/code>, il passe une et une seule droite, nomm\u00e9e droite <code class=\"katex-inline\">(AB)<\/code>.<\/p>\n<p>Une demi-droite d\u2019origine <code class=\"katex-inline\">A<\/code> passant par <code class=\"katex-inline\">B<\/code> est not\u00e9e <code class=\"katex-inline\">[AB)<\/code>.<\/p>\n<p><img decoding=\"async\" src=\"http:\/\/courscaneri.ovh\/wp-content\/uploads\/2020\/11\/droite-1.jpg\" alt=\"\" \/><\/p>\n<p>Le point <code class=\"katex-inline\">C<\/code> appartient \u00e0 la droite <code class=\"katex-inline\">(AB)<\/code>. On note <code class=\"katex-inline\">C \\in (AB)<\/code>.<br \/>\nOn dit que les points <code class=\"katex-inline\">A<\/code>, <code class=\"katex-inline\">B<\/code> et <code class=\"katex-inline\">C<\/code> sont align\u00e9s.<br \/>\nLe point <code class=\"katex-inline\">E<\/code> n\u2019appartient pas \u00e0 la droite <code class=\"katex-inline\">(AC)<\/code>. On note <code class=\"katex-inline\">E \\notin (AC)<\/code>.<br \/>\nLe point <code class=\"katex-inline\">B<\/code> appartient au segment <code class=\"katex-inline\">[AC]<\/code>. On note <code class=\"katex-inline\">B \\in [AC]<\/code>.<br \/>\nLe point <code class=\"katex-inline\">A<\/code> appartient \u00e0 la demi-droite <code class=\"katex-inline\">[CB)<\/code>. On note <code class=\"katex-inline\">A \\in [CB)<\/code>.<br \/>\nLe point <code class=\"katex-inline\">C<\/code> n\u2019appartient pas \u00e0 la demi-droite <code class=\"katex-inline\">[BA)<\/code>. On note <code class=\"katex-inline\">C \\notin [BA)<\/code>.<br \/>\n<code class=\"katex-inline\">(AB)<\/code>, <code class=\"katex-inline\">(BC)<\/code> et <code class=\"katex-inline\">(AC)<\/code> d\u00e9signent la m\u00eame droite. On dit alors que les droites <code class=\"katex-inline\">(AB)<\/code>, <code class=\"katex-inline\">(BC)<\/code> et <code class=\"katex-inline\">(AC)<\/code> sont confondues.  <\/p>\n<p>La longueur du segment <code class=\"katex-inline\">[AB]<\/code> est la distance entre les points <code class=\"katex-inline\">A<\/code> et <code class=\"katex-inline\">B<\/code>.<br \/>\nLa longueur du segment <code class=\"katex-inline\">[AB]<\/code> est not\u00e9e <code class=\"katex-inline\">AB<\/code>.  <\/p>\n<p>Le milieu d\u2019un segment est le point de ce segment qui le partage en deux segments de m\u00eame longueur.<br \/>\n<img decoding=\"async\" src=\"http:\/\/courscaneri.ovh\/wp-content\/uploads\/2020\/11\/milieu-1.jpg\" alt=\"\" \/><br \/>\nLe point <code class=\"katex-inline\">I<\/code> est le milieu du segment <code class=\"katex-inline\">[AB] \\Rightarrow I\\in[AB]<\/code> et <code class=\"katex-inline\">AI=IB=\\frac{AB}{2}<\/code>.<br \/>\n<code class=\"katex-inline\">I\\in[AB]<\/code> et <code class=\"katex-inline\">AI=IB \\Rightarrow<\/code> le point <code class=\"katex-inline\">I<\/code> est le milieu du segment <code class=\"katex-inline\">[AB]<\/code>.  <\/p>\n<p>Deux droites s\u00e9cantes sont deux droites ayant un seul point commun. Ce point est appel\u00e9 le point d\u2019intersection des droites.<br \/>\nSi au moins trois droites passent par un m\u00eame point, on dit qu\u2019elles sont concourantes en ce point.<br \/>\nDeux droites perpendiculaires sont deux droites s\u00e9cantes d\u00e9terminant quatre angles droits. On admettra qu\u2019il suffit de coder un seul angle droit pour signifier que deux droites sont perpendiculaires.<br \/>\nIl n\u2019y a qu\u2019une seule droite passant par un point donn\u00e9 et perpendiculaire \u00e0 une droite donn\u00e9e.  <\/p>\n<p>Deux droites parall\u00e8les sont deux droites qui ne sont pas s\u00e9cantes.<br \/>\nIl n\u2019y a qu\u2019une seule droite passant par un point donn\u00e9 et parall\u00e8le \u00e0 une droite donn\u00e9e.  <\/p>\n<p>Si on consid\u00e8re trois points align\u00e9s <code class=\"katex-inline\">A<\/code>, <code class=\"katex-inline\">B<\/code> et <code class=\"katex-inline\">C<\/code>. Les droites <code class=\"katex-inline\">(AB)<\/code> et <code class=\"katex-inline\">(BC)<\/code> ont plus d\u2019un point commun. Elles ne sont donc pas s\u00e9cantes mais parall\u00e8les. Pour \u00eatre plus pr\u00e9cis, on dit qu\u2019elles sont confondues.  <\/p>\n<p><strong><em>Propi\u00e9t\u00e9s<\/em><\/strong><\/p>\n<blockquote>\n<p>Si deux droites sont perpendiculaires \u00e0 une m\u00eame troisi\u00e8me droite alors elles sont parall\u00e8les entre elles.<br \/>\nSi deux droites sont parall\u00e8les et si une troisi\u00e8me droite est perpendiculaire \u00e0 l\u2019une alors elle est perpendiculaire \u00e0 l\u2019autre.<br \/>\nSi deux droites sont parall\u00e8les \u00e0 une m\u00eame troisi\u00e8me droite alors elles sont parall\u00e8les.  <\/p>\n<\/blockquote>\n<p>On consid\u00e8re une droite <code class=\"katex-inline\">(d)<\/code> et un point <code class=\"katex-inline\">A<\/code>.<br \/>\nLa perpendiculaire \u00e0 la droite <code class=\"katex-inline\">(d)<\/code> passant par le point <code class=\"katex-inline\">A<\/code> coupe la droite <code class=\"katex-inline\">(d)<\/code> au point <code class=\"katex-inline\">H<\/code>.<br \/>\nQuel que soit le point <code class=\"katex-inline\">M<\/code> choisi sur la droite <code class=\"katex-inline\">(d)<\/code>, on a toujours : <code class=\"katex-inline\">AH < AM<\/code> <\/p>\n<p><img decoding=\"async\" src=\"http:\/\/courscaneri.ovh\/wp-content\/uploads\/2020\/11\/disatnceDroite-1.jpg\" alt=\"\" \/><\/p>\n<p>On dit que la longueur <code class=\"katex-inline\">AH<\/code> est la distance du point <code class=\"katex-inline\">A<\/code> \u00e0 la droite <code class=\"katex-inline\">(d)<\/code>.<\/p>\n<p>Remarque :<br \/>\nLorsque le point <code class=\"katex-inline\">A<\/code> appartient \u00e0 la droite <code class=\"katex-inline\">(d)<\/code>, la distance du point <code class=\"katex-inline\">A<\/code> \u00e0 la droite <code class=\"katex-inline\">(d)<\/code> est nulle.<\/p>\n","protected":false},"excerpt":{"rendered":"<p>Droites et segments Par deux points distincts A et B, il passe une et une seule droite, nomm\u00e9e droite (AB). Une demi-droite d\u2019origine A passant par B est not\u00e9e [AB). Le point C appartient \u00e0 la droite (AB). On note C \\in (AB). On dit que les points A, B et C sont align\u00e9s. Le [&hellip;]<\/p>\n","protected":false},"author":1,"featured_media":0,"parent":3409,"menu_order":12,"comment_status":"closed","ping_status":"closed","template":"","meta":{"footnotes":""},"class_list":["post-735","page","type-page","status-publish","czr-hentry"],"_links":{"self":[{"href":"https:\/\/courscaneri.ovh\/index.php?rest_route=\/wp\/v2\/pages\/735","targetHints":{"allow":["GET"]}}],"collection":[{"href":"https:\/\/courscaneri.ovh\/index.php?rest_route=\/wp\/v2\/pages"}],"about":[{"href":"https:\/\/courscaneri.ovh\/index.php?rest_route=\/wp\/v2\/types\/page"}],"author":[{"embeddable":true,"href":"https:\/\/courscaneri.ovh\/index.php?rest_route=\/wp\/v2\/users\/1"}],"replies":[{"embeddable":true,"href":"https:\/\/courscaneri.ovh\/index.php?rest_route=%2Fwp%2Fv2%2Fcomments&post=735"}],"version-history":[{"count":0,"href":"https:\/\/courscaneri.ovh\/index.php?rest_route=\/wp\/v2\/pages\/735\/revisions"}],"up":[{"embeddable":true,"href":"https:\/\/courscaneri.ovh\/index.php?rest_route=\/wp\/v2\/pages\/3409"}],"wp:attachment":[{"href":"https:\/\/courscaneri.ovh\/index.php?rest_route=%2Fwp%2Fv2%2Fmedia&parent=735"}],"curies":[{"name":"wp","href":"https:\/\/api.w.org\/{rel}","templated":true}]}}