{"id":778,"date":"2019-11-02T17:58:26","date_gmt":"2019-11-02T16:58:26","guid":{"rendered":"http:\/\/caneri.gmollet.free.fr\/?page_id=778"},"modified":"2023-09-13T15:48:58","modified_gmt":"2023-09-13T13:48:58","slug":"activite-x","status":"publish","type":"page","link":"https:\/\/courscaneri.ovh\/?page_id=778","title":{"rendered":"Activit\u00e9 X &#8211; Probailit\u00e9 conditionnelles"},"content":{"rendered":"<p>Dans cette activit\u00e9, nous allons estimer l&#8217;aire sous une parabole (partie I) puis le nombre <code class=\"katex-inline\">\\pi<\/code> (partie II) par la m\u00e9thode de Mont\u00e9-Carlo.<br \/>\nLes deux parties sont totalement ind\u00e9pendants.<\/p>\n<h2>I &#8211; Aire sous la parabole<\/h2>\n<p>Nous allons proposer de calculer une estimation de l&#8217;aire d\u00e9limit\u00e9e par la parabole de la fonction carr\u00e9, l&#8217;axe des abscisses et la droite d&#8217;\u00e9quation <code class=\"katex-inline\"><img loading=\"lazy\" decoding=\"async\" src=\"https:\/\/courscaneri.ovh\/wp-content\/ql-cache\/quicklatex.com-5214b37d702dddb0b65242ec8abf41fd_l3.png\" class=\"ql-img-inline-formula quicklatex-auto-format\" alt=\"&#120;&#61;&#49;\" title=\"Rendered by QuickLaTeX.com\" height=\"12\" width=\"42\" style=\"vertical-align: 0px;\"\/><\/code>.<\/p>\n<ol>\n<li>Sous <em>geogebra<\/em>, tracer la courbe repr\u00e9sentative de la fonction carr\u00e9e, puis la droite d&#8217;\u00e9quation <code class=\"katex-inline\"><img loading=\"lazy\" decoding=\"async\" src=\"https:\/\/courscaneri.ovh\/wp-content\/ql-cache\/quicklatex.com-5214b37d702dddb0b65242ec8abf41fd_l3.png\" class=\"ql-img-inline-formula quicklatex-auto-format\" alt=\"&#120;&#61;&#49;\" title=\"Rendered by QuickLaTeX.com\" height=\"12\" width=\"42\" style=\"vertical-align: 0px;\"\/><\/code>.<\/li>\n<li>Cr\u00e9er le carr\u00e9 (polyg\u00f4ne) de c\u00f4t\u00e9 1 passant par les points de coordonn\u00e9es <code class=\"katex-inline\"><img loading=\"lazy\" decoding=\"async\" src=\"https:\/\/courscaneri.ovh\/wp-content\/ql-cache\/quicklatex.com-7ee51935cc2078ea944d6fd9fc643f86_l3.png\" class=\"ql-img-inline-formula quicklatex-auto-format\" alt=\"&#40;&#48;&#59;&#48;&#41;\" title=\"Rendered by QuickLaTeX.com\" height=\"19\" width=\"38\" style=\"vertical-align: -5px;\"\/><\/code>, <code class=\"katex-inline\"><img loading=\"lazy\" decoding=\"async\" src=\"https:\/\/courscaneri.ovh\/wp-content\/ql-cache\/quicklatex.com-beef4b120855c96582fbebe1bfb9a857_l3.png\" class=\"ql-img-inline-formula quicklatex-auto-format\" alt=\"&#40;&#49;&#59;&#48;&#41;\" title=\"Rendered by QuickLaTeX.com\" height=\"19\" width=\"38\" style=\"vertical-align: -5px;\"\/><\/code>, <code class=\"katex-inline\"><img loading=\"lazy\" decoding=\"async\" src=\"https:\/\/courscaneri.ovh\/wp-content\/ql-cache\/quicklatex.com-2c60e4c3f8d39a065a36beead6ab5588_l3.png\" class=\"ql-img-inline-formula quicklatex-auto-format\" alt=\"&#40;&#49;&#59;&#49;&#41;\" title=\"Rendered by QuickLaTeX.com\" height=\"19\" width=\"38\" style=\"vertical-align: -5px;\"\/><\/code> et <code class=\"katex-inline\"><img loading=\"lazy\" decoding=\"async\" src=\"https:\/\/courscaneri.ovh\/wp-content\/ql-cache\/quicklatex.com-72cebd21dca574703e667a87bdf240bf_l3.png\" class=\"ql-img-inline-formula quicklatex-auto-format\" alt=\"&#40;&#48;&#59;&#49;&#41;\" title=\"Rendered by QuickLaTeX.com\" height=\"19\" width=\"38\" style=\"vertical-align: -5px;\"\/><\/code>.<\/li>\n<li>Cr\u00e9er un curseur <code class=\"katex-inline\"><img loading=\"lazy\" decoding=\"async\" src=\"https:\/\/courscaneri.ovh\/wp-content\/ql-cache\/quicklatex.com-ec4217f4fa5fcd92a9edceba0e708cf7_l3.png\" class=\"ql-img-inline-formula quicklatex-auto-format\" alt=\"&#110;\" title=\"Rendered by QuickLaTeX.com\" height=\"8\" width=\"11\" style=\"vertical-align: 0px;\"\/><\/code> qui prend des valeurs enti\u00e8res de <code class=\"katex-inline\"><img loading=\"lazy\" decoding=\"async\" src=\"https:\/\/courscaneri.ovh\/wp-content\/ql-cache\/quicklatex.com-69a7c7fb1023d315f416440bca10d849_l3.png\" class=\"ql-img-inline-formula quicklatex-auto-format\" alt=\"&#49;\" title=\"Rendered by QuickLaTeX.com\" height=\"12\" width=\"7\" style=\"vertical-align: 0px;\"\/><\/code> \u00e0 <code class=\"katex-inline\"><img loading=\"lazy\" decoding=\"async\" src=\"https:\/\/courscaneri.ovh\/wp-content\/ql-cache\/quicklatex.com-a2725622f5e891bbcb53c1c9803f538c_l3.png\" class=\"ql-img-inline-formula quicklatex-auto-format\" alt=\"&#49;&#48;&#48;&#48;\" title=\"Rendered by QuickLaTeX.com\" height=\"12\" width=\"35\" style=\"vertical-align: 0px;\"\/><\/code>.<\/li>\n<li>Dans la ligne de saisie, \u00e9crire:\n<pre><code class=\"language-geogebra\">E=(random(),random())<\/code><\/pre>\n<p>O\u00f9 se place le point <img loading=\"lazy\" decoding=\"async\" src=\"https:\/\/courscaneri.ovh\/wp-content\/ql-cache\/quicklatex.com-638a7387bd72763290cc777a9b509c38_l3.png\" class=\"ql-img-inline-formula quicklatex-auto-format\" alt=\"&#69;\" title=\"Rendered by QuickLaTeX.com\" height=\"12\" width=\"14\" style=\"vertical-align: 0px;\"\/> ?<\/li>\n<li>Dans la ligne de saisie, \u00e9crire:\n<pre><code class=\"language-geogebra\">Liste_1=S\u00e9quence((random(),random()),i,1,n)<\/code><\/pre>\n<p>Que se passe-t-il?<br \/>\nFaites varier le curseur <img loading=\"lazy\" decoding=\"async\" src=\"https:\/\/courscaneri.ovh\/wp-content\/ql-cache\/quicklatex.com-ec4217f4fa5fcd92a9edceba0e708cf7_l3.png\" class=\"ql-img-inline-formula quicklatex-auto-format\" alt=\"&#110;\" title=\"Rendered by QuickLaTeX.com\" height=\"8\" width=\"11\" style=\"vertical-align: 0px;\"\/>. Que se passe-t-il?<\/li>\n<li>Nous allons cr\u00e9er la r\u00e9gion sous la courbe.\n<ol>\n<li>Donner un encadrement de <code class=\"katex-inline\"><img loading=\"lazy\" decoding=\"async\" src=\"https:\/\/courscaneri.ovh\/wp-content\/ql-cache\/quicklatex.com-38461fc041e953482219abf5d4cce1cb_l3.png\" class=\"ql-img-inline-formula quicklatex-auto-format\" alt=\"&#121;\" title=\"Rendered by QuickLaTeX.com\" height=\"12\" width=\"9\" style=\"vertical-align: -4px;\"\/><\/code> en fonction de <code class=\"katex-inline\"><img loading=\"lazy\" decoding=\"async\" src=\"https:\/\/courscaneri.ovh\/wp-content\/ql-cache\/quicklatex.com-7e5fbfa0bbbd9f3051cd156a0f1b5e31_l3.png\" class=\"ql-img-inline-formula quicklatex-auto-format\" alt=\"&#120;\" title=\"Rendered by QuickLaTeX.com\" height=\"8\" width=\"10\" style=\"vertical-align: 0px;\"\/><\/code>.<\/li>\n<li>Compl\u00e9ter la saisie suivante qui permet de cr\u00e9er la r\u00e9gion sous la courbe.\n<pre><code class=\"language-geogebra\">R\u00e9gion= (...&lt;= x &lt;=...) &amp;&amp; (...&lt;= y &lt;=...)<\/code><\/pre>\n<\/li>\n<\/ol>\n<\/li>\n<li>Que fait la saisie suivante?\n<pre><code class=\"language-geogebra\">Liste_2 = S\u00e9quence(EstDansR\u00e9gion(El\u00e9ment(Liste_1,i),R\u00e9gion),i,1,n)<\/code><\/pre>\n<\/li>\n<li>En saisissant <code>S=Somme[Liste_2]<\/code>, on obtient le nombre de points sous la courbe.<br \/>\nQue saisir pour avoir la proportion de points sous la courbe parmi tous les points? <em>Pour ce nombre, on choisira Propri\u00e9t\u00e9\/Alg\u00e8bre et on d\u00e9cochera Symbolique.<\/em><\/li>\n<li>Faire varier <code class=\"katex-inline\"><img loading=\"lazy\" decoding=\"async\" src=\"https:\/\/courscaneri.ovh\/wp-content\/ql-cache\/quicklatex.com-ec4217f4fa5fcd92a9edceba0e708cf7_l3.png\" class=\"ql-img-inline-formula quicklatex-auto-format\" alt=\"&#110;\" title=\"Rendered by QuickLaTeX.com\" height=\"8\" width=\"11\" style=\"vertical-align: 0px;\"\/><\/code>.<\/li>\n<li>Quelle est la probabilit\u00e9 qu&#8217;un point du carr\u00e9 soit sous la courbe?<\/li>\n<li>Estimer la valeur de l&#8217;aire sous la courbe?<br \/>\n<em>On pourra supposer que la proportion de points sous la courbe parmi les points du carr\u00e9 est approximativement la m\u00eame que la proportion d&#8217;aire sous la courbe par rapport \u00e0 l&#8217;aire du carr\u00e9<\/em><\/li>\n<\/ol>\n<h2>II &#8211; Estimation de <code class=\"katex-inline\"><img loading=\"lazy\" decoding=\"async\" src=\"https:\/\/courscaneri.ovh\/wp-content\/ql-cache\/quicklatex.com-ed7678864de5d2f3ff6739ada3fd00e9_l3.png\" class=\"ql-img-inline-formula quicklatex-auto-format\" alt=\"&#92;&#112;&#105;\" title=\"Rendered by QuickLaTeX.com\" height=\"8\" width=\"11\" style=\"vertical-align: 0px;\"\/><\/code><\/h2>\n<p>Nous allons proposer de calculer une estimation de l&#8217;aire d&#8217;un disque de rayon <code class=\"katex-inline\">1<\/code> unit\u00e9.<\/p>\n<ol>\n<li>Tracer un cercle de rayon <code class=\"katex-inline\">1<\/code> et de centre l&#8217;origine du rep\u00e8re.<\/li>\n<li>D\u00e9terminer la valeur exacte de l&#8217;aire de ce disque.<\/li>\n<li>Tracer le carr\u00e9 de sommets les points de coordonn\u00e9es <code class=\"katex-inline\"><img loading=\"lazy\" decoding=\"async\" src=\"https:\/\/courscaneri.ovh\/wp-content\/ql-cache\/quicklatex.com-2c60e4c3f8d39a065a36beead6ab5588_l3.png\" class=\"ql-img-inline-formula quicklatex-auto-format\" alt=\"&#40;&#49;&#59;&#49;&#41;\" title=\"Rendered by QuickLaTeX.com\" height=\"19\" width=\"38\" style=\"vertical-align: -5px;\"\/><\/code>, <code class=\"katex-inline\"><img loading=\"lazy\" decoding=\"async\" src=\"https:\/\/courscaneri.ovh\/wp-content\/ql-cache\/quicklatex.com-2e23878799b1f07122313fab339ec74a_l3.png\" class=\"ql-img-inline-formula quicklatex-auto-format\" alt=\"&#40;&#45;&#49;&#59;&#49;&#41;\" title=\"Rendered by QuickLaTeX.com\" height=\"19\" width=\"51\" style=\"vertical-align: -5px;\"\/><\/code>, <code class=\"katex-inline\"><img loading=\"lazy\" decoding=\"async\" src=\"https:\/\/courscaneri.ovh\/wp-content\/ql-cache\/quicklatex.com-fef2e79eed9cc0246b9d1cff5084ea7c_l3.png\" class=\"ql-img-inline-formula quicklatex-auto-format\" alt=\"&#40;&#45;&#49;&#59;&#45;&#49;&#41;\" title=\"Rendered by QuickLaTeX.com\" height=\"19\" width=\"65\" style=\"vertical-align: -5px;\"\/><\/code> et <code class=\"katex-inline\"><img loading=\"lazy\" decoding=\"async\" src=\"https:\/\/courscaneri.ovh\/wp-content\/ql-cache\/quicklatex.com-a7c912b9f8202c2a1ada886e61afc64e_l3.png\" class=\"ql-img-inline-formula quicklatex-auto-format\" alt=\"&#40;&#49;&#59;&#45;&#49;&#41;\" title=\"Rendered by QuickLaTeX.com\" height=\"19\" width=\"52\" style=\"vertical-align: -5px;\"\/><\/code>.<\/li>\n<li>Quelle est l&#8217;aire du carr\u00e9?<\/li>\n<li>Cr\u00e9er un curseur <code class=\"katex-inline\"><img loading=\"lazy\" decoding=\"async\" src=\"https:\/\/courscaneri.ovh\/wp-content\/ql-cache\/quicklatex.com-ec4217f4fa5fcd92a9edceba0e708cf7_l3.png\" class=\"ql-img-inline-formula quicklatex-auto-format\" alt=\"&#110;\" title=\"Rendered by QuickLaTeX.com\" height=\"8\" width=\"11\" style=\"vertical-align: 0px;\"\/><\/code> prenant des valeurs de <code class=\"katex-inline\">1<\/code> \u00e0 <code class=\"katex-inline\">1000<\/code>.<\/li>\n<li>Soit <code class=\"katex-inline\"><img loading=\"lazy\" decoding=\"async\" src=\"https:\/\/courscaneri.ovh\/wp-content\/ql-cache\/quicklatex.com-7e5fbfa0bbbd9f3051cd156a0f1b5e31_l3.png\" class=\"ql-img-inline-formula quicklatex-auto-format\" alt=\"&#120;\" title=\"Rendered by QuickLaTeX.com\" height=\"8\" width=\"10\" style=\"vertical-align: 0px;\"\/><\/code> l&#8217;abscisse d&#8217;un point du disque. Donner un encadrement de son ordonn\u00e9 en fonction de <code class=\"katex-inline\"><img loading=\"lazy\" decoding=\"async\" src=\"https:\/\/courscaneri.ovh\/wp-content\/ql-cache\/quicklatex.com-7e5fbfa0bbbd9f3051cd156a0f1b5e31_l3.png\" class=\"ql-img-inline-formula quicklatex-auto-format\" alt=\"&#120;\" title=\"Rendered by QuickLaTeX.com\" height=\"8\" width=\"10\" style=\"vertical-align: 0px;\"\/><\/code>.<\/li>\n<li>Cr\u00e9er la r\u00e9gion correspondant au disque.<\/li>\n<li>La commande <code>Al\u00e9aUniforme(-1,1)<\/code> retourne un nombre al\u00e9atoire compris entre <code class=\"katex-inline\">-1<\/code> et <code class=\"katex-inline\">1<\/code>.<br \/>\nCr\u00e9er la <code class=\"katex-inline\">Liste_1<\/code> des <code class=\"katex-inline\"><img loading=\"lazy\" decoding=\"async\" src=\"https:\/\/courscaneri.ovh\/wp-content\/ql-cache\/quicklatex.com-ec4217f4fa5fcd92a9edceba0e708cf7_l3.png\" class=\"ql-img-inline-formula quicklatex-auto-format\" alt=\"&#110;\" title=\"Rendered by QuickLaTeX.com\" height=\"8\" width=\"11\" style=\"vertical-align: 0px;\"\/><\/code> points plac\u00e9s al\u00e9atoirement dans le carr\u00e9.<\/li>\n<li>Cr\u00e9er la <code class=\"katex-inline\">Liste_2<\/code> qui indique si les points de la la <code class=\"katex-inline\">Liste_1<\/code> sont dans le disque ou non.<\/li>\n<li>D\u00e9terminer le nombre de points dans le disque.<\/li>\n<li>En d\u00e9duire la proportion de points dans le disque parmi les points pr\u00e9sents. <em>Pour ce nombre, on choisira Propri\u00e9t\u00e9\/Alg\u00e8bre et on d\u00e9cochera Symbolique.<\/em><\/li>\n<li>Quelle est la probabilit\u00e9 qu&#8217;un point du carr\u00e9 soit dans le disque?<\/li>\n<li>Estimer la valeur du nombre <code class=\"katex-inline\"><img loading=\"lazy\" decoding=\"async\" src=\"https:\/\/courscaneri.ovh\/wp-content\/ql-cache\/quicklatex.com-ed7678864de5d2f3ff6739ada3fd00e9_l3.png\" class=\"ql-img-inline-formula quicklatex-auto-format\" alt=\"&#92;&#112;&#105;\" title=\"Rendered by QuickLaTeX.com\" height=\"8\" width=\"11\" style=\"vertical-align: 0px;\"\/><\/code>.<\/li>\n<\/ol>\n","protected":false},"excerpt":{"rendered":"<p>Dans cette activit\u00e9, nous allons estimer l&#8217;aire sous une parabole (partie I) puis le nombre \\pi (partie II) par la m\u00e9thode de Mont\u00e9-Carlo. Les deux parties sont totalement ind\u00e9pendants. I &#8211; Aire sous la parabole Nous allons proposer de calculer une estimation de l&#8217;aire d\u00e9limit\u00e9e par la parabole de la fonction carr\u00e9, l&#8217;axe des abscisses [&hellip;]<\/p>\n","protected":false},"author":2,"featured_media":0,"parent":282,"menu_order":1,"comment_status":"closed","ping_status":"closed","template":"","meta":{"footnotes":""},"class_list":["post-778","page","type-page","status-publish","czr-hentry"],"_links":{"self":[{"href":"https:\/\/courscaneri.ovh\/index.php?rest_route=\/wp\/v2\/pages\/778","targetHints":{"allow":["GET"]}}],"collection":[{"href":"https:\/\/courscaneri.ovh\/index.php?rest_route=\/wp\/v2\/pages"}],"about":[{"href":"https:\/\/courscaneri.ovh\/index.php?rest_route=\/wp\/v2\/types\/page"}],"author":[{"embeddable":true,"href":"https:\/\/courscaneri.ovh\/index.php?rest_route=\/wp\/v2\/users\/2"}],"replies":[{"embeddable":true,"href":"https:\/\/courscaneri.ovh\/index.php?rest_route=%2Fwp%2Fv2%2Fcomments&post=778"}],"version-history":[{"count":2,"href":"https:\/\/courscaneri.ovh\/index.php?rest_route=\/wp\/v2\/pages\/778\/revisions"}],"predecessor-version":[{"id":3931,"href":"https:\/\/courscaneri.ovh\/index.php?rest_route=\/wp\/v2\/pages\/778\/revisions\/3931"}],"up":[{"embeddable":true,"href":"https:\/\/courscaneri.ovh\/index.php?rest_route=\/wp\/v2\/pages\/282"}],"wp:attachment":[{"href":"https:\/\/courscaneri.ovh\/index.php?rest_route=%2Fwp%2Fv2%2Fmedia&parent=778"}],"curies":[{"name":"wp","href":"https:\/\/api.w.org\/{rel}","templated":true}]}}