{"id":780,"date":"2019-11-02T17:58:59","date_gmt":"2019-11-02T16:58:59","guid":{"rendered":"http:\/\/caneri.gmollet.free.fr\/?page_id=780"},"modified":"2023-09-13T15:50:34","modified_gmt":"2023-09-13T13:50:34","slug":"activite-xi","status":"publish","type":"page","link":"https:\/\/courscaneri.ovh\/?page_id=780","title":{"rendered":"Activit\u00e9 XI &#8211; Probabilit\u00e9s conditionnelles"},"content":{"rendered":"<p>Lucien, fumeur imp\u00e9nitent, d\u00e9cide d\u2019essayer de ne plus fumer.<br \/>\nS\u2019il ne fume pas un jour donn\u00e9, la probabilit\u00e9 qu\u2019il ne fume pas le lendemain est 0,76.<br \/>\nPar contre, s\u2019il fume un jour donn\u00e9, la probabilit\u00e9 qu\u2019il ne fume pas le lendemain est 0,36.<\/p>\n<p>On note <code class=\"katex-inline\"><img loading=\"lazy\" decoding=\"async\" src=\"https:\/\/courscaneri.ovh\/wp-content\/ql-cache\/quicklatex.com-effe3c8b6a875bdcc95e36261dd82b08_l3.png\" class=\"ql-img-inline-formula quicklatex-auto-format\" alt=\"&#70;&#95;&#110;\" title=\"Rendered by QuickLaTeX.com\" height=\"15\" width=\"19\" style=\"vertical-align: -3px;\"\/><\/code> l\u2019\u00e9v\u00e9nement \u00ab\u202fLucien fume\u202fle n-i\u00e8me jour \u00bb et <code class=\"katex-inline\"><img loading=\"lazy\" decoding=\"async\" src=\"https:\/\/courscaneri.ovh\/wp-content\/ql-cache\/quicklatex.com-7075f512ce2323fc5b23e861283c6261_l3.png\" class=\"ql-img-inline-formula quicklatex-auto-format\" alt=\"&#92;&#111;&#118;&#101;&#114;&#108;&#105;&#110;&#101;&#123;&#70;&#95;&#110;&#125;\" title=\"Rendered by QuickLaTeX.com\" height=\"18\" width=\"21\" style=\"vertical-align: -3px;\"\/><\/code> l\u2019\u00e9v\u00e9nement contraire.<br \/>\nOn pose <code class=\"katex-inline\"><img loading=\"lazy\" decoding=\"async\" src=\"https:\/\/courscaneri.ovh\/wp-content\/ql-cache\/quicklatex.com-8b265661a96889bd27a5ecd3ea9b05d5_l3.png\" class=\"ql-img-inline-formula quicklatex-auto-format\" alt=\"&#92;&#102;&#111;&#114;&#97;&#108;&#108;&#32;&#110;&#32;&#92;&#105;&#110;&#32;&#92;&#109;&#97;&#116;&#104;&#98;&#98;&#123;&#78;&#125;&#44;&#32;&#112;&#95;&#110;&#61;&#92;&#109;&#97;&#116;&#104;&#98;&#98;&#123;&#80;&#125;&#92;&#108;&#101;&#102;&#116;&#40;&#70;&#95;&#110;&#92;&#114;&#105;&#103;&#104;&#116;&#41;\" title=\"Rendered by QuickLaTeX.com\" height=\"19\" width=\"152\" style=\"vertical-align: -5px;\"\/><\/code>.<\/p>\n<ol>\n<li>D\u00e9terminer <code class=\"katex-inline\"><img loading=\"lazy\" decoding=\"async\" src=\"https:\/\/courscaneri.ovh\/wp-content\/ql-cache\/quicklatex.com-ccd892ed2f60029f47331cf785d30482_l3.png\" class=\"ql-img-inline-formula quicklatex-auto-format\" alt=\"&#112;&#95;&#48;\" title=\"Rendered by QuickLaTeX.com\" height=\"12\" width=\"17\" style=\"vertical-align: -4px;\"\/><\/code>.<\/li>\n<li>D\u00e9terminer <img loading=\"lazy\" decoding=\"async\" src=\"https:\/\/courscaneri.ovh\/wp-content\/ql-cache\/quicklatex.com-47dd288e24eecc22462d93e0c57a24c6_l3.png\" class=\"ql-img-inline-formula quicklatex-auto-format\" alt=\"&#60;&#99;&#111;&#100;&#101;&#32;&#99;&#108;&#97;&#115;&#115;&#61;&#34;&#107;&#97;&#116;&#101;&#120;&#45;&#105;&#110;&#108;&#105;&#110;&#101;&#34;&#62;&#92;&#109;&#97;&#116;&#104;&#98;&#98;&#123;&#80;&#125;&#95;&#123;&#92;&#111;&#118;&#101;&#114;&#108;&#105;&#110;&#101;&#123;&#70;&#95;&#110;&#125;&#125;&#92;&#108;&#101;&#102;&#116;&#40;&#92;&#111;&#118;&#101;&#114;&#108;&#105;&#110;&#101;&#123;&#70;&#95;&#123;&#110;&#43;&#49;&#125;&#125;&#92;&#114;&#105;&#103;&#104;&#116;&#41;\" title=\"Rendered by QuickLaTeX.com\" height=\"22\" width=\"353\" style=\"vertical-align: -7px;\"\/><\/code> puis <code class=\"katex-inline\"><img loading=\"lazy\" decoding=\"async\" src=\"https:\/\/courscaneri.ovh\/wp-content\/ql-cache\/quicklatex.com-07f8bc994e4bbe724d6dea42d95e41e6_l3.png\" class=\"ql-img-inline-formula quicklatex-auto-format\" alt=\"&#92;&#109;&#97;&#116;&#104;&#98;&#98;&#123;&#80;&#125;&#95;&#123;&#70;&#95;&#110;&#125;&#92;&#108;&#101;&#102;&#116;&#40;&#92;&#111;&#118;&#101;&#114;&#108;&#105;&#110;&#101;&#123;&#70;&#95;&#123;&#110;&#43;&#49;&#125;&#125;&#92;&#114;&#105;&#103;&#104;&#116;&#41;\" title=\"Rendered by QuickLaTeX.com\" height=\"22\" width=\"84\" style=\"vertical-align: -7px;\"\/><\/code>.<\/li>\n<li>Compl\u00e9ter cet arbre de probabilit\u00e9.\n<p><img decoding=\"async\" src=\"http:\/\/courscaneri.ovh\/wp-content\/uploads\/2020\/12\/arbre-1-300x156.jpg\" alt=\"\" \/><\/li>\n<li>Calculer <code class=\"katex-inline\"><img loading=\"lazy\" decoding=\"async\" src=\"https:\/\/courscaneri.ovh\/wp-content\/ql-cache\/quicklatex.com-023bcfb3fa329ff4f481163d36b65bf9_l3.png\" class=\"ql-img-inline-formula quicklatex-auto-format\" alt=\"&#112;&#95;&#49;\" title=\"Rendered by QuickLaTeX.com\" height=\"12\" width=\"16\" style=\"vertical-align: -4px;\"\/><\/code>, <code class=\"katex-inline\"><img loading=\"lazy\" decoding=\"async\" src=\"https:\/\/courscaneri.ovh\/wp-content\/ql-cache\/quicklatex.com-1a0ac2d00900c29ac35c13956874c642_l3.png\" class=\"ql-img-inline-formula quicklatex-auto-format\" alt=\"&#112;&#95;&#50;\" title=\"Rendered by QuickLaTeX.com\" height=\"12\" width=\"17\" style=\"vertical-align: -4px;\"\/><\/code> puis <code class=\"katex-inline\"><img loading=\"lazy\" decoding=\"async\" src=\"https:\/\/courscaneri.ovh\/wp-content\/ql-cache\/quicklatex.com-0a8e4405c0ae3376c30d6e8abc371848_l3.png\" class=\"ql-img-inline-formula quicklatex-auto-format\" alt=\"&#112;&#95;&#51;\" title=\"Rendered by QuickLaTeX.com\" height=\"12\" width=\"17\" style=\"vertical-align: -4px;\"\/><\/code>.<\/li>\n<li>Exprimer <code class=\"katex-inline\"><img loading=\"lazy\" decoding=\"async\" src=\"https:\/\/courscaneri.ovh\/wp-content\/ql-cache\/quicklatex.com-ed02b9fba43afdde3b5da1a7a049b6a4_l3.png\" class=\"ql-img-inline-formula quicklatex-auto-format\" alt=\"&#112;&#95;&#123;&#110;&#43;&#49;&#125;\" title=\"Rendered by QuickLaTeX.com\" height=\"13\" width=\"35\" style=\"vertical-align: -5px;\"\/><\/code> en fonction de <code class=\"katex-inline\"><img loading=\"lazy\" decoding=\"async\" src=\"https:\/\/courscaneri.ovh\/wp-content\/ql-cache\/quicklatex.com-fbb7c1a26d2bf07eb5bd498d09b924b6_l3.png\" class=\"ql-img-inline-formula quicklatex-auto-format\" alt=\"&#112;&#95;&#110;\" title=\"Rendered by QuickLaTeX.com\" height=\"12\" width=\"18\" style=\"vertical-align: -4px;\"\/><\/code>.<\/li>\n<li>On pose: <code class=\"katex-inline\"><img loading=\"lazy\" decoding=\"async\" src=\"https:\/\/courscaneri.ovh\/wp-content\/ql-cache\/quicklatex.com-e2935b8fab7f1f1857e1ab965ebf75aa_l3.png\" class=\"ql-img-inline-formula quicklatex-auto-format\" alt=\"&#92;&#102;&#111;&#114;&#97;&#108;&#108;&#32;&#110;&#32;&#92;&#105;&#110;&#32;&#92;&#109;&#97;&#116;&#104;&#98;&#98;&#123;&#78;&#125;&#44;&#32;&#113;&#95;&#110;&#61;&#112;&#95;&#110;&#45;&#48;&#44;&#52;\" title=\"Rendered by QuickLaTeX.com\" height=\"16\" width=\"169\" style=\"vertical-align: -4px;\"\/><\/code>.<br \/>\na. D\u00e9montrer que la suite <code class=\"katex-inline\"><img loading=\"lazy\" decoding=\"async\" src=\"https:\/\/courscaneri.ovh\/wp-content\/ql-cache\/quicklatex.com-92fde3061a6f39b37d7b631b3c2d7c1e_l3.png\" class=\"ql-img-inline-formula quicklatex-auto-format\" alt=\"&#92;&#108;&#101;&#102;&#116;&#40;&#113;&#95;&#110;&#92;&#114;&#105;&#103;&#104;&#116;&#41;&#95;&#123;&#110;&#92;&#105;&#110;&#92;&#109;&#97;&#116;&#104;&#98;&#98;&#123;&#78;&#125;&#125;\" title=\"Rendered by QuickLaTeX.com\" height=\"20\" width=\"57\" style=\"vertical-align: -6px;\"\/><\/code> est g\u00e9om\u00e9trique. On en pr\u00e9cisera la raison et le terme initial.<br \/>\nb. En d\u00e9duire l&#8217;expression de <code class=\"katex-inline\"><img loading=\"lazy\" decoding=\"async\" src=\"https:\/\/courscaneri.ovh\/wp-content\/ql-cache\/quicklatex.com-60a4f02dcfe3a87a55c27630d270965a_l3.png\" class=\"ql-img-inline-formula quicklatex-auto-format\" alt=\"&#113;&#95;&#110;\" title=\"Rendered by QuickLaTeX.com\" height=\"12\" width=\"16\" style=\"vertical-align: -4px;\"\/><\/code> en fonction de <code class=\"katex-inline\"><img loading=\"lazy\" decoding=\"async\" src=\"https:\/\/courscaneri.ovh\/wp-content\/ql-cache\/quicklatex.com-ec4217f4fa5fcd92a9edceba0e708cf7_l3.png\" class=\"ql-img-inline-formula quicklatex-auto-format\" alt=\"&#110;\" title=\"Rendered by QuickLaTeX.com\" height=\"8\" width=\"11\" style=\"vertical-align: 0px;\"\/><\/code>.<br \/>\nc. En d\u00e9duire l&#8217;expression de <code class=\"katex-inline\"><img loading=\"lazy\" decoding=\"async\" src=\"https:\/\/courscaneri.ovh\/wp-content\/ql-cache\/quicklatex.com-fbb7c1a26d2bf07eb5bd498d09b924b6_l3.png\" class=\"ql-img-inline-formula quicklatex-auto-format\" alt=\"&#112;&#95;&#110;\" title=\"Rendered by QuickLaTeX.com\" height=\"12\" width=\"18\" style=\"vertical-align: -4px;\"\/><\/code> en fonction de <code class=\"katex-inline\"><img loading=\"lazy\" decoding=\"async\" src=\"https:\/\/courscaneri.ovh\/wp-content\/ql-cache\/quicklatex.com-ec4217f4fa5fcd92a9edceba0e708cf7_l3.png\" class=\"ql-img-inline-formula quicklatex-auto-format\" alt=\"&#110;\" title=\"Rendered by QuickLaTeX.com\" height=\"8\" width=\"11\" style=\"vertical-align: 0px;\"\/><\/code>.<br \/>\nd. D\u00e9terminer <code class=\"katex-inline\"><img loading=\"lazy\" decoding=\"async\" src=\"https:\/\/courscaneri.ovh\/wp-content\/ql-cache\/quicklatex.com-6544b33aa42b2c8c48fed4614ad46c94_l3.png\" class=\"ql-img-inline-formula quicklatex-auto-format\" alt=\"&#92;&#108;&#105;&#109;&#92;&#108;&#105;&#109;&#105;&#116;&#115;&#95;&#123;&#110;&#92;&#116;&#111;&#32;&#43;&#32;&#92;&#105;&#110;&#102;&#116;&#121;&#125;&#112;&#95;&#110;\" title=\"Rendered by QuickLaTeX.com\" height=\"25\" width=\"67\" style=\"vertical-align: -13px;\"\/><\/code>. Interpr\u00e9ter ce r\u00e9sultat.<\/li>\n<\/ol>\n","protected":false},"excerpt":{"rendered":"<p>Lucien, fumeur imp\u00e9nitent, d\u00e9cide d\u2019essayer de ne plus fumer. S\u2019il ne fume pas un jour donn\u00e9, la probabilit\u00e9 qu\u2019il ne fume pas le lendemain est 0,76. Par contre, s\u2019il fume un jour donn\u00e9, la probabilit\u00e9 qu\u2019il ne fume pas le lendemain est 0,36. On note l\u2019\u00e9v\u00e9nement \u00ab\u202fLucien fume\u202fle n-i\u00e8me jour \u00bb et l\u2019\u00e9v\u00e9nement contraire. On [&hellip;]<\/p>\n","protected":false},"author":1,"featured_media":0,"parent":0,"menu_order":2,"comment_status":"closed","ping_status":"closed","template":"","meta":{"footnotes":""},"class_list":["post-780","page","type-page","status-publish","czr-hentry"],"_links":{"self":[{"href":"https:\/\/courscaneri.ovh\/index.php?rest_route=\/wp\/v2\/pages\/780","targetHints":{"allow":["GET"]}}],"collection":[{"href":"https:\/\/courscaneri.ovh\/index.php?rest_route=\/wp\/v2\/pages"}],"about":[{"href":"https:\/\/courscaneri.ovh\/index.php?rest_route=\/wp\/v2\/types\/page"}],"author":[{"embeddable":true,"href":"https:\/\/courscaneri.ovh\/index.php?rest_route=\/wp\/v2\/users\/1"}],"replies":[{"embeddable":true,"href":"https:\/\/courscaneri.ovh\/index.php?rest_route=%2Fwp%2Fv2%2Fcomments&post=780"}],"version-history":[{"count":2,"href":"https:\/\/courscaneri.ovh\/index.php?rest_route=\/wp\/v2\/pages\/780\/revisions"}],"predecessor-version":[{"id":3933,"href":"https:\/\/courscaneri.ovh\/index.php?rest_route=\/wp\/v2\/pages\/780\/revisions\/3933"}],"wp:attachment":[{"href":"https:\/\/courscaneri.ovh\/index.php?rest_route=%2Fwp%2Fv2%2Fmedia&parent=780"}],"curies":[{"name":"wp","href":"https:\/\/api.w.org\/{rel}","templated":true}]}}