{"id":782,"date":"2019-11-02T17:59:37","date_gmt":"2019-11-02T16:59:37","guid":{"rendered":"http:\/\/caneri.gmollet.free.fr\/?page_id=782"},"modified":"2023-09-13T15:53:16","modified_gmt":"2023-09-13T13:53:16","slug":"activite-xii","status":"publish","type":"page","link":"https:\/\/courscaneri.ovh\/?page_id=782","title":{"rendered":"Activit\u00e9 XII &#8211; Calcul vectoriel"},"content":{"rendered":"<h2>I. M\u00e9dianes d&#8217;un triangle<\/h2>\n<ol>\n<li>Tracer une triangle <code class=\"katex-inline\"><img loading=\"lazy\" decoding=\"async\" src=\"https:\/\/courscaneri.ovh\/wp-content\/ql-cache\/quicklatex.com-04fe84c87ba463734b74e667a3a266a6_l3.png\" class=\"ql-img-inline-formula quicklatex-auto-format\" alt=\"&#65;&#66;&#67;\" title=\"Rendered by QuickLaTeX.com\" height=\"13\" width=\"42\" style=\"vertical-align: 0px;\"\/><\/code>. Placer les points <code class=\"katex-inline\"><img loading=\"lazy\" decoding=\"async\" src=\"https:\/\/courscaneri.ovh\/wp-content\/ql-cache\/quicklatex.com-14b16a74c9ddcc6f9be3e94b9c8d8f08_l3.png\" class=\"ql-img-inline-formula quicklatex-auto-format\" alt=\"&#73;\" title=\"Rendered by QuickLaTeX.com\" height=\"12\" width=\"9\" style=\"vertical-align: 0px;\"\/><\/code>, <code class=\"katex-inline\"><img loading=\"lazy\" decoding=\"async\" src=\"https:\/\/courscaneri.ovh\/wp-content\/ql-cache\/quicklatex.com-e16bbea648ba52477baba822f6831dd6_l3.png\" class=\"ql-img-inline-formula quicklatex-auto-format\" alt=\"&#74;\" title=\"Rendered by QuickLaTeX.com\" height=\"12\" width=\"11\" style=\"vertical-align: 0px;\"\/><\/code> et <code class=\"katex-inline\"><img loading=\"lazy\" decoding=\"async\" src=\"https:\/\/courscaneri.ovh\/wp-content\/ql-cache\/quicklatex.com-7fb8d8d37cb2b48aee9e97aee7728d8f_l3.png\" class=\"ql-img-inline-formula quicklatex-auto-format\" alt=\"&#75;\" title=\"Rendered by QuickLaTeX.com\" height=\"12\" width=\"16\" style=\"vertical-align: 0px;\"\/><\/code>, milieux respectifs des c\u00f4t\u00e9s <code class=\"katex-inline\"><img loading=\"lazy\" decoding=\"async\" src=\"https:\/\/courscaneri.ovh\/wp-content\/ql-cache\/quicklatex.com-9387d62be762bd9ef56e825286f4f76f_l3.png\" class=\"ql-img-inline-formula quicklatex-auto-format\" alt=\"&#91;&#66;&#67;&#93;\" title=\"Rendered by QuickLaTeX.com\" height=\"18\" width=\"34\" style=\"vertical-align: -5px;\"\/><\/code>, <code class=\"katex-inline\"><img loading=\"lazy\" decoding=\"async\" src=\"https:\/\/courscaneri.ovh\/wp-content\/ql-cache\/quicklatex.com-0a0e57b19e7556df3cf40e3dd363fe1a_l3.png\" class=\"ql-img-inline-formula quicklatex-auto-format\" alt=\"&#91;&#65;&#67;&#93;\" title=\"Rendered by QuickLaTeX.com\" height=\"18\" width=\"33\" style=\"vertical-align: -5px;\"\/><\/code> et <code class=\"katex-inline\"><img loading=\"lazy\" decoding=\"async\" src=\"https:\/\/courscaneri.ovh\/wp-content\/ql-cache\/quicklatex.com-3eeb420b9fe46d9d1ef0ace9ca142a1f_l3.png\" class=\"ql-img-inline-formula quicklatex-auto-format\" alt=\"&#91;&#65;&#66;&#93;\" title=\"Rendered by QuickLaTeX.com\" height=\"18\" width=\"34\" style=\"vertical-align: -5px;\"\/><\/code>.<\/li>\n<li>Tracer les trois m\u00e9dianes de ce triangle.<\/li>\n<li>Que dire des trois m\u00e9dianes?<\/li>\n<li>Nous allons d\u00e9montrer la conjecture.<br \/>\nSoit <code class=\"katex-inline\"><img loading=\"lazy\" decoding=\"async\" src=\"https:\/\/courscaneri.ovh\/wp-content\/ql-cache\/quicklatex.com-1e40206e25474f738eeb7ca968031abf_l3.png\" class=\"ql-img-inline-formula quicklatex-auto-format\" alt=\"&#71;\" title=\"Rendered by QuickLaTeX.com\" height=\"12\" width=\"14\" style=\"vertical-align: 0px;\"\/><\/code> le point du plan tel que <code class=\"katex-inline\"><img loading=\"lazy\" decoding=\"async\" src=\"https:\/\/courscaneri.ovh\/wp-content\/ql-cache\/quicklatex.com-b3503ecba9e173586aa92f064163280a_l3.png\" class=\"ql-img-inline-formula quicklatex-auto-format\" alt=\"&#92;&#111;&#118;&#101;&#114;&#114;&#105;&#103;&#104;&#116;&#97;&#114;&#114;&#111;&#119;&#123;&#71;&#65;&#125;&#43;&#92;&#111;&#118;&#101;&#114;&#114;&#105;&#103;&#104;&#116;&#97;&#114;&#114;&#111;&#119;&#123;&#71;&#66;&#125;&#43;&#92;&#111;&#118;&#101;&#114;&#114;&#105;&#103;&#104;&#116;&#97;&#114;&#114;&#111;&#119;&#123;&#71;&#67;&#125;&#61;&#92;&#111;&#118;&#101;&#114;&#114;&#105;&#103;&#104;&#116;&#97;&#114;&#114;&#111;&#119;&#123;&#48;&#125;\" title=\"Rendered by QuickLaTeX.com\" height=\"23\" width=\"167\" style=\"vertical-align: -2px;\"\/><\/code>. Ce point <code class=\"katex-inline\"><img loading=\"lazy\" decoding=\"async\" src=\"https:\/\/courscaneri.ovh\/wp-content\/ql-cache\/quicklatex.com-1e40206e25474f738eeb7ca968031abf_l3.png\" class=\"ql-img-inline-formula quicklatex-auto-format\" alt=\"&#71;\" title=\"Rendered by QuickLaTeX.com\" height=\"12\" width=\"14\" style=\"vertical-align: 0px;\"\/><\/code> est appel\u00e9 centre de gravit\u00e9 du triangle.<br \/>\na. D\u00e9montrer que <code class=\"katex-inline\"><img loading=\"lazy\" decoding=\"async\" src=\"https:\/\/courscaneri.ovh\/wp-content\/ql-cache\/quicklatex.com-93dc5b23888dd52525300aa7c5aac178_l3.png\" class=\"ql-img-inline-formula quicklatex-auto-format\" alt=\"&#92;&#111;&#118;&#101;&#114;&#114;&#105;&#103;&#104;&#116;&#97;&#114;&#114;&#111;&#119;&#123;&#65;&#71;&#125;&#61;&#92;&#102;&#114;&#97;&#99;&#123;&#49;&#125;&#123;&#51;&#125;&#92;&#108;&#101;&#102;&#116;&#40;&#92;&#111;&#118;&#101;&#114;&#114;&#105;&#103;&#104;&#116;&#97;&#114;&#114;&#111;&#119;&#123;&#65;&#66;&#125;&#43;&#92;&#111;&#118;&#101;&#114;&#114;&#105;&#103;&#104;&#116;&#97;&#114;&#114;&#111;&#119;&#123;&#65;&#67;&#125;&#92;&#114;&#105;&#103;&#104;&#116;&#41;\" title=\"Rendered by QuickLaTeX.com\" height=\"32\" width=\"160\" style=\"vertical-align: -11px;\"\/><\/code>.<br \/>\nb. En d\u00e9duire que le point <code class=\"katex-inline\"><img loading=\"lazy\" decoding=\"async\" src=\"https:\/\/courscaneri.ovh\/wp-content\/ql-cache\/quicklatex.com-1e40206e25474f738eeb7ca968031abf_l3.png\" class=\"ql-img-inline-formula quicklatex-auto-format\" alt=\"&#71;\" title=\"Rendered by QuickLaTeX.com\" height=\"12\" width=\"14\" style=\"vertical-align: 0px;\"\/><\/code> appartient \u00e0 la m\u00e9diane <code class=\"katex-inline\"><img loading=\"lazy\" decoding=\"async\" src=\"https:\/\/courscaneri.ovh\/wp-content\/ql-cache\/quicklatex.com-13dd8fcfa72ac1c229c82c6201a7e10b_l3.png\" class=\"ql-img-inline-formula quicklatex-auto-format\" alt=\"&#40;&#65;&#73;&#41;\" title=\"Rendered by QuickLaTeX.com\" height=\"19\" width=\"34\" style=\"vertical-align: -5px;\"\/><\/code>.<br \/>\nc. D\u00e9montrer de la m\u00eame fa\u00e7on que le point <code class=\"katex-inline\"><img loading=\"lazy\" decoding=\"async\" src=\"https:\/\/courscaneri.ovh\/wp-content\/ql-cache\/quicklatex.com-1e40206e25474f738eeb7ca968031abf_l3.png\" class=\"ql-img-inline-formula quicklatex-auto-format\" alt=\"&#71;\" title=\"Rendered by QuickLaTeX.com\" height=\"12\" width=\"14\" style=\"vertical-align: 0px;\"\/><\/code> appartient aux m\u00e9dianes <code class=\"katex-inline\"><img loading=\"lazy\" decoding=\"async\" src=\"https:\/\/courscaneri.ovh\/wp-content\/ql-cache\/quicklatex.com-62aa6e90d0fab1ef884f6fc95dd3b74e_l3.png\" class=\"ql-img-inline-formula quicklatex-auto-format\" alt=\"&#40;&#66;&#74;&#41;\" title=\"Rendered by QuickLaTeX.com\" height=\"19\" width=\"38\" style=\"vertical-align: -5px;\"\/><\/code> et <code class=\"katex-inline\"><img loading=\"lazy\" decoding=\"async\" src=\"https:\/\/courscaneri.ovh\/wp-content\/ql-cache\/quicklatex.com-e59d4b43c41fe9b470f239a3f2b19f82_l3.png\" class=\"ql-img-inline-formula quicklatex-auto-format\" alt=\"&#40;&#67;&#75;&#41;\" title=\"Rendered by QuickLaTeX.com\" height=\"19\" width=\"42\" style=\"vertical-align: -5px;\"\/><\/code>.<br \/>\nd. Conclure.<\/li>\n<li>Soit <code class=\"katex-inline\"><img loading=\"lazy\" decoding=\"async\" src=\"https:\/\/courscaneri.ovh\/wp-content\/ql-cache\/quicklatex.com-27d6692c77760dc1111628e74a6d272f_l3.png\" class=\"ql-img-inline-formula quicklatex-auto-format\" alt=\"&#77;\" title=\"Rendered by QuickLaTeX.com\" height=\"12\" width=\"19\" style=\"vertical-align: 0px;\"\/><\/code> un point du plan. D\u00e9montrer que <code class=\"katex-inline\"><img loading=\"lazy\" decoding=\"async\" src=\"https:\/\/courscaneri.ovh\/wp-content\/ql-cache\/quicklatex.com-914aae51f263b9a1b0d6dc9a3cffd72c_l3.png\" class=\"ql-img-inline-formula quicklatex-auto-format\" alt=\"&#92;&#111;&#118;&#101;&#114;&#114;&#105;&#103;&#104;&#116;&#97;&#114;&#114;&#111;&#119;&#123;&#77;&#65;&#125;&#43;&#92;&#111;&#118;&#101;&#114;&#114;&#105;&#103;&#104;&#116;&#97;&#114;&#114;&#111;&#119;&#123;&#77;&#66;&#125;&#43;&#92;&#111;&#118;&#101;&#114;&#114;&#105;&#103;&#104;&#116;&#97;&#114;&#114;&#111;&#119;&#123;&#77;&#67;&#125;&#61;&#51;&#92;&#111;&#118;&#101;&#114;&#114;&#105;&#103;&#104;&#116;&#97;&#114;&#114;&#111;&#119;&#123;&#77;&#71;&#125;\" title=\"Rendered by QuickLaTeX.com\" height=\"23\" width=\"208\" style=\"vertical-align: -2px;\"\/><\/code><\/li>\n<\/ol>\n<h2>II. Droite d&#8217;Euler d&#8217;un triangle<\/h2>\n<p>Soit un triangle <code class=\"katex-inline\"><img loading=\"lazy\" decoding=\"async\" src=\"https:\/\/courscaneri.ovh\/wp-content\/ql-cache\/quicklatex.com-04fe84c87ba463734b74e667a3a266a6_l3.png\" class=\"ql-img-inline-formula quicklatex-auto-format\" alt=\"&#65;&#66;&#67;\" title=\"Rendered by QuickLaTeX.com\" height=\"13\" width=\"42\" style=\"vertical-align: 0px;\"\/><\/code>. Les points <code class=\"katex-inline\"><img loading=\"lazy\" decoding=\"async\" src=\"https:\/\/courscaneri.ovh\/wp-content\/ql-cache\/quicklatex.com-14b16a74c9ddcc6f9be3e94b9c8d8f08_l3.png\" class=\"ql-img-inline-formula quicklatex-auto-format\" alt=\"&#73;\" title=\"Rendered by QuickLaTeX.com\" height=\"12\" width=\"9\" style=\"vertical-align: 0px;\"\/><\/code>, <code class=\"katex-inline\"><img loading=\"lazy\" decoding=\"async\" src=\"https:\/\/courscaneri.ovh\/wp-content\/ql-cache\/quicklatex.com-e16bbea648ba52477baba822f6831dd6_l3.png\" class=\"ql-img-inline-formula quicklatex-auto-format\" alt=\"&#74;\" title=\"Rendered by QuickLaTeX.com\" height=\"12\" width=\"11\" style=\"vertical-align: 0px;\"\/><\/code> et <code class=\"katex-inline\"><img loading=\"lazy\" decoding=\"async\" src=\"https:\/\/courscaneri.ovh\/wp-content\/ql-cache\/quicklatex.com-7fb8d8d37cb2b48aee9e97aee7728d8f_l3.png\" class=\"ql-img-inline-formula quicklatex-auto-format\" alt=\"&#75;\" title=\"Rendered by QuickLaTeX.com\" height=\"12\" width=\"16\" style=\"vertical-align: 0px;\"\/><\/code> sont les milieux respectifs des c\u00f4t\u00e9s <code class=\"katex-inline\"><img loading=\"lazy\" decoding=\"async\" src=\"https:\/\/courscaneri.ovh\/wp-content\/ql-cache\/quicklatex.com-9387d62be762bd9ef56e825286f4f76f_l3.png\" class=\"ql-img-inline-formula quicklatex-auto-format\" alt=\"&#91;&#66;&#67;&#93;\" title=\"Rendered by QuickLaTeX.com\" height=\"18\" width=\"34\" style=\"vertical-align: -5px;\"\/><\/code>, <code class=\"katex-inline\"><img loading=\"lazy\" decoding=\"async\" src=\"https:\/\/courscaneri.ovh\/wp-content\/ql-cache\/quicklatex.com-0a0e57b19e7556df3cf40e3dd363fe1a_l3.png\" class=\"ql-img-inline-formula quicklatex-auto-format\" alt=\"&#91;&#65;&#67;&#93;\" title=\"Rendered by QuickLaTeX.com\" height=\"18\" width=\"33\" style=\"vertical-align: -5px;\"\/><\/code> et <code class=\"katex-inline\"><img loading=\"lazy\" decoding=\"async\" src=\"https:\/\/courscaneri.ovh\/wp-content\/ql-cache\/quicklatex.com-3eeb420b9fe46d9d1ef0ace9ca142a1f_l3.png\" class=\"ql-img-inline-formula quicklatex-auto-format\" alt=\"&#91;&#65;&#66;&#93;\" title=\"Rendered by QuickLaTeX.com\" height=\"18\" width=\"34\" style=\"vertical-align: -5px;\"\/><\/code>. Soient <code class=\"katex-inline\"><img loading=\"lazy\" decoding=\"async\" src=\"https:\/\/courscaneri.ovh\/wp-content\/ql-cache\/quicklatex.com-aec5209436746bf1698d314cb55e66a0_l3.png\" class=\"ql-img-inline-formula quicklatex-auto-format\" alt=\"&#92;&#79;&#109;&#101;&#103;&#97;\" title=\"Rendered by QuickLaTeX.com\" height=\"12\" width=\"12\" style=\"vertical-align: 0px;\"\/><\/code> le centre du cercle circonscrit \u00e0 ce triangle et <code class=\"katex-inline\"><img loading=\"lazy\" decoding=\"async\" src=\"https:\/\/courscaneri.ovh\/wp-content\/ql-cache\/quicklatex.com-1e40206e25474f738eeb7ca968031abf_l3.png\" class=\"ql-img-inline-formula quicklatex-auto-format\" alt=\"&#71;\" title=\"Rendered by QuickLaTeX.com\" height=\"12\" width=\"14\" style=\"vertical-align: 0px;\"\/><\/code> le centre de gravit\u00e9 de ce triangle.<\/p>\n<ol>\n<li>Soit <code class=\"katex-inline\"><img loading=\"lazy\" decoding=\"async\" src=\"https:\/\/courscaneri.ovh\/wp-content\/ql-cache\/quicklatex.com-a7cedbc00aa5531f310166df85e3a9bb_l3.png\" class=\"ql-img-inline-formula quicklatex-auto-format\" alt=\"&#72;\" title=\"Rendered by QuickLaTeX.com\" height=\"12\" width=\"16\" style=\"vertical-align: 0px;\"\/><\/code> le point du plan tel que <code class=\"katex-inline\"><img loading=\"lazy\" decoding=\"async\" src=\"https:\/\/courscaneri.ovh\/wp-content\/ql-cache\/quicklatex.com-2f77bec32caa97c10e1963a330273689_l3.png\" class=\"ql-img-inline-formula quicklatex-auto-format\" alt=\"&#92;&#111;&#118;&#101;&#114;&#114;&#105;&#103;&#104;&#116;&#97;&#114;&#114;&#111;&#119;&#123;&#92;&#79;&#109;&#101;&#103;&#97;&#32;&#65;&#125;&#43;&#92;&#111;&#118;&#101;&#114;&#114;&#105;&#103;&#104;&#116;&#97;&#114;&#114;&#111;&#119;&#123;&#92;&#79;&#109;&#101;&#103;&#97;&#32;&#66;&#125;&#43;&#92;&#111;&#118;&#101;&#114;&#114;&#105;&#103;&#104;&#116;&#97;&#114;&#114;&#111;&#119;&#123;&#92;&#79;&#109;&#101;&#103;&#97;&#32;&#67;&#125;&#61;&#92;&#111;&#118;&#101;&#114;&#114;&#105;&#103;&#104;&#116;&#97;&#114;&#114;&#111;&#119;&#123;&#92;&#79;&#109;&#101;&#103;&#97;&#32;&#72;&#125;\" title=\"Rendered by QuickLaTeX.com\" height=\"23\" width=\"176\" style=\"vertical-align: -2px;\"\/><\/code>.<br \/>\na. D\u00e9montrer que <code class=\"katex-inline\"><img loading=\"lazy\" decoding=\"async\" src=\"https:\/\/courscaneri.ovh\/wp-content\/ql-cache\/quicklatex.com-c9547850efadc03fe2f8ee8e8c856b34_l3.png\" class=\"ql-img-inline-formula quicklatex-auto-format\" alt=\"&#92;&#111;&#118;&#101;&#114;&#114;&#105;&#103;&#104;&#116;&#97;&#114;&#114;&#111;&#119;&#123;&#67;&#72;&#125;&#61;&#50;&#92;&#111;&#118;&#101;&#114;&#114;&#105;&#103;&#104;&#116;&#97;&#114;&#114;&#111;&#119;&#123;&#92;&#79;&#109;&#101;&#103;&#97;&#32;&#75;&#125;\" title=\"Rendered by QuickLaTeX.com\" height=\"21\" width=\"92\" style=\"vertical-align: 0px;\"\/><\/code>.<br \/>\nb. Calculer <code class=\"katex-inline\"><img loading=\"lazy\" decoding=\"async\" src=\"https:\/\/courscaneri.ovh\/wp-content\/ql-cache\/quicklatex.com-87bdd4d887f3d36a508a8154c627029b_l3.png\" class=\"ql-img-inline-formula quicklatex-auto-format\" alt=\"&#92;&#111;&#118;&#101;&#114;&#114;&#105;&#103;&#104;&#116;&#97;&#114;&#114;&#111;&#119;&#123;&#67;&#72;&#125;&#46;&#92;&#111;&#118;&#101;&#114;&#114;&#105;&#103;&#104;&#116;&#97;&#114;&#114;&#111;&#119;&#123;&#65;&#66;&#125;\" title=\"Rendered by QuickLaTeX.com\" height=\"21\" width=\"62\" style=\"vertical-align: 0px;\"\/><\/code>.<br \/>\nc. Que repr\u00e9sente la droite <code class=\"katex-inline\"><img loading=\"lazy\" decoding=\"async\" src=\"https:\/\/courscaneri.ovh\/wp-content\/ql-cache\/quicklatex.com-4cdf893ce3bd185c6432d3320952b4ea_l3.png\" class=\"ql-img-inline-formula quicklatex-auto-format\" alt=\"&#40;&#67;&#72;&#41;\" title=\"Rendered by QuickLaTeX.com\" height=\"19\" width=\"42\" style=\"vertical-align: -5px;\"\/><\/code> pour le triangle <code class=\"katex-inline\"><img loading=\"lazy\" decoding=\"async\" src=\"https:\/\/courscaneri.ovh\/wp-content\/ql-cache\/quicklatex.com-04fe84c87ba463734b74e667a3a266a6_l3.png\" class=\"ql-img-inline-formula quicklatex-auto-format\" alt=\"&#65;&#66;&#67;\" title=\"Rendered by QuickLaTeX.com\" height=\"13\" width=\"42\" style=\"vertical-align: 0px;\"\/><\/code>?<br \/>\nd. De m\u00eame, que repr\u00e9sentent les droites <code class=\"katex-inline\"><img loading=\"lazy\" decoding=\"async\" src=\"https:\/\/courscaneri.ovh\/wp-content\/ql-cache\/quicklatex.com-93e8aadaca5bbbcd9facd4e76dc899c2_l3.png\" class=\"ql-img-inline-formula quicklatex-auto-format\" alt=\"&#40;&#65;&#72;&#41;\" title=\"Rendered by QuickLaTeX.com\" height=\"19\" width=\"41\" style=\"vertical-align: -5px;\"\/><\/code> et <code class=\"katex-inline\"><img loading=\"lazy\" decoding=\"async\" src=\"https:\/\/courscaneri.ovh\/wp-content\/ql-cache\/quicklatex.com-8f98acb29a3b6194c9d1bd8162529f7e_l3.png\" class=\"ql-img-inline-formula quicklatex-auto-format\" alt=\"&#40;&#66;&#72;&#41;\" title=\"Rendered by QuickLaTeX.com\" height=\"19\" width=\"42\" style=\"vertical-align: -5px;\"\/><\/code> pour le triangle <code class=\"katex-inline\"><img loading=\"lazy\" decoding=\"async\" src=\"https:\/\/courscaneri.ovh\/wp-content\/ql-cache\/quicklatex.com-04fe84c87ba463734b74e667a3a266a6_l3.png\" class=\"ql-img-inline-formula quicklatex-auto-format\" alt=\"&#65;&#66;&#67;\" title=\"Rendered by QuickLaTeX.com\" height=\"13\" width=\"42\" style=\"vertical-align: 0px;\"\/><\/code>. Justifier.<br \/>\ne. Que dire des trois hauteurs d&#8217;un triangle?<\/p>\n<p>Le point <code class=\"katex-inline\"><img loading=\"lazy\" decoding=\"async\" src=\"https:\/\/courscaneri.ovh\/wp-content\/ql-cache\/quicklatex.com-a7cedbc00aa5531f310166df85e3a9bb_l3.png\" class=\"ql-img-inline-formula quicklatex-auto-format\" alt=\"&#72;\" title=\"Rendered by QuickLaTeX.com\" height=\"12\" width=\"16\" style=\"vertical-align: 0px;\"\/><\/code> est appel\u00e9 orthocentre du triangle <code class=\"katex-inline\"><img loading=\"lazy\" decoding=\"async\" src=\"https:\/\/courscaneri.ovh\/wp-content\/ql-cache\/quicklatex.com-04fe84c87ba463734b74e667a3a266a6_l3.png\" class=\"ql-img-inline-formula quicklatex-auto-format\" alt=\"&#65;&#66;&#67;\" title=\"Rendered by QuickLaTeX.com\" height=\"13\" width=\"42\" style=\"vertical-align: 0px;\"\/><\/code>.<\/li>\n<li>D\u00e9montrer que les points <code class=\"katex-inline\"><img loading=\"lazy\" decoding=\"async\" src=\"https:\/\/courscaneri.ovh\/wp-content\/ql-cache\/quicklatex.com-aec5209436746bf1698d314cb55e66a0_l3.png\" class=\"ql-img-inline-formula quicklatex-auto-format\" alt=\"&#92;&#79;&#109;&#101;&#103;&#97;\" title=\"Rendered by QuickLaTeX.com\" height=\"12\" width=\"12\" style=\"vertical-align: 0px;\"\/><\/code>, <code class=\"katex-inline\"><img loading=\"lazy\" decoding=\"async\" src=\"https:\/\/courscaneri.ovh\/wp-content\/ql-cache\/quicklatex.com-1e40206e25474f738eeb7ca968031abf_l3.png\" class=\"ql-img-inline-formula quicklatex-auto-format\" alt=\"&#71;\" title=\"Rendered by QuickLaTeX.com\" height=\"12\" width=\"14\" style=\"vertical-align: 0px;\"\/><\/code> et <code class=\"katex-inline\"><img loading=\"lazy\" decoding=\"async\" src=\"https:\/\/courscaneri.ovh\/wp-content\/ql-cache\/quicklatex.com-a7cedbc00aa5531f310166df85e3a9bb_l3.png\" class=\"ql-img-inline-formula quicklatex-auto-format\" alt=\"&#72;\" title=\"Rendered by QuickLaTeX.com\" height=\"12\" width=\"16\" style=\"vertical-align: 0px;\"\/><\/code> sont align\u00e9s.<\/li>\n<\/ol>\n<p>La droite qui passe par le centre de gravit\u00e9, l&#8217;orthocentre et le centre du cercle circonscrit \u00e0 un triangle s&#8217;appelle la droite d&#8217;Euler.<\/p>\n","protected":false},"excerpt":{"rendered":"<p>I. M\u00e9dianes d&#8217;un triangle Tracer une triangle . Placer les points , et , milieux respectifs des c\u00f4t\u00e9s , et . Tracer les trois m\u00e9dianes de ce triangle. Que dire des trois m\u00e9dianes? Nous allons d\u00e9montrer la conjecture. Soit le point du plan tel que . Ce point est appel\u00e9 centre de gravit\u00e9 du triangle. [&hellip;]<\/p>\n","protected":false},"author":1,"featured_media":0,"parent":768,"menu_order":1,"comment_status":"closed","ping_status":"closed","template":"","meta":{"footnotes":""},"class_list":["post-782","page","type-page","status-publish","czr-hentry"],"_links":{"self":[{"href":"https:\/\/courscaneri.ovh\/index.php?rest_route=\/wp\/v2\/pages\/782","targetHints":{"allow":["GET"]}}],"collection":[{"href":"https:\/\/courscaneri.ovh\/index.php?rest_route=\/wp\/v2\/pages"}],"about":[{"href":"https:\/\/courscaneri.ovh\/index.php?rest_route=\/wp\/v2\/types\/page"}],"author":[{"embeddable":true,"href":"https:\/\/courscaneri.ovh\/index.php?rest_route=\/wp\/v2\/users\/1"}],"replies":[{"embeddable":true,"href":"https:\/\/courscaneri.ovh\/index.php?rest_route=%2Fwp%2Fv2%2Fcomments&post=782"}],"version-history":[{"count":2,"href":"https:\/\/courscaneri.ovh\/index.php?rest_route=\/wp\/v2\/pages\/782\/revisions"}],"predecessor-version":[{"id":3935,"href":"https:\/\/courscaneri.ovh\/index.php?rest_route=\/wp\/v2\/pages\/782\/revisions\/3935"}],"up":[{"embeddable":true,"href":"https:\/\/courscaneri.ovh\/index.php?rest_route=\/wp\/v2\/pages\/768"}],"wp:attachment":[{"href":"https:\/\/courscaneri.ovh\/index.php?rest_route=%2Fwp%2Fv2%2Fmedia&parent=782"}],"curies":[{"name":"wp","href":"https:\/\/api.w.org\/{rel}","templated":true}]}}