{"id":912,"date":"2020-06-06T23:59:21","date_gmt":"2020-06-06T21:59:21","guid":{"rendered":"http:\/\/caneri.gmollet.free.fr\/?page_id=912"},"modified":"2023-09-13T16:24:09","modified_gmt":"2023-09-13T14:24:09","slug":"chapitre-iii-composants-integres-dun-systeme-sur-puce","status":"publish","type":"page","link":"https:\/\/courscaneri.ovh\/?page_id=912","title":{"rendered":"Chapitre IV &#8211; Composants int\u00e9gr\u00e9s d&#8217;un syst\u00e8me sur puce"},"content":{"rendered":"<a href=\"https:\/\/courscaneri.ovh\/wp-content\/uploads\/2023\/09\/chapitre-04-soc.pdf\" class=\"pdfemb-viewer\" style=\"\" data-width=\"max\" data-height=\"max\" data-toolbar=\"both\" data-toolbar-fixed=\"off\">chapitre 04 - soc<\/a>\n","protected":false},"excerpt":{"rendered":"","protected":false},"author":1,"featured_media":0,"parent":0,"menu_order":4,"comment_status":"closed","ping_status":"closed","template":"","meta":{"footnotes":""},"class_list":["post-912","page","type-page","status-publish","czr-hentry"],"_links":{"self":[{"href":"https:\/\/courscaneri.ovh\/index.php?rest_route=\/wp\/v2\/pages\/912","targetHints":{"allow":["GET"]}}],"collection":[{"href":"https:\/\/courscaneri.ovh\/index.php?rest_route=\/wp\/v2\/pages"}],"about":[{"href":"https:\/\/courscaneri.ovh\/index.php?rest_route=\/wp\/v2\/types\/page"}],"author":[{"embeddable":true,"href":"https:\/\/courscaneri.ovh\/index.php?rest_route=\/wp\/v2\/users\/1"}],"replies":[{"embeddable":true,"href":"https:\/\/courscaneri.ovh\/index.php?rest_route=%2Fwp%2Fv2%2Fcomments&post=912"}],"version-history":[{"count":1,"href":"https:\/\/courscaneri.ovh\/index.php?rest_route=\/wp\/v2\/pages\/912\/revisions"}],"predecessor-version":[{"id":3973,"href":"https:\/\/courscaneri.ovh\/index.php?rest_route=\/wp\/v2\/pages\/912\/revisions\/3973"}],"wp:attachment":[{"href":"https:\/\/courscaneri.ovh\/index.php?rest_route=%2Fwp%2Fv2%2Fmedia&parent=912"}],"curies":[{"name":"wp","href":"https:\/\/api.w.org\/{rel}","templated":true}]}}