{"id":982,"date":"2020-08-13T22:22:06","date_gmt":"2020-08-13T20:22:06","guid":{"rendered":"http:\/\/caneri.gmollet.free.fr\/?page_id=982"},"modified":"2024-06-18T07:11:19","modified_gmt":"2024-06-18T05:11:19","slug":"enseignement-scientifique","status":"publish","type":"page","link":"https:\/\/courscaneri.ovh\/?page_id=982","title":{"rendered":"Enseignement Scientifique"},"content":{"rendered":"<h4>Terminale g\u00e9n\u00e9rale<\/h4>\n<hr \/>\n<h5>Progression<\/h5>\n<table>\n<thead>\n<tr>\n<th style=\"text-align: center;\">chapitre n\u00b0<\/th>\n<th style=\"text-align: center;\">Cours<\/th>\n<\/tr>\n<\/thead>\n<tbody>\n<tr>\n<td style=\"text-align: center;\">01<\/td>\n<td style=\"text-align: center;\"><a href=\"https:\/\/courscaneri.ovh\/?page_id=986\">Optimisation du transport de l&#8217;\u00e9lectricit\u00e9<\/a><\/td>\n<\/tr>\n<tr>\n<td style=\"text-align: center;\">02<\/td>\n<td style=\"text-align: center;\"><a href=\"https:\/\/courscaneri.ovh\/?page_id=988\">Les mod\u00e8les d\u00e9mographiques &#8211; mod\u00e8les lin\u00e9aires<\/a><\/td>\n<\/tr>\n<tr>\n<td style=\"text-align: center;\">03<\/td>\n<td style=\"text-align: center;\"><a href=\"https:\/\/courscaneri.ovh\/?page_id=990\">Biodiversit\u00e9 et son \u00e9volution<\/a><\/td>\n<\/tr>\n<tr>\n<td style=\"text-align: center;\">04<\/td>\n<td style=\"text-align: center;\"><a href=\"https:\/\/courscaneri.ovh\/?page_id=992\">Les mod\u00e8les d\u00e9mographiques &#8211; mod\u00e8les exponentiels<\/a><\/td>\n<\/tr>\n<tr>\n<td style=\"text-align: center;\">05<\/td>\n<td style=\"text-align: center;\"><a href=\"https:\/\/courscaneri.ovh\/?page_id=994\">Intelligence artificielle<\/a><\/td>\n<\/tr>\n<\/tbody>\n<\/table>\n","protected":false},"excerpt":{"rendered":"<p>Terminale g\u00e9n\u00e9rale Progression chapitre n\u00b0 Cours 01 Optimisation du transport de l&#8217;\u00e9lectricit\u00e9 02 Les mod\u00e8les d\u00e9mographiques &#8211; mod\u00e8les lin\u00e9aires 03 Biodiversit\u00e9 et son \u00e9volution 04 Les mod\u00e8les d\u00e9mographiques &#8211; mod\u00e8les exponentiels 05 Intelligence artificielle<\/p>\n","protected":false},"author":2,"featured_media":0,"parent":201,"menu_order":4,"comment_status":"closed","ping_status":"closed","template":"","meta":{"footnotes":""},"class_list":["post-982","page","type-page","status-publish","czr-hentry"],"_links":{"self":[{"href":"https:\/\/courscaneri.ovh\/index.php?rest_route=\/wp\/v2\/pages\/982","targetHints":{"allow":["GET"]}}],"collection":[{"href":"https:\/\/courscaneri.ovh\/index.php?rest_route=\/wp\/v2\/pages"}],"about":[{"href":"https:\/\/courscaneri.ovh\/index.php?rest_route=\/wp\/v2\/types\/page"}],"author":[{"embeddable":true,"href":"https:\/\/courscaneri.ovh\/index.php?rest_route=\/wp\/v2\/users\/2"}],"replies":[{"embeddable":true,"href":"https:\/\/courscaneri.ovh\/index.php?rest_route=%2Fwp%2Fv2%2Fcomments&post=982"}],"version-history":[{"count":3,"href":"https:\/\/courscaneri.ovh\/index.php?rest_route=\/wp\/v2\/pages\/982\/revisions"}],"predecessor-version":[{"id":4111,"href":"https:\/\/courscaneri.ovh\/index.php?rest_route=\/wp\/v2\/pages\/982\/revisions\/4111"}],"up":[{"embeddable":true,"href":"https:\/\/courscaneri.ovh\/index.php?rest_route=\/wp\/v2\/pages\/201"}],"wp:attachment":[{"href":"https:\/\/courscaneri.ovh\/index.php?rest_route=%2Fwp%2Fv2%2Fmedia&parent=982"}],"curies":[{"name":"wp","href":"https:\/\/api.w.org\/{rel}","templated":true}]}}