{"id":988,"date":"2020-08-13T22:31:53","date_gmt":"2020-08-13T20:31:53","guid":{"rendered":"http:\/\/caneri.gmollet.free.fr\/?page_id=988"},"modified":"2023-09-13T16:31:38","modified_gmt":"2023-09-13T14:31:38","slug":"988-2","status":"publish","type":"page","link":"https:\/\/courscaneri.ovh\/?page_id=988","title":{"rendered":"Chapitre 02 &#8211; Les mod\u00e8les d\u00e9mographiques &#8211; mod\u00e8les lin\u00e9aires"},"content":{"rendered":"<a href=\"https:\/\/courscaneri.ovh\/wp-content\/uploads\/2023\/09\/chapitre-02-Les-modeles-demographiques-modeles-lineaires.pdf\" class=\"pdfemb-viewer\" style=\"\" data-width=\"max\" data-height=\"max\" data-toolbar=\"both\" data-toolbar-fixed=\"off\">chapitre 02 - Les mod\u00e8les d\u00e9mographiques - mod\u00e8les lin\u00e9aires<\/a>\n","protected":false},"excerpt":{"rendered":"","protected":false},"author":1,"featured_media":0,"parent":982,"menu_order":2,"comment_status":"closed","ping_status":"closed","template":"","meta":{"footnotes":""},"class_list":["post-988","page","type-page","status-publish","czr-hentry"],"_links":{"self":[{"href":"https:\/\/courscaneri.ovh\/index.php?rest_route=\/wp\/v2\/pages\/988","targetHints":{"allow":["GET"]}}],"collection":[{"href":"https:\/\/courscaneri.ovh\/index.php?rest_route=\/wp\/v2\/pages"}],"about":[{"href":"https:\/\/courscaneri.ovh\/index.php?rest_route=\/wp\/v2\/types\/page"}],"author":[{"embeddable":true,"href":"https:\/\/courscaneri.ovh\/index.php?rest_route=\/wp\/v2\/users\/1"}],"replies":[{"embeddable":true,"href":"https:\/\/courscaneri.ovh\/index.php?rest_route=%2Fwp%2Fv2%2Fcomments&post=988"}],"version-history":[{"count":1,"href":"https:\/\/courscaneri.ovh\/index.php?rest_route=\/wp\/v2\/pages\/988\/revisions"}],"predecessor-version":[{"id":3989,"href":"https:\/\/courscaneri.ovh\/index.php?rest_route=\/wp\/v2\/pages\/988\/revisions\/3989"}],"up":[{"embeddable":true,"href":"https:\/\/courscaneri.ovh\/index.php?rest_route=\/wp\/v2\/pages\/982"}],"wp:attachment":[{"href":"https:\/\/courscaneri.ovh\/index.php?rest_route=%2Fwp%2Fv2%2Fmedia&parent=988"}],"curies":[{"name":"wp","href":"https:\/\/api.w.org\/{rel}","templated":true}]}}