{"id":992,"date":"2020-08-13T22:33:04","date_gmt":"2020-08-13T20:33:04","guid":{"rendered":"http:\/\/caneri.gmollet.free.fr\/?page_id=992"},"modified":"2023-09-13T16:33:31","modified_gmt":"2023-09-13T14:33:31","slug":"chapitre-04-les-modeles-demographiques-modeles-exponentiels","status":"publish","type":"page","link":"https:\/\/courscaneri.ovh\/?page_id=992","title":{"rendered":"Chapitre 04 &#8211; Les mod\u00e8les d\u00e9mographiques &#8211; mod\u00e8les exponentiels"},"content":{"rendered":"<a href=\"https:\/\/courscaneri.ovh\/wp-content\/uploads\/2023\/09\/chapitre-04-Les-modeles-demographiques-modeles-exponentiels.pdf\" class=\"pdfemb-viewer\" style=\"\" data-width=\"max\" data-height=\"max\" data-toolbar=\"both\" data-toolbar-fixed=\"off\">chapitre 04 - Les mod\u00e8les d\u00e9mographiques - mod\u00e8les exponentiels<\/a>\n","protected":false},"excerpt":{"rendered":"","protected":false},"author":1,"featured_media":0,"parent":982,"menu_order":4,"comment_status":"closed","ping_status":"closed","template":"","meta":{"footnotes":""},"class_list":["post-992","page","type-page","status-publish","czr-hentry"],"_links":{"self":[{"href":"https:\/\/courscaneri.ovh\/index.php?rest_route=\/wp\/v2\/pages\/992","targetHints":{"allow":["GET"]}}],"collection":[{"href":"https:\/\/courscaneri.ovh\/index.php?rest_route=\/wp\/v2\/pages"}],"about":[{"href":"https:\/\/courscaneri.ovh\/index.php?rest_route=\/wp\/v2\/types\/page"}],"author":[{"embeddable":true,"href":"https:\/\/courscaneri.ovh\/index.php?rest_route=\/wp\/v2\/users\/1"}],"replies":[{"embeddable":true,"href":"https:\/\/courscaneri.ovh\/index.php?rest_route=%2Fwp%2Fv2%2Fcomments&post=992"}],"version-history":[{"count":1,"href":"https:\/\/courscaneri.ovh\/index.php?rest_route=\/wp\/v2\/pages\/992\/revisions"}],"predecessor-version":[{"id":3993,"href":"https:\/\/courscaneri.ovh\/index.php?rest_route=\/wp\/v2\/pages\/992\/revisions\/3993"}],"up":[{"embeddable":true,"href":"https:\/\/courscaneri.ovh\/index.php?rest_route=\/wp\/v2\/pages\/982"}],"wp:attachment":[{"href":"https:\/\/courscaneri.ovh\/index.php?rest_route=%2Fwp%2Fv2%2Fmedia&parent=992"}],"curies":[{"name":"wp","href":"https:\/\/api.w.org\/{rel}","templated":true}]}}